{"id":298425,"date":"2025-02-28T13:31:51","date_gmt":"2025-02-28T12:31:51","guid":{"rendered":"https:\/\/alicanteturismo.com\/recommandations-contre-la-caravelle-ou-la-fregate-portugaise-et-la-meduse\/"},"modified":"2025-06-13T10:45:14","modified_gmt":"2025-06-13T08:45:14","slug":"recommandations-contre-la-caravelle-ou-la-fregate-portugaise-et-la-meduse","status":"publish","type":"page","link":"https:\/\/alicanteturismo.com\/fr\/recommandations-contre-la-caravelle-ou-la-fregate-portugaise-et-la-meduse\/","title":{"rendered":"Recommandations contre la caravelle ou la fr\u00e9gate portugaise et la m\u00e9duse"},"content":{"rendered":"\t\t<div data-elementor-type=\"wp-page\" data-elementor-id=\"298425\" class=\"elementor elementor-298425 elementor-298388\" data-elementor-post-type=\"page\">\n\t\t\t\t<div class=\"elementor-element elementor-element-445693d e-con-full e-flex e-con e-parent\" data-id=\"445693d\" data-element_type=\"container\" data-e-type=\"container\" data-settings=\"{&quot;background_background&quot;:&quot;classic&quot;}\">\n\t\t\t\t<\/div>\n\t\t<div class=\"elementor-element elementor-element-39f8016 e-con-full e-flex e-con e-parent\" data-id=\"39f8016\" data-element_type=\"container\" data-e-type=\"container\">\n\t\t<div class=\"elementor-element elementor-element-941a83b e-con-full e-flex e-con e-child\" data-id=\"941a83b\" data-element_type=\"container\" data-e-type=\"container\">\n\t\t\t\t<div class=\"elementor-element elementor-element-945e227 elementor-widget__width-initial elementor-widget elementor-widget-text-editor\" data-id=\"945e227\" data-element_type=\"widget\" data-e-type=\"widget\" data-widget_type=\"text-editor.default\">\n\t\t\t\t<div class=\"elementor-widget-container\">\n\t\t\t\t\t\t\t\t\t<p>La <strong>fr\u00e9gate portugaise, <a href=\"https:\/\/es.wikipedia.org\/wiki\/Physalia_physalis\" target=\"_blank\" rel=\"noopener\">Physalia physalis<\/a>,<\/strong> est une esp\u00e8ce de m\u00e9duse tr\u00e8s dangereuse et le contact avec ses tentacules peut avoir des cons\u00e9quences tr\u00e8s graves en raison de l&rsquo;apparition de sympt\u00f4mes tels que : alt\u00e9rations gastro-intestinales, neurologiques, musculaires et cardio-respiratoires, avec le risque de noyade qui en d\u00e9coule.<\/p>\n<p>Ils peuvent provoquer des br\u00fblures, des douleurs intenses et des lac\u00e9rations de la peau, les tentacules restant souvent attach\u00e9s \u00e0 la peau.<\/p>\n<p>Cette esp\u00e8ce se d\u00e9place au gr\u00e9 des courants de surface et du vent, et son corps, o\u00f9 se trouvent les tentacules, flotte et a la forme d&rsquo;une voile (flotteur). Elle est typique des eaux temp\u00e9r\u00e9es de l&rsquo;Atlantique, mais on l&rsquo;observe aussi occasionnellement dans les eaux m\u00e9diterran\u00e9ennes.<\/p>\n<p><strong>RECOMMANDATIONS POUR LES OBSERVATIONS DE CARAVELLES PORTUGAISES:<\/strong><\/p>\n<ol>\n<li>S&rsquo;il y a des m\u00e9duses ou des caravelles portugaises sur la plage, ne vous baignez pas et restez loin du rivage o\u00f9 il peut y avoir des fragments de l&rsquo;animal.<\/li>\n<li>Si vous \u00eates dans l&rsquo;eau et que vous voyez des m\u00e9duses ou le flotteur de la caravelle, \u00e9loignez-vous et dirigez-vous vers le rivage. Dans le cas de la caravelle, m\u00eame si vous voyez le flotteur au loin, les tentacules \u00e9tendus sont tr\u00e8s longs (il existe des cas allant jusqu&rsquo;\u00e0 30 m\u00e8tres) et peuvent vous toucher.<\/li>\n<li>Si la m\u00e9duse ou la caravelle est hors de l&rsquo;eau (dans le sable, sur les rochers, etc.), ne la touchez pas, m\u00eame si elle est morte, car elle peut lib\u00e9rer du poison.<\/li>\n<li>Suivez toujours les instructions des sauveteurs.<\/li>\n<\/ol>\n\t\t\t\t\t\t\t\t<\/div>\n\t\t\t\t<\/div>\n\t\t\t\t<div class=\"elementor-element elementor-element-ddff27b elementor-widget__width-initial elementor-widget elementor-widget-image\" data-id=\"ddff27b\" data-element_type=\"widget\" data-e-type=\"widget\" data-widget_type=\"image.default\">\n\t\t\t\t<div class=\"elementor-widget-container\">\n\t\t\t\t\t\t\t\t\t\t\t\t\t\t\t<img fetchpriority=\"high\" decoding=\"async\" width=\"2000\" height=\"1333\" src=\"https:\/\/alicanteturismo.com\/wp-content\/uploads\/2025\/02\/medusas.jpg\" class=\"attachment-full size-full wp-image-298393\" alt=\"\" srcset=\"https:\/\/alicanteturismo.com\/wp-content\/uploads\/2025\/02\/medusas.jpg 2000w, https:\/\/alicanteturismo.com\/wp-content\/uploads\/2025\/02\/medusas-300x200.jpg 300w, https:\/\/alicanteturismo.com\/wp-content\/uploads\/2025\/02\/medusas-1024x682.jpg 1024w, https:\/\/alicanteturismo.com\/wp-content\/uploads\/2025\/02\/medusas-768x512.jpg 768w, https:\/\/alicanteturismo.com\/wp-content\/uploads\/2025\/02\/medusas-391x260.jpg 391w, https:\/\/alicanteturismo.com\/wp-content\/uploads\/2025\/02\/medusas-1536x1024.jpg 1536w\" sizes=\"(max-width: 2000px) 100vw, 2000px\" \/>\t\t\t\t\t\t\t\t\t\t\t\t\t\t\t<\/div>\n\t\t\t\t<\/div>\n\t\t\t\t<div class=\"elementor-element elementor-element-9ed0cad elementor-widget__width-initial elementor-widget elementor-widget-text-editor\" data-id=\"9ed0cad\" data-element_type=\"widget\" data-e-type=\"widget\" data-widget_type=\"text-editor.default\">\n\t\t\t\t<div class=\"elementor-widget-container\">\n\t\t\t\t\t\t\t\t\t<p><strong>PROTOCOLE D&rsquo;ACTION EN CAS DE CONTACT AVEC LA CARAVELLE PORTUGAISE<\/strong><\/p>\n<ul>\n<li>Sortir de l&rsquo;eau et se rendre au service de secours. En cas de piq\u00fbre de caravelle, les sympt\u00f4mes suivants peuvent appara\u00eetre : naus\u00e9es, vomissements, vertiges, courbatures, maux de t\u00eate, difficult\u00e9s respiratoires ou malaise g\u00e9n\u00e9ral. Dans ce cas, il est n\u00e9cessaire de se rendre au centre de sant\u00e9 le plus proche ou d&rsquo;appeler le 112.<\/li>\n<li><strong>Retirez les restes de tentacules<\/strong> qui ont pu entrer en contact avec la peau, en \u00e9vitant dans tous les cas de gratter la zone et sans toucher les restes de tentacules directement avec les mains. Retirez les tentacules avec une pince \u00e0 \u00e9piler et des gants ; si vous n&rsquo;en avez pas, faites-le avec le bord d&rsquo;un objet rigide, comme une carte de cr\u00e9dit ou un permis de conduire, pour \u00e9viter tout contact avec vos mains.<\/li>\n<li><strong>Comment neutraliser le poison: <\/strong>\n<ul>\n<li>Ne frottez jamais la zone touch\u00e9e et n&rsquo;utilisez pas de serviettes ou de sable pour nettoyer la plaie, car la pression peut augmenter la lib\u00e9ration du poison.<\/li>\n<li>Lavez la zone touch\u00e9e avec de l&rsquo;eau de mer et v\u00e9rifiez qu&rsquo;il n&rsquo;y a pas de fragments de tentacules dans l&rsquo;eau. Ne lavez jamais la zone avec de l&rsquo;eau douce (le changement de salinit\u00e9 augmente la lib\u00e9ration de venin).<\/li>\n<li>Pour soulager la douleur, appliquez du froid sur la zone \u00e0 l&rsquo;aide d&rsquo;un sac en plastique contenant de la glace (\u00e9vitez le contact direct avec la peau). Laissez-le en place pendant 10 \u00e0 15 minutes, reposez-le pendant 5 minutes, puis remettez-le en place.<\/li>\n<li>N&rsquo;utilisez pas d&rsquo;ammoniaque, de vinaigre ou d&rsquo;urine.<\/li>\n<\/ul>\n<\/li>\n<li>Bien que la douleur disparaisse au bout de deux heures environ, <strong>il convient de consulter un m\u00e9decin<\/strong>, surtout si la douleur est <strong>intense ou associ\u00e9e \u00e0 d&rsquo;autres malaises.<\/strong><\/li>\n<li>La piq\u00fbre d&rsquo;une caravelle portugaise <strong>peut \u00eatre grave, bien que ce soit rarement le cas, en particulier chez<\/strong> <strong>les enfants<\/strong> ou en cas d&rsquo;allergies ant\u00e9rieures.<\/li>\n<li><strong>Ne touchez jamais une caravelle<\/strong>, m\u00eame si elle semble morte sur le rivage. Le poison peut \u00eatre actif jusqu&rsquo;\u00e0 48 heures apr\u00e8s la mort.<\/li>\n<li><strong>Pr\u00e9venez les autorit\u00e9s ou les sauveteurs et avertissez les autres usagers<\/strong> de la zone si vous voyez des sp\u00e9cimens dans l&rsquo;eau ou sur le rivage.<\/li>\n<\/ul>\n\t\t\t\t\t\t\t\t<\/div>\n\t\t\t\t<\/div>\n\t\t\t\t<\/div>\n\t\t\t\t<\/div>\n\t\t\t\t<\/div>\n\t\t","protected":false},"excerpt":{"rendered":"<p>La fr\u00e9gate portugaise, Physalia physalis, est une esp\u00e8ce de m\u00e9duse tr\u00e8s dangereuse et le contact avec ses tentacules peut avoir des cons\u00e9quences tr\u00e8s graves en raison de l&rsquo;apparition de sympt\u00f4mes tels que : alt\u00e9rations gastro-intestinales, neurologiques, musculaires et cardio-respiratoires, avec le risque de noyade qui en d\u00e9coule. Ils peuvent provoquer des br\u00fblures, des douleurs intenses [&hellip;]<\/p>\n","protected":false},"author":1,"featured_media":0,"parent":0,"menu_order":0,"comment_status":"closed","ping_status":"closed","template":"","meta":{"_acf_changed":false,"footnotes":""},"class_list":["post-298425","page","type-page","status-publish","hentry"],"acf":[],"_links":{"self":[{"href":"https:\/\/alicanteturismo.com\/fr\/wp-json\/wp\/v2\/pages\/298425","targetHints":{"allow":["GET"]}}],"collection":[{"href":"https:\/\/alicanteturismo.com\/fr\/wp-json\/wp\/v2\/pages"}],"about":[{"href":"https:\/\/alicanteturismo.com\/fr\/wp-json\/wp\/v2\/types\/page"}],"author":[{"embeddable":true,"href":"https:\/\/alicanteturismo.com\/fr\/wp-json\/wp\/v2\/users\/1"}],"replies":[{"embeddable":true,"href":"https:\/\/alicanteturismo.com\/fr\/wp-json\/wp\/v2\/comments?post=298425"}],"version-history":[{"count":0,"href":"https:\/\/alicanteturismo.com\/fr\/wp-json\/wp\/v2\/pages\/298425\/revisions"}],"wp:attachment":[{"href":"https:\/\/alicanteturismo.com\/fr\/wp-json\/wp\/v2\/media?parent=298425"}],"curies":[{"name":"wp","href":"https:\/\/api.w.org\/{rel}","templated":true}]}}