{"id":284205,"date":"2024-08-19T12:48:34","date_gmt":"2024-08-19T10:48:34","guid":{"rendered":"https:\/\/dev.alicanteturismo.com\/politique-en-matiere-de-cookies\/"},"modified":"2025-01-28T16:12:28","modified_gmt":"2025-01-28T15:12:28","slug":"politique-en-matiere-de-cookies","status":"publish","type":"page","link":"https:\/\/alicanteturismo.com\/fr\/politique-en-matiere-de-cookies\/","title":{"rendered":"Politique en mati\u00e8re de cookies"},"content":{"rendered":"\t\t<div data-elementor-type=\"wp-page\" data-elementor-id=\"284205\" class=\"elementor elementor-284205 elementor-15142\" data-elementor-post-type=\"page\">\n\t\t\t\t<div class=\"elementor-element elementor-element-65e3680 e-con-full e-flex e-con e-parent\" data-id=\"65e3680\" data-element_type=\"container\" data-e-type=\"container\">\n\t\t\t\t<div class=\"elementor-element elementor-element-9dcfdca elementor-widget__width-inherit elementor-widget elementor-widget-heading\" data-id=\"9dcfdca\" data-element_type=\"widget\" data-e-type=\"widget\" data-widget_type=\"heading.default\">\n\t\t\t\t<div class=\"elementor-widget-container\">\n\t\t\t\t\t<h1 class=\"elementor-heading-title elementor-size-default\">Politique en mati\u00e8re de cookies<\/h1>\t\t\t\t<\/div>\n\t\t\t\t<\/div>\n\t\t\t\t<div class=\"elementor-element elementor-element-fe00318 elementor-widget elementor-widget-text-editor\" data-id=\"fe00318\" data-element_type=\"widget\" data-e-type=\"widget\" data-widget_type=\"text-editor.default\">\n\t\t\t\t<div class=\"elementor-widget-container\">\n\t\t\t\t\t\t\t\t\t<p data-wahfont=\"16\"><b>a) Utilisation de cookies et de bugs Web par les sites Web du PATRONATO MUNICIPAL DE TURISMO Y PLAYAS DE ALICANTE<\/b><\/p>\n<p data-wahfont=\"16\"><b>b) Types, objectifs et fonctionnement des cookies<\/b><\/p>\n<p data-wahfont=\"16\"><b>c) Comment d\u00e9sactiver les cookies et les bogues Web dans les principaux navigateurs ?<\/b><\/p>\n<p data-wahfont=\"16\"><b>d) Que se passe-t-il si vous d\u00e9sactivez les cookies ?<\/b><\/p>\n<p data-wahfont=\"16\"><b>a) Utilisation de cookies et de Web Bugs par les sites web du PATRONATO MUNICIPAL DE TURISMO Y PLAYAS DE ALICANTE :<\/b><\/p>\n<p data-wahfont=\"16\">Les sites web du PATRONATO MUNICIPAL DE TURISMO Y PLAYAS DE ALICANTE utilisent des \u00a8Cookies\u00a8, et d&rsquo;autres m\u00e9canismes similaires (ci-apr\u00e8s, Cookies). Les cookies sont des fichiers envoy\u00e9s \u00e0 un navigateur par un serveur web pour enregistrer les activit\u00e9s de l&rsquo;Utilisateur sur un site web sp\u00e9cifique ou sur tous les sites web, applications et\/ou services des sites web du PATRONATO MUNICIPAL DE TURISMO Y PLAYAS DE ALICANTE (ci-apr\u00e8s, les Services). L&rsquo;objectif principal des Cookies est de fournir \u00e0 l&rsquo;Utilisateur un acc\u00e8s plus rapide aux Services s\u00e9lectionn\u00e9s. En outre, les cookies personnalisent les services offerts par les sites web du PATRONATO MUNICIPAL DE TURISMO Y PLAYAS DE ALICANTE, en fournissant et en proposant \u00e0 chaque utilisateur des informations qui l&rsquo;int\u00e9ressent ou qui sont susceptibles de l&rsquo;int\u00e9resser, en fonction de l&rsquo;utilisation qu&rsquo;il fait des services.   <\/p>\n<p data-wahfont=\"16\">Les sites web du PATRONATO MUNICIPAL DE TURISMO Y PLAYAS DE ALICANTE utilisent des cookies pour personnaliser et faciliter au maximum la navigation de l&rsquo;utilisateur. Les cookies sont uniquement associ\u00e9s \u00e0 un utilisateur anonyme et \u00e0 son ordinateur et ne fournissent pas de r\u00e9f\u00e9rences permettant de d\u00e9duire les donn\u00e9es personnelles de l&rsquo;utilisateur. L&rsquo;utilisateur peut configurer son navigateur pour qu&rsquo;il signale et refuse l&rsquo;installation de cookies envoy\u00e9s par les sites web du PATRONATO MUNICIPAL DE TURISMO Y PLAYAS DE ALICANTE, sans que cela n&rsquo;affecte la possibilit\u00e9 pour l&rsquo;utilisateur d&rsquo;acc\u00e9der aux contenus. Cependant, nous vous signalons que, dans tous les cas, la qualit\u00e9 du fonctionnement du site web peut \u00eatre r\u00e9duite.   <\/p>\n<p data-wahfont=\"16\">Les utilisateurs enregistr\u00e9s qui s&rsquo;inscrivent ou qui se sont connect\u00e9s pourront b\u00e9n\u00e9ficier de services plus personnalis\u00e9s et adapt\u00e9s \u00e0 leur profil, gr\u00e2ce \u00e0 la combinaison des donn\u00e9es stock\u00e9es dans les cookies avec les donn\u00e9es personnelles utilis\u00e9es lors de leur inscription. Ces utilisateurs autorisent express\u00e9ment l&rsquo;utilisation de ces informations aux fins susmentionn\u00e9es, sans pr\u00e9judice de leur droit de refuser ou de d\u00e9sactiver l&rsquo;utilisation des cookies. <\/p>\n<p data-wahfont=\"16\">De m\u00eame, les sites web du PATRONATO MUNICIPAL DE TURISMO Y PLAYAS DE ALICANTE peuvent conna\u00eetre tous les services du Patronat municipal de tourisme et de loisirs d&rsquo;Alicante demand\u00e9s par les utilisateurs, afin de fournir ou d&rsquo;offrir des informations adapt\u00e9es aux go\u00fbts et aux pr\u00e9f\u00e9rences de chaque utilisateur.<\/p>\n<p data-wahfont=\"16\">Le PATRONATO MUNICIPAL DE TURISMO Y PLAYAS DE ALICANTE utilise \u00e9galement des Web Bugs, qui sont de minuscules images transparentes ins\u00e9r\u00e9es dans les courriers \u00e9lectroniques. Lorsque l&rsquo;utilisateur ouvre le courrier \u00e9lectronique, cette image est t\u00e9l\u00e9charg\u00e9e avec le reste du contenu du courrier \u00e9lectronique et permet \u00e0 l&rsquo;utilisateur de savoir si un courrier \u00e9lectronique sp\u00e9cifique a \u00e9t\u00e9 ouvert ou non, ainsi que l&rsquo;adresse IP \u00e0 partir de laquelle il a \u00e9t\u00e9 t\u00e9l\u00e9charg\u00e9. Les sites web du PATRONATO MUNICIPAL DE TURISMO Y PLAYAS DE ALICANTE utilisent ces informations pour obtenir des statistiques et r\u00e9aliser des \u00e9tudes analytiques sur la r\u00e9ception de ses courriers \u00e9lectroniques par les utilisateurs.  <\/p>\n<p data-wahfont=\"16\"><b>b) Types, objectifs et fonctionnement des cookies :<\/b><\/p>\n<p data-wahfont=\"16\">Les cookies, en fonction de leur permanence, peuvent \u00eatre divis\u00e9s en cookies de session ou permanents. Les premiers expirent lorsque l&rsquo;utilisateur ferme son navigateur. Les seconds expirent lorsque l&rsquo;objectif pour lequel ils sont utilis\u00e9s est atteint (par exemple, pour que l&rsquo;utilisateur reste identifi\u00e9 dans les services de l&rsquo;office municipal du tourisme et des plages d&rsquo;Alicante) ou lorsqu&rsquo;ils sont supprim\u00e9s manuellement.  <\/p>\n<p data-wahfont=\"16\">En outre, en fonction de leur finalit\u00e9, les cookies peuvent \u00eatre class\u00e9s comme suit :<\/p>\n<p data-wahfont=\"16\">COOKIES DE PERFORMANCE : Ce type de cookie m\u00e9morise vos pr\u00e9f\u00e9rences pour les outils contenus dans les services, de sorte que vous n&rsquo;ayez pas \u00e0 reconfigurer le service \u00e0 chaque fois que vous le visitez. \u00c0 titre d&rsquo;exemple, ce type de cookie comprend : <\/p>\n<ul>\n<li>Param\u00e8tres de volume des lecteurs vid\u00e9o ou audio.<\/li>\n<li>Des d\u00e9bits vid\u00e9o compatibles avec votre navigateur.<\/li>\n<li>Les objets g\u00e9olocalis\u00e9s sont ceux qui correspondent le mieux \u00e0 l&#8217;emplacement de l&rsquo;utilisateur.<span data-wahfont=\"16\"> <\/span><\/li>\n<\/ul>\n<p data-wahfont=\"16\">COOKIES DE LOCALISATION GEOGRAPHIQUE : Ces cookies sont utilis\u00e9s pour d\u00e9terminer le pays dans lequel vous vous trouvez lorsque vous demandez un service. Ce cookie est totalement anonyme et n&rsquo;est utilis\u00e9 que pour aider \u00e0 cibler le contenu en fonction de votre localisation en affichant le site web dans la langue disponible la plus appropri\u00e9e. <\/p>\n<p data-wahfont=\"16\">COOKIES D&rsquo;ENREGISTREMENT : les cookies d&rsquo;enregistrement sont g\u00e9n\u00e9r\u00e9s une fois que l&rsquo;utilisateur s&rsquo;est enregistr\u00e9 ou connect\u00e9 par la suite, et sont utilis\u00e9s pour identifier l&rsquo;utilisateur dans les services aux fins suivantes :<\/p>\n<ul>\n<li>Maintenir l&rsquo;identification de l&rsquo;utilisateur de sorte que, s&rsquo;il ferme un service, le navigateur ou l&rsquo;ordinateur et qu&rsquo;il entre \u00e0 nouveau dans ce service \u00e0 un autre moment ou un autre jour, il continuera \u00e0 \u00eatre identifi\u00e9, facilitant ainsi sa navigation sans avoir \u00e0 s&rsquo;identifier \u00e0 nouveau. Cette fonctionnalit\u00e9 peut \u00eatre supprim\u00e9e si l&rsquo;utilisateur clique sur la fonction \u00ab\u00a0fermer la session\u00a0\u00bb, de sorte que ce cookie est supprim\u00e9 et que la prochaine fois que l&rsquo;utilisateur acc\u00e8de au service, il devra se connecter pour \u00eatre identifi\u00e9. <\/li>\n<\/ul>\n<ul>\n<li>V\u00e9rifier si l&rsquo;utilisateur est autoris\u00e9 \u00e0 acc\u00e9der \u00e0 certains services, par exemple pour participer \u00e0 un concours ou pour acc\u00e9der \u00e0 des zones d&rsquo;administration.<\/li>\n<\/ul>\n<p data-wahfont=\"16\">En outre, certains services peuvent utiliser des connecteurs avec des r\u00e9seaux sociaux tels que Facebook ou Twitter. Lorsque l&rsquo;utilisateur s&rsquo;inscrit \u00e0 un service avec des informations d&rsquo;identification provenant d&rsquo;un r\u00e9seau social, il autorise le r\u00e9seau social \u00e0 stocker un cookie persistant qui se souvient de son identit\u00e9 et lui donne acc\u00e8s aux services jusqu&rsquo;\u00e0 ce qu&rsquo;il expire. L&rsquo;utilisateur peut supprimer ce cookie et r\u00e9voquer l&rsquo;acc\u00e8s aux services via les r\u00e9seaux sociaux en mettant \u00e0 jour ses pr\u00e9f\u00e9rences sur le r\u00e9seau social concern\u00e9.  <\/p>\n<p data-wahfont=\"16\">COOKIES ANALYTIQUES : Chaque fois qu&rsquo;un utilisateur visite un service, un outil d&rsquo;un fournisseur externe (Omniture, Netscope, Comscore et similaires qui peuvent \u00eatre ajout\u00e9s \u00e0 cette liste dans le cas o\u00f9 ils varient par rapport aux actuels) g\u00e9n\u00e8re un Cookie analytique dans l&rsquo;ordinateur de l&rsquo;utilisateur. Ce cookie, qui n&rsquo;est g\u00e9n\u00e9r\u00e9 que pendant la visite, sera utilis\u00e9 lors des visites ult\u00e9rieures des services de l&rsquo;Office municipal du tourisme et des plages d&rsquo;Alicante pour identifier le visiteur de mani\u00e8re anonyme. Les principaux objectifs poursuivis sont les suivants :  <\/p>\n<ul>\n<li>Permettre l&rsquo;identification anonyme des utilisateurs de la navigation par le biais de \u00ab\u00a0cookies\u00a0\u00bb (qui identifient les navigateurs et les appareils, mais pas les personnes) et donc le comptage approximatif du nombre de visiteurs et de leur \u00e9volution dans le temps.<\/li>\n<li>Identifier de mani\u00e8re anonyme les contenus les plus visit\u00e9s et donc les plus attractifs pour les utilisateurs.<\/li>\n<li>Savoir si l&rsquo;utilisateur qui acc\u00e8de au site est un nouveau visiteur ou un visiteur r\u00e9gulier.<\/li>\n<\/ul>\n<p data-wahfont=\"16\">Important : \u00e0 moins que l&rsquo;utilisateur ne d\u00e9cide de s&rsquo;inscrire \u00e0 un service de l&rsquo;Office municipal du tourisme et des plages d&rsquo;Alicante, le \u00a0\u00bb cookie \u00a0\u00bb ne sera jamais associ\u00e9 \u00e0 des donn\u00e9es personnelles permettant de l&rsquo;identifier. Ces cookies ne seront utilis\u00e9s qu&rsquo;\u00e0 des fins statistiques pour aider \u00e0 optimiser l&rsquo;exp\u00e9rience de l&rsquo;utilisateur sur le site. <\/p>\n<p data-wahfont=\"16\"><span data-wahfont=\"16\">COOKIES DE TIERS : Outre les publications g\u00e9r\u00e9es par les sites Web du PATRONATO MUNICIPAL DE TURISMO Y PLAYAS DE ALICANTE dans ses Services, les sites Web du PATRONATO MUNICIPAL DE TURISMO Y PLAYAS DE ALICANTE offrent des services par l&rsquo;interm\u00e9diaire de tiers. Ainsi, ces tiers peuvent stocker les cookies envoy\u00e9s par les services du PATRONATO MUNICIPAL DE TURISMO Y PLAYAS DE ALICANTE \u00e0 partir des navigateurs des utilisateurs, ainsi qu&rsquo;acc\u00e9der aux donn\u00e9es qui y sont stock\u00e9es. <\/span><\/p>\n<p data-wahfont=\"16\">Les entreprises qui g\u00e9n\u00e8rent ces cookies ont leur propre politique de confidentialit\u00e9. Actuellement, les sites web du PATRONATO MUNICIPAL DE TURISMO Y PLAYAS DE ALICANTE utilisent la plateforme Google maps (Google) pour g\u00e9rer ces services. Pour plus d&rsquo;informations, consultez le site<a role=\"link\" href=\"http:\/\/www.google.com\/maps\/about\/behind-the-scenes\/streetview\/privacy\/\" data-wahfont=\"16\" target=\"_blank\" rel=\"noopener\"> http:\/\/www.google.com\/maps\/about\/behind-the-scenes\/streetview\/privacy\/<\/a>  <\/p>\n<p data-wahfont=\"16\"><b>c) Comment d\u00e9sactiver les cookies et les Web Bugs dans les principaux navigateurs :<\/b><\/p>\n<p data-wahfont=\"16\">Il est g\u00e9n\u00e9ralement possible d&rsquo;arr\u00eater d&rsquo;accepter les cookies du navigateur, ou d&rsquo;arr\u00eater d&rsquo;accepter les cookies d&rsquo;un service particulier.<\/p>\n<p data-wahfont=\"16\">Tous les navigateurs modernes vous permettent de modifier les param\u00e8tres de vos cookies. Ces param\u00e8tres se trouvent g\u00e9n\u00e9ralement dans le menu \u00ab\u00a0options\u00a0\u00bb ou \u00ab\u00a0pr\u00e9f\u00e9rences\u00a0\u00bb de votre navigateur. Vous pouvez \u00e9galement configurer votre navigateur ou votre gestionnaire de courrier \u00e9lectronique, ainsi qu&rsquo;installer des plug-ins gratuits pour emp\u00eacher le t\u00e9l\u00e9chargement de Web Bugs lorsque vous ouvrez un courrier \u00e9lectronique.  <\/p>\n<p data-wahfont=\"16\">Les sites web du PATRONATO MUNICIPAL DE TURISMO Y PLAYAS DE ALICANTE offrent \u00e0 l&rsquo;utilisateur des conseils pour acc\u00e9der au menu de configuration des cookies et, le cas \u00e9ch\u00e9ant, \u00e0 la navigation priv\u00e9e dans chacun des principaux navigateurs :<\/p>\n<ul>\n<li>&gt;&gt;&gt; I<b>nternet Explorer<\/b>: Outils &#8211; Options Internet &#8211; Confidentialit\u00e9 &#8211; Param\u00e8tres.<\/li>\n<\/ul>\n<p data-wahfont=\"16\">Pour plus d&rsquo;informations, vous pouvez consulter le <a role=\"link\" href=\"http:\/\/windows.microsoft.com\/es-ES\/windows\/support\" data-wahfont=\"16\" target=\"_blank\" rel=\"noopener\">support Microsoft<\/a> ou l&rsquo;aide du navigateur.<\/p>\n<ul>\n<li>&gt;&gt;&gt;&gt; F<b>irefox<\/b>: Outils &#8211; Options &#8211; Confidentialit\u00e9 &#8211; Historique &#8211; Param\u00e8tres personnalis\u00e9s.<\/li>\n<\/ul>\n<p data-wahfont=\"16\">Pour plus d&rsquo;informations, vous pouvez consulter le <a role=\"link\" href=\"http:\/\/support.mozilla.org\/es\/home\" data-wahfont=\"16\" target=\"_blank\" rel=\"noopener\">support Mozilla<\/a> ou l&rsquo;aide du navigateur.<\/p>\n<ul>\n<li>&gt;&gt;&gt; C<b>hrome<\/b>: Param\u00e8tres &#8211; Afficher les options avanc\u00e9es &#8211; Confidentialit\u00e9 &#8211; Param\u00e8tres de contenu.<\/li>\n<\/ul>\n<p data-wahfont=\"16\">Pour plus d&rsquo;informations, vous pouvez consulter l&rsquo;<a role=\"link\" href=\"http:\/\/support.google.com\/chrome\/?hl=es\" data-wahfont=\"16\" target=\"_blank\" rel=\"noopener\">assistance de Google<\/a> ou l&rsquo;aide du navigateur.<\/p>\n<ul>\n<li>&gt; S<b>afari<\/b>: Pr\u00e9f\u00e9rences &#8211; S\u00e9curit\u00e9.<\/li>\n<\/ul>\n<p data-wahfont=\"16\">Pour plus d&rsquo;informations, vous pouvez consulter l&rsquo;<a role=\"link\" href=\"http:\/\/www.apple.com\/es\/support\/safari\/\" data-wahfont=\"16\" target=\"_blank\" rel=\"noopener\">assistance Apple<\/a> ou l&rsquo;aide du navigateur.<\/p>\n<p data-wahfont=\"16\"><b>d) Que se passe-t-il si les cookies sont d\u00e9sactiv\u00e9s ?<\/b><\/p>\n<p data-wahfont=\"16\">Certaines fonctionnalit\u00e9s des services seront d\u00e9sactiv\u00e9es, comme, par exemple, le fait de rester connect\u00e9, de conserver les achats dans le \u00ab\u00a0panier\u00a0\u00bb d&rsquo;un service de commerce \u00e9lectronique, de recevoir des informations en fonction de votre localisation ou de visionner certaines vid\u00e9os.<\/p>\n<p data-wahfont=\"16\"><b>LES MISES \u00c0 JOUR ET LES MODIFICATIONS DE LA POLITIQUE EN MATI\u00c8RE DE PROTECTION DE LA VIE PRIV\u00c9E ET DE COOKIES :<\/b><\/p>\n<p data-wahfont=\"16\">Les sites Web du PATRONATO MUNICIPAL DE TURISMO Y PLAYAS DE ALICANTE peuvent modifier cette politique de cookies conform\u00e9ment aux exigences l\u00e9gislatives ou r\u00e9glementaires, ou afin d&rsquo;adapter ladite politique aux instructions \u00e9mises par l&rsquo;Agence espagnole de protection des donn\u00e9es, raison pour laquelle il est conseill\u00e9 aux utilisateurs de la consulter p\u00e9riodiquement.<\/p>\n<p data-wahfont=\"16\">Lorsque des modifications importantes sont apport\u00e9es \u00e0 la pr\u00e9sente politique en mati\u00e8re de cookies, elles sont communiqu\u00e9es aux utilisateurs par le biais du site web ou par courrier \u00e9lectronique aux utilisateurs enregistr\u00e9s.<\/p>\n\t\t\t\t\t\t\t\t<\/div>\n\t\t\t\t<\/div>\n\t\t\t\t<\/div>\n\t\t\t\t<\/div>\n\t\t","protected":false},"excerpt":{"rendered":"<p>Politique en mati\u00e8re de cookies a) Utilisation de cookies et de bugs Web par les sites Web du PATRONATO MUNICIPAL DE TURISMO Y PLAYAS DE ALICANTE b) Types, objectifs et fonctionnement des cookies c) Comment d\u00e9sactiver les cookies et les bogues Web dans les principaux navigateurs ? d) Que se passe-t-il si vous d\u00e9sactivez les [&hellip;]<\/p>\n","protected":false},"author":1,"featured_media":0,"parent":0,"menu_order":0,"comment_status":"closed","ping_status":"closed","template":"","meta":{"_acf_changed":false,"footnotes":""},"class_list":["post-284205","page","type-page","status-publish","hentry"],"acf":[],"_links":{"self":[{"href":"https:\/\/alicanteturismo.com\/fr\/wp-json\/wp\/v2\/pages\/284205","targetHints":{"allow":["GET"]}}],"collection":[{"href":"https:\/\/alicanteturismo.com\/fr\/wp-json\/wp\/v2\/pages"}],"about":[{"href":"https:\/\/alicanteturismo.com\/fr\/wp-json\/wp\/v2\/types\/page"}],"author":[{"embeddable":true,"href":"https:\/\/alicanteturismo.com\/fr\/wp-json\/wp\/v2\/users\/1"}],"replies":[{"embeddable":true,"href":"https:\/\/alicanteturismo.com\/fr\/wp-json\/wp\/v2\/comments?post=284205"}],"version-history":[{"count":0,"href":"https:\/\/alicanteturismo.com\/fr\/wp-json\/wp\/v2\/pages\/284205\/revisions"}],"wp:attachment":[{"href":"https:\/\/alicanteturismo.com\/fr\/wp-json\/wp\/v2\/media?parent=284205"}],"curies":[{"name":"wp","href":"https:\/\/api.w.org\/{rel}","templated":true}]}}