{"id":284036,"date":"2024-08-26T10:22:55","date_gmt":"2024-08-26T08:22:55","guid":{"rendered":"https:\/\/dev.alicanteturismo.com\/recettes-dalicante\/"},"modified":"2024-11-18T13:42:36","modified_gmt":"2024-11-18T12:42:36","slug":"recettes-dalicante","status":"publish","type":"page","link":"https:\/\/alicanteturismo.com\/fr\/recettes-dalicante\/","title":{"rendered":"Recettes d&rsquo;Alicante"},"content":{"rendered":"\t\t<div data-elementor-type=\"wp-page\" data-elementor-id=\"284036\" class=\"elementor elementor-284036 elementor-17363\" data-elementor-post-type=\"page\">\n\t\t\t\t<div class=\"elementor-element elementor-element-2cd4dc0 e-con-full e-flex e-con e-parent\" data-id=\"2cd4dc0\" data-element_type=\"container\" data-e-type=\"container\" data-settings=\"{&quot;background_background&quot;:&quot;classic&quot;}\">\n\t\t<div class=\"elementor-element elementor-element-4a26526 e-con-full e-flex e-con e-child\" data-id=\"4a26526\" data-element_type=\"container\" data-e-type=\"container\">\n\t\t\t\t<div class=\"elementor-element elementor-element-1254d4f elementor-widget elementor-widget-heading\" data-id=\"1254d4f\" data-element_type=\"widget\" data-e-type=\"widget\" data-widget_type=\"heading.default\">\n\t\t\t\t<div class=\"elementor-widget-container\">\n\t\t\t\t\t<h1 class=\"elementor-heading-title elementor-size-default\">Recettes d&rsquo;Alicante<\/h1>\t\t\t\t<\/div>\n\t\t\t\t<\/div>\n\t\t\t\t<\/div>\n\t\t\t\t<\/div>\n\t\t<div class=\"elementor-element elementor-element-e59c63b e-flex e-con-boxed e-con e-parent\" data-id=\"e59c63b\" data-element_type=\"container\" data-e-type=\"container\">\n\t\t\t\t\t<div class=\"e-con-inner\">\n\t\t\t\t<div class=\"elementor-element elementor-element-5fe0f94 elementor-widget elementor-widget-text-editor\" data-id=\"5fe0f94\" data-element_type=\"widget\" data-e-type=\"widget\" data-widget_type=\"text-editor.default\">\n\t\t\t\t<div class=\"elementor-widget-container\">\n\t\t\t\t\t\t\t\t\t<p>La gastronomie d&rsquo;Alicante est le reflet de sa riche histoire et de son lien avec la mer M\u00e9diterran\u00e9e. Chaque recette d&rsquo;Alicante est un hommage aux produits frais et \u00e0 la tradition, fusionnant des saveurs qui ravissent tous ceux qui les go\u00fbtent. Des c\u00e9l\u00e8bres<b> plats de riz<\/b> aux <b>rago\u00fbts de fruits de mer <\/b>, en passant par les<b> sucreries<\/b> les plus embl\u00e9matiques, les plats d&rsquo;Alicante ont une personnalit\u00e9 unique, marqu\u00e9e par une grande vari\u00e9t\u00e9 de saveurs.  <\/p>\n\t\t\t\t\t\t\t\t<\/div>\n\t\t\t\t<\/div>\n\t\t<div class=\"elementor-element elementor-element-c434ff7 e-con-full e-flex e-con e-child\" data-id=\"c434ff7\" data-element_type=\"container\" data-e-type=\"container\">\n\t\t\t\t<div class=\"elementor-element elementor-element-13d4d60 elementor-position-inline-start elementor-mobile-position-inline-start elementor-view-default elementor-widget elementor-widget-icon-box\" data-id=\"13d4d60\" data-element_type=\"widget\" data-e-type=\"widget\" data-widget_type=\"icon-box.default\">\n\t\t\t\t<div class=\"elementor-widget-container\">\n\t\t\t\t\t\t\t<div class=\"elementor-icon-box-wrapper\">\n\n\t\t\t\t\t\t<div class=\"elementor-icon-box-icon\">\n\t\t\t\t<span  class=\"elementor-icon\">\n\t\t\t\t<svg xmlns=\"http:\/\/www.w3.org\/2000\/svg\" xmlns:xlink=\"http:\/\/www.w3.org\/1999\/xlink\" width=\"512\" height=\"512\" x=\"0\" y=\"0\" viewBox=\"0 0 64 64\" style=\"enable-background:new 0 0 512 512\" xml:space=\"preserve\" class=\"\"><g><path d=\"M48 51H17a1 1 0 0 1 0-2h31a1 1 0 0 1 0 2zm-19 2H19v8a1 1 0 0 0 1.707.707L24 58.414l3.293 3.293A1 1 0 0 0 29 61zM54 6v46a3.999 3.999 0 0 1-4 4H31v-2h19a2.006 2.006 0 0 0 2-2v-6H16a4 4 0 0 0 0 8h1v2h-1a6.005 6.005 0 0 1-6-6V8a6.005 6.005 0 0 1 6-6h34a3.999 3.999 0 0 1 4 4zM18 21a5.983 5.983 0 0 0 3.753 5.559l1.247.505V31h18v-3.936l1.247-.505a5.993 5.993 0 0 0-2.21-11.552 6.044 6.044 0 0 0-.805.055l-1.341.18-.666-1.179a5.987 5.987 0 0 0-10.45 0l-.666 1.178-1.34-.18A5.963 5.963 0 0 0 18 21zm23 15v-3H23v3a1.001 1.001 0 0 0 1 1h16a1.001 1.001 0 0 0 1-1z\" data-name=\"35-Recipe Book\" fill=\"#00adbb\" opacity=\"1\" data-original=\"#000000\" class=\"\"><\/path><\/g><\/svg>\t\t\t\t<\/span>\n\t\t\t<\/div>\n\t\t\t\n\t\t\t\t\t\t<div class=\"elementor-icon-box-content\">\n\n\t\t\t\t\t\t\t\t\t<h2 class=\"elementor-icon-box-title\">\n\t\t\t\t\t\t<span  >\n\t\t\t\t\t\t\tRecettes\t\t\t\t\t\t<\/span>\n\t\t\t\t\t<\/h2>\n\t\t\t\t\n\t\t\t\t\n\t\t\t<\/div>\n\t\t\t\n\t\t<\/div>\n\t\t\t\t\t\t<\/div>\n\t\t\t\t<\/div>\n\t\t\t\t<div class=\"elementor-element elementor-element-5313fc6 elementor-widget elementor-widget-text-editor\" data-id=\"5313fc6\" data-element_type=\"widget\" data-e-type=\"widget\" data-widget_type=\"text-editor.default\">\n\t\t\t\t<div class=\"elementor-widget-container\">\n\t\t\t\t\t\t\t\t\t<p>Il s&rsquo;agit des recettes les plus authentiques d&rsquo;Alicante : gr\u00e2ce \u00e0 elles, vous d\u00e9couvrirez comment pr\u00e9parer des plats embl\u00e9matiques tels que l&rsquo;arroz a banda, l&rsquo;olleta alicantina ou le turr\u00f3n. Osez savourer Alicante dans votre cuisine et laissez-vous surprendre par les ar\u00f4mes et les saveurs m\u00e9diterran\u00e9ennes les plus traditionnelles. <\/p>\n\t\t\t\t\t\t\t\t<\/div>\n\t\t\t\t<\/div>\n\t\t\t\t<div class=\"elementor-element elementor-element-4f3692a elementor-grid-4 elementor-grid-mobile-2 elementor-grid-tablet-2 elementor-widget elementor-widget-loop-grid\" data-id=\"4f3692a\" data-element_type=\"widget\" data-e-type=\"widget\" data-settings=\"{&quot;template_id&quot;:285054,&quot;columns&quot;:4,&quot;columns_mobile&quot;:2,&quot;_skin&quot;:&quot;post&quot;,&quot;columns_tablet&quot;:&quot;2&quot;,&quot;edit_handle_selector&quot;:&quot;[data-elementor-type=\\&quot;loop-item\\&quot;]&quot;,&quot;row_gap&quot;:{&quot;unit&quot;:&quot;px&quot;,&quot;size&quot;:&quot;&quot;,&quot;sizes&quot;:[]},&quot;row_gap_widescreen&quot;:{&quot;unit&quot;:&quot;px&quot;,&quot;size&quot;:&quot;&quot;,&quot;sizes&quot;:[]},&quot;row_gap_laptop&quot;:{&quot;unit&quot;:&quot;px&quot;,&quot;size&quot;:&quot;&quot;,&quot;sizes&quot;:[]},&quot;row_gap_tablet_extra&quot;:{&quot;unit&quot;:&quot;px&quot;,&quot;size&quot;:&quot;&quot;,&quot;sizes&quot;:[]},&quot;row_gap_tablet&quot;:{&quot;unit&quot;:&quot;px&quot;,&quot;size&quot;:&quot;&quot;,&quot;sizes&quot;:[]},&quot;row_gap_mobile_extra&quot;:{&quot;unit&quot;:&quot;px&quot;,&quot;size&quot;:&quot;&quot;,&quot;sizes&quot;:[]},&quot;row_gap_mobile&quot;:{&quot;unit&quot;:&quot;px&quot;,&quot;size&quot;:&quot;&quot;,&quot;sizes&quot;:[]}}\" data-widget_type=\"loop-grid.post\">\n\t\t\t\t<div class=\"elementor-widget-container\">\n\t\t\t\t\t\t\t<div class=\"e-loop-nothing-found-message\">\n\t\t<\/div>\n\t\t\t\t\t\t<\/div>\n\t\t\t\t<\/div>\n\t\t\t\t<\/div>\n\t\t\t\t<div class=\"elementor-element elementor-element-7b74824 elementor-widget elementor-widget-button\" data-id=\"7b74824\" data-element_type=\"widget\" data-e-type=\"widget\" data-widget_type=\"button.default\">\n\t\t\t\t<div class=\"elementor-widget-container\">\n\t\t\t\t\t\t\t\t\t<div class=\"elementor-button-wrapper\">\n\t\t\t\t\t<a class=\"elementor-button elementor-button-link elementor-size-sm\" href=\"https:\/\/alicanteturismo.com\/fr\/gastronomie\/\">\n\t\t\t\t\t\t<span class=\"elementor-button-content-wrapper\">\n\t\t\t\t\t\t<span class=\"elementor-button-icon\">\n\t\t\t\t<svg aria-hidden=\"true\" class=\"e-font-icon-svg e-fas-glass-cheers\" viewBox=\"0 0 640 512\" xmlns=\"http:\/\/www.w3.org\/2000\/svg\"><path d=\"M639.4 433.6c-8.4-20.4-31.8-30.1-52.2-21.6l-22.1 9.2-38.7-101.9c47.9-35 64.8-100.3 34.5-152.8L474.3 16c-8-13.9-25.1-19.7-40-13.6L320 49.8 205.7 2.4c-14.9-6.2-32-.3-40 13.6L79.1 166.5C48.9 219 65.7 284.3 113.6 319.2L74.9 421.1l-22.1-9.2c-20.4-8.5-43.7 1.2-52.2 21.6-1.7 4.1.2 8.8 4.3 10.5l162.3 67.4c4.1 1.7 8.7-.2 10.4-4.3 8.4-20.4-1.2-43.8-21.6-52.3l-22.1-9.2L173.3 342c4.4.5 8.8 1.3 13.1 1.3 51.7 0 99.4-33.1 113.4-85.3l20.2-75.4 20.2 75.4c14 52.2 61.7 85.3 113.4 85.3 4.3 0 8.7-.8 13.1-1.3L506 445.6l-22.1 9.2c-20.4 8.5-30.1 31.9-21.6 52.3 1.7 4.1 6.4 6 10.4 4.3L635.1 444c4-1.7 6-6.3 4.3-10.4zM275.9 162.1l-112.1-46.5 36.5-63.4 94.5 39.2-18.9 70.7zm88.2 0l-18.9-70.7 94.5-39.2 36.5 63.4-112.1 46.5z\"><\/path><\/svg>\t\t\t<\/span>\n\t\t\t\t\t\t\t\t\t<span class=\"elementor-button-text\">D\u00e9couvrez la gastronomie d'Alicante<\/span>\n\t\t\t\t\t<\/span>\n\t\t\t\t\t<\/a>\n\t\t\t\t<\/div>\n\t\t\t\t\t\t\t\t<\/div>\n\t\t\t\t<\/div>\n\t\t<div class=\"elementor-element elementor-element-5f3ca38a e-con-full e-flex e-con e-child\" data-id=\"5f3ca38a\" data-element_type=\"container\" data-e-type=\"container\">\n\t\t<div class=\"elementor-element elementor-element-1dc7b713 e-con-full e-flex e-con e-child\" data-id=\"1dc7b713\" data-element_type=\"container\" data-e-type=\"container\">\n\t\t\t\t<div class=\"elementor-element elementor-element-7726d920 elementor-position-inline-start elementor-mobile-position-inline-start elementor-view-default elementor-widget elementor-widget-icon-box\" data-id=\"7726d920\" data-element_type=\"widget\" data-e-type=\"widget\" data-widget_type=\"icon-box.default\">\n\t\t\t\t<div class=\"elementor-widget-container\">\n\t\t\t\t\t\t\t<div class=\"elementor-icon-box-wrapper\">\n\n\t\t\t\t\t\t<div class=\"elementor-icon-box-icon\">\n\t\t\t\t<span  class=\"elementor-icon\">\n\t\t\t\t<svg xmlns=\"http:\/\/www.w3.org\/2000\/svg\" xmlns:xlink=\"http:\/\/www.w3.org\/1999\/xlink\" width=\"512\" height=\"512\" x=\"0\" y=\"0\" viewBox=\"0 0 32 32\" style=\"enable-background:new 0 0 512 512\" xml:space=\"preserve\" class=\"\"><g><path d=\"M30 15h-5v11a1 1 0 0 0 1 1 3 3 0 0 1 3 3 5 5 0 0 0 2-4V16a1 1 0 0 0-1-1z\" fill=\"#00adbb\" opacity=\"1\" data-original=\"#000000\" class=\"\"><\/path><path d=\"M26 29a3 3 0 0 1-3-3V2a1 1 0 0 0-1-1H2a1 1 0 0 0-1 1v24a5 5 0 0 0 5 5h20a1 1 0 0 0 0-2zM7 9h1a1 1 0 0 1 0 2H7a1 1 0 0 1 0-2zm10 14H7a1 1 0 0 1 0-2h10a1 1 0 0 1 0 2zm0-6H7a1 1 0 0 1 0-2h10a1 1 0 0 1 0 2zm0-6h-5a1 1 0 0 1 0-2h5a1 1 0 0 1 0 2z\" fill=\"#00adbb\" opacity=\"1\" data-original=\"#000000\" class=\"\"><\/path><\/g><\/svg>\t\t\t\t<\/span>\n\t\t\t<\/div>\n\t\t\t\n\t\t\t\t\t\t<div class=\"elementor-icon-box-content\">\n\n\t\t\t\t\t\t\t\t\t<h2 class=\"elementor-icon-box-title\">\n\t\t\t\t\t\t<span  >\n\t\t\t\t\t\t\tActualit\u00e9s\t\t\t\t\t\t<\/span>\n\t\t\t\t\t<\/h2>\n\t\t\t\t\n\t\t\t\t\n\t\t\t<\/div>\n\t\t\t\n\t\t<\/div>\n\t\t\t\t\t\t<\/div>\n\t\t\t\t<\/div>\n\t\t\t\t<div class=\"elementor-element elementor-element-c59b939 elementor-widget-mobile__width-inherit titulohover elementor-widget elementor-widget-heading\" data-id=\"c59b939\" data-element_type=\"widget\" data-e-type=\"widget\" data-widget_type=\"heading.default\">\n\t\t\t\t<div class=\"elementor-widget-container\">\n\t\t\t\t\t<h5 class=\"elementor-heading-title elementor-size-default\"><a href=\"https:\/\/alicanteturismo.com\/fr\/actualites\/\">Toutes les nouvelles<\/a><\/h5>\t\t\t\t<\/div>\n\t\t\t\t<\/div>\n\t\t\t\t<\/div>\n\t\t\t\t<div class=\"elementor-element elementor-element-6d29be8e elementor-grid-4 elementor-widget__width-inherit elementor-grid-tablet-2 elementor-grid-mobile-1 elementor-posts--thumbnail-top elementor-widget elementor-widget-posts\" data-id=\"6d29be8e\" data-element_type=\"widget\" data-e-type=\"widget\" data-settings=\"{&quot;classic_columns&quot;:&quot;4&quot;,&quot;classic_row_gap&quot;:{&quot;unit&quot;:&quot;px&quot;,&quot;size&quot;:0,&quot;sizes&quot;:[]},&quot;classic_columns_tablet&quot;:&quot;2&quot;,&quot;classic_columns_mobile&quot;:&quot;1&quot;,&quot;classic_row_gap_widescreen&quot;:{&quot;unit&quot;:&quot;px&quot;,&quot;size&quot;:&quot;&quot;,&quot;sizes&quot;:[]},&quot;classic_row_gap_laptop&quot;:{&quot;unit&quot;:&quot;px&quot;,&quot;size&quot;:&quot;&quot;,&quot;sizes&quot;:[]},&quot;classic_row_gap_tablet_extra&quot;:{&quot;unit&quot;:&quot;px&quot;,&quot;size&quot;:&quot;&quot;,&quot;sizes&quot;:[]},&quot;classic_row_gap_tablet&quot;:{&quot;unit&quot;:&quot;px&quot;,&quot;size&quot;:&quot;&quot;,&quot;sizes&quot;:[]},&quot;classic_row_gap_mobile_extra&quot;:{&quot;unit&quot;:&quot;px&quot;,&quot;size&quot;:&quot;&quot;,&quot;sizes&quot;:[]},&quot;classic_row_gap_mobile&quot;:{&quot;unit&quot;:&quot;px&quot;,&quot;size&quot;:&quot;&quot;,&quot;sizes&quot;:[]}}\" data-widget_type=\"posts.classic\">\n\t\t\t\t<div class=\"elementor-widget-container\">\n\t\t\t\t\t\t\t<div class=\"elementor-posts-container elementor-posts elementor-posts--skin-classic elementor-grid\" role=\"list\">\n\t\t\t\t<article class=\"elementor-post elementor-grid-item post-313721 noticias type-noticias status-publish has-post-thumbnail hentry categoria-de-noticia-concursos categoria-de-noticia-eventos-gastronomicos categoria-de-noticia-gastronomia\" role=\"listitem\">\n\t\t\t\t<a class=\"elementor-post__thumbnail__link\" href=\"https:\/\/alicanteturismo.com\/fr\/noticias\/alicante-acoge-la-segunda-semifinal-del-concurso-cocinero-y-camarero-del-ano\/\" tabindex=\"-1\" >\n\t\t\t<div class=\"elementor-post__thumbnail\"><img fetchpriority=\"high\" decoding=\"async\" width=\"300\" height=\"200\" src=\"https:\/\/alicanteturismo.com\/wp-content\/uploads\/2025\/11\/prueba_cocinero_ano-300x200.jpg\" class=\"attachment-medium size-medium wp-image-313723\" alt=\"\" srcset=\"https:\/\/alicanteturismo.com\/wp-content\/uploads\/2025\/11\/prueba_cocinero_ano-300x200.jpg 300w, https:\/\/alicanteturismo.com\/wp-content\/uploads\/2025\/11\/prueba_cocinero_ano-1024x683.jpg 1024w, https:\/\/alicanteturismo.com\/wp-content\/uploads\/2025\/11\/prueba_cocinero_ano-768x512.jpg 768w, https:\/\/alicanteturismo.com\/wp-content\/uploads\/2025\/11\/prueba_cocinero_ano-391x260.jpg 391w, https:\/\/alicanteturismo.com\/wp-content\/uploads\/2025\/11\/prueba_cocinero_ano-1536x1024.jpg 1536w, https:\/\/alicanteturismo.com\/wp-content\/uploads\/2025\/11\/prueba_cocinero_ano.jpg 1620w\" sizes=\"(max-width: 300px) 100vw, 300px\" \/><\/div>\n\t\t<\/a>\n\t\t\t\t<div class=\"elementor-post__text\">\n\t\t\t\t<h3 class=\"elementor-post__title\">\n\t\t\t<a href=\"https:\/\/alicanteturismo.com\/fr\/noticias\/alicante-acoge-la-segunda-semifinal-del-concurso-cocinero-y-camarero-del-ano\/\" >\n\t\t\t\tAlicante acoge la segunda semifinal del concurso \u201cCocinero y Camarero del A\u00f1o\u201d\t\t\t<\/a>\n\t\t<\/h3>\n\t\t\t\t<div class=\"elementor-post__meta-data\">\n\t\t\t\t\t<span class=\"elementor-post-date\">\n\t\t\t11 novembre 2025\t\t<\/span>\n\t\t\t\t<\/div>\n\t\t\n\t\t<a class=\"elementor-post__read-more\" href=\"https:\/\/alicanteturismo.com\/fr\/noticias\/alicante-acoge-la-segunda-semifinal-del-concurso-cocinero-y-camarero-del-ano\/\" aria-label=\"En savoir plus sur Alicante acoge la segunda semifinal del concurso \u201cCocinero y Camarero del A\u00f1o\u201d\" tabindex=\"-1\" >\n\t\t\tLire la suite \"\t\t<\/a>\n\n\t\t\t\t<\/div>\n\t\t\t\t<\/article>\n\t\t\t\t<article class=\"elementor-post elementor-grid-item post-308930 noticias type-noticias status-publish has-post-thumbnail hentry categoria-de-noticia-destacados categoria-de-noticia-gastronomia categoria-de-noticia-notas-de-prensa\" role=\"listitem\">\n\t\t\t\t<a class=\"elementor-post__thumbnail__link\" href=\"https:\/\/alicanteturismo.com\/fr\/noticias\/alicante-capital-espanola-de-la-gastronomia-recorrera-espana-y-europa-a-traves-de-un-sello\/\" tabindex=\"-1\" >\n\t\t\t<div class=\"elementor-post__thumbnail\"><img decoding=\"async\" width=\"300\" height=\"200\" src=\"https:\/\/alicanteturismo.com\/wp-content\/uploads\/2025\/07\/ern-9910-300x200.jpg\" class=\"attachment-medium size-medium wp-image-308931\" alt=\"\" srcset=\"https:\/\/alicanteturismo.com\/wp-content\/uploads\/2025\/07\/ern-9910-300x200.jpg 300w, https:\/\/alicanteturismo.com\/wp-content\/uploads\/2025\/07\/ern-9910-768x512.jpg 768w, https:\/\/alicanteturismo.com\/wp-content\/uploads\/2025\/07\/ern-9910-391x260.jpg 391w, https:\/\/alicanteturismo.com\/wp-content\/uploads\/2025\/07\/ern-9910.jpg 1024w\" sizes=\"(max-width: 300px) 100vw, 300px\" \/><\/div>\n\t\t<\/a>\n\t\t\t\t<div class=\"elementor-post__text\">\n\t\t\t\t<h3 class=\"elementor-post__title\">\n\t\t\t<a href=\"https:\/\/alicanteturismo.com\/fr\/noticias\/alicante-capital-espanola-de-la-gastronomia-recorrera-espana-y-europa-a-traves-de-un-sello\/\" >\n\t\t\t\tAlicante Capital Espa\u00f1ola de la Gastronom\u00eda recorrer\u00e1 Espa\u00f1a y Europa a trav\u00e9s de un sello\t\t\t<\/a>\n\t\t<\/h3>\n\t\t\t\t<div class=\"elementor-post__meta-data\">\n\t\t\t\t\t<span class=\"elementor-post-date\">\n\t\t\t3 juillet 2025\t\t<\/span>\n\t\t\t\t<\/div>\n\t\t\n\t\t<a class=\"elementor-post__read-more\" href=\"https:\/\/alicanteturismo.com\/fr\/noticias\/alicante-capital-espanola-de-la-gastronomia-recorrera-espana-y-europa-a-traves-de-un-sello\/\" aria-label=\"En savoir plus sur Alicante Capital Espa\u00f1ola de la Gastronom\u00eda recorrer\u00e1 Espa\u00f1a y Europa a trav\u00e9s de un sello\" tabindex=\"-1\" >\n\t\t\tLire la suite \"\t\t<\/a>\n\n\t\t\t\t<\/div>\n\t\t\t\t<\/article>\n\t\t\t\t<article class=\"elementor-post elementor-grid-item post-315025 noticias type-noticias status-publish has-post-thumbnail hentry categoria-de-noticia-eventos-gastronomicos categoria-de-noticia-gastronomia\" role=\"listitem\">\n\t\t\t\t<a class=\"elementor-post__thumbnail__link\" href=\"https:\/\/alicanteturismo.com\/fr\/noticias\/alicante-celebra-el-cierre-de-su-ano-como-capital-espanola-de-la-gastronomia\/\" tabindex=\"-1\" >\n\t\t\t<div class=\"elementor-post__thumbnail\"><img decoding=\"async\" width=\"300\" height=\"169\" src=\"https:\/\/alicanteturismo.com\/wp-content\/uploads\/2025\/12\/Homenaje-2-1-300x169.jpg\" class=\"attachment-medium size-medium wp-image-315033\" alt=\"\" srcset=\"https:\/\/alicanteturismo.com\/wp-content\/uploads\/2025\/12\/Homenaje-2-1-300x169.jpg 300w, https:\/\/alicanteturismo.com\/wp-content\/uploads\/2025\/12\/Homenaje-2-1-1024x576.jpg 1024w, https:\/\/alicanteturismo.com\/wp-content\/uploads\/2025\/12\/Homenaje-2-1-768x432.jpg 768w, https:\/\/alicanteturismo.com\/wp-content\/uploads\/2025\/12\/Homenaje-2-1-1536x864.jpg 1536w, https:\/\/alicanteturismo.com\/wp-content\/uploads\/2025\/12\/Homenaje-2-1.jpg 1600w\" sizes=\"(max-width: 300px) 100vw, 300px\" \/><\/div>\n\t\t<\/a>\n\t\t\t\t<div class=\"elementor-post__text\">\n\t\t\t\t<h3 class=\"elementor-post__title\">\n\t\t\t<a href=\"https:\/\/alicanteturismo.com\/fr\/noticias\/alicante-celebra-el-cierre-de-su-ano-como-capital-espanola-de-la-gastronomia\/\" >\n\t\t\t\tAlicante celebra el cierre de su a\u00f1o como Capital Espa\u00f1ola de la Gastronom\u00eda\t\t\t<\/a>\n\t\t<\/h3>\n\t\t\t\t<div class=\"elementor-post__meta-data\">\n\t\t\t\t\t<span class=\"elementor-post-date\">\n\t\t\t17 d\u00e9cembre 2025\t\t<\/span>\n\t\t\t\t<\/div>\n\t\t\n\t\t<a class=\"elementor-post__read-more\" href=\"https:\/\/alicanteturismo.com\/fr\/noticias\/alicante-celebra-el-cierre-de-su-ano-como-capital-espanola-de-la-gastronomia\/\" aria-label=\"En savoir plus sur Alicante celebra el cierre de su a\u00f1o como Capital Espa\u00f1ola de la Gastronom\u00eda\" tabindex=\"-1\" >\n\t\t\tLire la suite \"\t\t<\/a>\n\n\t\t\t\t<\/div>\n\t\t\t\t<\/article>\n\t\t\t\t<article class=\"elementor-post elementor-grid-item post-289809 noticias type-noticias status-publish has-post-thumbnail hentry categoria-de-noticia-destacados categoria-de-noticia-exposiciones categoria-de-noticia-gastronomia\" role=\"listitem\">\n\t\t\t\t<a class=\"elementor-post__thumbnail__link\" href=\"https:\/\/alicanteturismo.com\/fr\/noticias\/alicante-centra-la-promocion-en-fitur-en-su-ano-como-capital-espanola-de-la-gastronomia-los-congresos-y-el-turismo-de-cine\/\" tabindex=\"-1\" >\n\t\t\t<div class=\"elementor-post__thumbnail\"><img loading=\"lazy\" decoding=\"async\" width=\"300\" height=\"202\" src=\"https:\/\/alicanteturismo.com\/wp-content\/uploads\/2025\/01\/fitur-2024-300x202.jpg\" class=\"attachment-medium size-medium wp-image-289810\" alt=\"fitur 2024\" srcset=\"https:\/\/alicanteturismo.com\/wp-content\/uploads\/2025\/01\/fitur-2024-300x202.jpg 300w, https:\/\/alicanteturismo.com\/wp-content\/uploads\/2025\/01\/fitur-2024.jpg 541w\" sizes=\"(max-width: 300px) 100vw, 300px\" \/><\/div>\n\t\t<\/a>\n\t\t\t\t<div class=\"elementor-post__text\">\n\t\t\t\t<h3 class=\"elementor-post__title\">\n\t\t\t<a href=\"https:\/\/alicanteturismo.com\/fr\/noticias\/alicante-centra-la-promocion-en-fitur-en-su-ano-como-capital-espanola-de-la-gastronomia-los-congresos-y-el-turismo-de-cine\/\" >\n\t\t\t\tAlicante centra la promoci\u00f3n en Fitur en su a\u00f1o como Capital Espa\u00f1ola de la Gastronom\u00eda, los congresos y el turismo de cine\t\t\t<\/a>\n\t\t<\/h3>\n\t\t\t\t<div class=\"elementor-post__meta-data\">\n\t\t\t\t\t<span class=\"elementor-post-date\">\n\t\t\t16 janvier 2025\t\t<\/span>\n\t\t\t\t<\/div>\n\t\t\n\t\t<a class=\"elementor-post__read-more\" href=\"https:\/\/alicanteturismo.com\/fr\/noticias\/alicante-centra-la-promocion-en-fitur-en-su-ano-como-capital-espanola-de-la-gastronomia-los-congresos-y-el-turismo-de-cine\/\" aria-label=\"En savoir plus sur Alicante centra la promoci\u00f3n en Fitur en su a\u00f1o como Capital Espa\u00f1ola de la Gastronom\u00eda, los congresos y el turismo de cine\" tabindex=\"-1\" >\n\t\t\tLire la suite \"\t\t<\/a>\n\n\t\t\t\t<\/div>\n\t\t\t\t<\/article>\n\t\t\t\t<\/div>\n\t\t\n\t\t\t\t\t\t<\/div>\n\t\t\t\t<\/div>\n\t\t\t\t<\/div>\n\t\t\t\t\t<\/div>\n\t\t\t\t<\/div>\n\t\t\t\t<\/div>\n\t\t","protected":false},"excerpt":{"rendered":"<p>La gastronomie d&rsquo;Alicante est le reflet de sa riche histoire et de son lien avec la mer M\u00e9diterran\u00e9e. Chaque recette d&rsquo;Alicante est un hommage aux<\/p>\n","protected":false},"author":1,"featured_media":0,"parent":0,"menu_order":0,"comment_status":"closed","ping_status":"closed","template":"","meta":{"_acf_changed":false,"footnotes":""},"class_list":["post-284036","page","type-page","status-publish","hentry"],"acf":[],"_links":{"self":[{"href":"https:\/\/alicanteturismo.com\/fr\/wp-json\/wp\/v2\/pages\/284036","targetHints":{"allow":["GET"]}}],"collection":[{"href":"https:\/\/alicanteturismo.com\/fr\/wp-json\/wp\/v2\/pages"}],"about":[{"href":"https:\/\/alicanteturismo.com\/fr\/wp-json\/wp\/v2\/types\/page"}],"author":[{"embeddable":true,"href":"https:\/\/alicanteturismo.com\/fr\/wp-json\/wp\/v2\/users\/1"}],"replies":[{"embeddable":true,"href":"https:\/\/alicanteturismo.com\/fr\/wp-json\/wp\/v2\/comments?post=284036"}],"version-history":[{"count":0,"href":"https:\/\/alicanteturismo.com\/fr\/wp-json\/wp\/v2\/pages\/284036\/revisions"}],"wp:attachment":[{"href":"https:\/\/alicanteturismo.com\/fr\/wp-json\/wp\/v2\/media?parent=284036"}],"curies":[{"name":"wp","href":"https:\/\/api.w.org\/{rel}","templated":true}]}}