{"id":283967,"date":"2024-08-19T12:45:52","date_gmt":"2024-08-19T10:45:52","guid":{"rendered":"https:\/\/dev.alicanteturismo.com\/avis-juridique\/"},"modified":"2025-10-08T17:53:21","modified_gmt":"2025-10-08T15:53:21","slug":"avis-juridique","status":"publish","type":"page","link":"https:\/\/alicanteturismo.com\/fr\/avis-juridique\/","title":{"rendered":"Mentions l\u00e9gales"},"content":{"rendered":"\t\t<div data-elementor-type=\"wp-page\" data-elementor-id=\"283967\" class=\"elementor elementor-283967 elementor-15130\" data-elementor-post-type=\"page\">\n\t\t\t\t<div class=\"elementor-element elementor-element-65e3680 e-con-full e-flex e-con e-parent\" data-id=\"65e3680\" data-element_type=\"container\" data-e-type=\"container\">\n\t\t\t\t<div class=\"elementor-element elementor-element-9dcfdca elementor-widget__width-inherit elementor-widget elementor-widget-heading\" data-id=\"9dcfdca\" data-element_type=\"widget\" data-e-type=\"widget\" data-widget_type=\"heading.default\">\n\t\t\t\t<div class=\"elementor-widget-container\">\n\t\t\t\t\t<h1 class=\"elementor-heading-title elementor-size-default\">Mentions l\u00e9gales<\/h1>\t\t\t\t<\/div>\n\t\t\t\t<\/div>\n\t\t\t\t<div class=\"elementor-element elementor-element-fe00318 elementor-widget elementor-widget-text-editor\" data-id=\"fe00318\" data-element_type=\"widget\" data-e-type=\"widget\" data-widget_type=\"text-editor.default\">\n\t\t\t\t<div class=\"elementor-widget-container\">\n\t\t\t\t\t\t\t\t\t<p><strong>RESPONSABLE DU TRAITEMENT<\/strong>\u00a0: Conseil municipal du tourisme et des plages d&rsquo;Alicante. Calle Cervantes, 3, 1er \u00e9tage, 03002 Alicante.<\/p>\n<p><strong>NIF<\/strong>\u00a0: P0300035C<\/p>\n<p data-wahfont=\"16\">Les textes, images, sons, animations, vid\u00e9os et autres contenus inclus dans ce site Web sont la propri\u00e9t\u00e9 de l&rsquo;Office Municipal du Tourisme et des Plages d&rsquo;Alicante (Patronato Municipal de Turismo y Playas de Alicante).<\/p>\n<p><\/p>\n<p data-wahfont=\"16\">Les images du site Web ne peuvent \u00eatre copi\u00e9es ou utilis\u00e9es par des tiers, \u00e0 des fins commerciales ou non, sans l&rsquo;autorisation expresse et \u00e9crite de l&rsquo;Office Municipal du Tourisme et des Plages d&rsquo;Alicante.<\/p>\n<p><\/p>\n<p data-wahfont=\"16\">La transmission, la distribution, la reproduction ou le stockage, en tout ou en partie, sont interdits, sauf accord expr\u00e8s, pr\u00e9alable et \u00e9crit de l&rsquo;Office Municipal du Tourisme et des Plages d&rsquo;Alicante, et sauf indication contraire.<\/p>\n<p><\/p>\n<p data-wahfont=\"16\">Les logos de l&rsquo;Office Municipal du Tourisme et des Plages d&rsquo;Alicante et des entreprises du groupe, ainsi que les noms de leurs produits, sont des marques d\u00e9pos\u00e9es.<\/p>\n<p><\/p>\n<p data-wahfont=\"16\">Ce site Web peut contenir des liens vers des pages externes dont le contenu ne rel\u00e8ve pas de la responsabilit\u00e9 de l&rsquo;Office Municipal du Tourisme et des Plages d&rsquo;Alicante.<\/p>\n<p><\/p>\n<p data-wahfont=\"16\">L&rsquo;Office Municipal du Tourisme et des Plages d&rsquo;Alicante peut modifier sans pr\u00e9avis les sp\u00e9cifications et les photographies des produits, ainsi que toute autre information contenue dans le pr\u00e9sent site Web, et ne fait l&rsquo;objet d&rsquo;aucune garantie de quelque nature que ce soit.<\/p>\n<p><\/p>\n<p data-wahfont=\"16\">L&rsquo;Office Municipal du Tourisme et des Plages d&rsquo;Alicante n&rsquo;est pas responsable des dommages directs ou indirects qui pourraient \u00eatre caus\u00e9s par l&rsquo;exactitude, la v\u00e9racit\u00e9 ou l&rsquo;exhaustivit\u00e9 de ces informations, ou par l&rsquo;usage qui pourrait en \u00eatre fait.<\/p>\n\t\t\t\t\t\t\t\t<\/div>\n\t\t\t\t<\/div>\n\t\t\t\t<\/div>\n\t\t\t\t<\/div>\n\t\t","protected":false},"excerpt":{"rendered":"<p>Mentions l\u00e9gales RESPONSABLE DU TRAITEMENT\u00a0: Conseil municipal du tourisme et des plages d&rsquo;Alicante. Calle Cervantes, 3, 1er \u00e9tage, 03002 Alicante. NIF\u00a0: P0300035C Les textes, images, sons, animations, vid\u00e9os et autres contenus inclus dans ce site Web sont la propri\u00e9t\u00e9 de l&rsquo;Office Municipal du Tourisme et des Plages d&rsquo;Alicante (Patronato Municipal de Turismo y Playas de [&hellip;]<\/p>\n","protected":false},"author":1,"featured_media":0,"parent":0,"menu_order":0,"comment_status":"closed","ping_status":"closed","template":"","meta":{"_acf_changed":false,"footnotes":""},"class_list":["post-283967","page","type-page","status-publish","hentry"],"acf":[],"_links":{"self":[{"href":"https:\/\/alicanteturismo.com\/fr\/wp-json\/wp\/v2\/pages\/283967","targetHints":{"allow":["GET"]}}],"collection":[{"href":"https:\/\/alicanteturismo.com\/fr\/wp-json\/wp\/v2\/pages"}],"about":[{"href":"https:\/\/alicanteturismo.com\/fr\/wp-json\/wp\/v2\/types\/page"}],"author":[{"embeddable":true,"href":"https:\/\/alicanteturismo.com\/fr\/wp-json\/wp\/v2\/users\/1"}],"replies":[{"embeddable":true,"href":"https:\/\/alicanteturismo.com\/fr\/wp-json\/wp\/v2\/comments?post=283967"}],"version-history":[{"count":0,"href":"https:\/\/alicanteturismo.com\/fr\/wp-json\/wp\/v2\/pages\/283967\/revisions"}],"wp:attachment":[{"href":"https:\/\/alicanteturismo.com\/fr\/wp-json\/wp\/v2\/media?parent=283967"}],"curies":[{"name":"wp","href":"https:\/\/api.w.org\/{rel}","templated":true}]}}