{"id":283958,"date":"2024-08-19T12:52:26","date_gmt":"2024-08-19T10:52:26","guid":{"rendered":"https:\/\/dev.alicanteturismo.com\/declaration-daccessibilite\/"},"modified":"2025-01-28T16:12:40","modified_gmt":"2025-01-28T15:12:40","slug":"declaration-daccessibilite","status":"publish","type":"page","link":"https:\/\/alicanteturismo.com\/fr\/declaration-daccessibilite\/","title":{"rendered":"D\u00e9claration d&rsquo;accessibilit\u00e9"},"content":{"rendered":"\t\t<div data-elementor-type=\"wp-page\" data-elementor-id=\"283958\" class=\"elementor elementor-283958 elementor-15156\" data-elementor-post-type=\"page\">\n\t\t\t\t<div class=\"elementor-element elementor-element-65e3680 e-con-full e-flex e-con e-parent\" data-id=\"65e3680\" data-element_type=\"container\" data-e-type=\"container\">\n\t\t\t\t<div class=\"elementor-element elementor-element-9dcfdca elementor-widget__width-inherit elementor-widget elementor-widget-heading\" data-id=\"9dcfdca\" data-element_type=\"widget\" data-e-type=\"widget\" data-widget_type=\"heading.default\">\n\t\t\t\t<div class=\"elementor-widget-container\">\n\t\t\t\t\t<h1 class=\"elementor-heading-title elementor-size-default\">D\u00e9claration d'accessibilit\u00e9<\/h1>\t\t\t\t<\/div>\n\t\t\t\t<\/div>\n\t\t\t\t<div class=\"elementor-element elementor-element-fe00318 elementor-widget elementor-widget-text-editor\" data-id=\"fe00318\" data-element_type=\"widget\" data-e-type=\"widget\" data-widget_type=\"text-editor.default\">\n\t\t\t\t<div class=\"elementor-widget-container\">\n\t\t\t\t\t\t\t\t\t<p data-wahfont=\"16\">Afin de se conformer au <a role=\"link\" href=\"https:\/\/www.boe.es\/buscar\/act.php?id=BOE-A-2018-12699\" target=\"_blank\" rel=\"noopener noreferrer\" data-wahfont=\"16\">d\u00e9cret royal 11<\/a> 12\/2018 <a role=\"link\" href=\"https:\/\/www.boe.es\/buscar\/act.php?id=BOE-A-2018-12699\" target=\"_blank\" rel=\"noopener noreferrer\" data-wahfont=\"16\">du 7 septembre sur l&rsquo;accessibilit\u00e9 des sites web et des applications du secteur public pour les appareils mobiles<\/a> (ci-apr\u00e8s, le d\u00e9cret royal 1112\/2018 du 7 septembre), l&rsquo;<strong>Office municipal du tourisme et des plages d&rsquo;Alicante<\/strong> a mis en \u0153uvre une s\u00e9rie de changements n\u00e9cessaires pour adapter ses portails web.<\/p><p data-wahfont=\"16\">En outre, l&rsquo;office municipal du tourisme et des plages d&rsquo;Alicante v\u00e9rifie et r\u00e9vise en permanence le contenu afin de faciliter son interpr\u00e9tation et d&rsquo;am\u00e9liorer la navigation sur le site web.<\/p><p data-wahfont=\"16\">La pr\u00e9sente d\u00e9claration d&rsquo;accessibilit\u00e9 concerne le site web <a role=\"link\" href=\"https:\/\/alicanteturismo.com\/\" data-wahfont=\"16\">https:\/\/alicanteturismo.com\/<\/a>.<\/p><h2 data-wahfont=\"26\"><strong>\u00c9tat de conformit\u00e9<\/strong><\/h2><p data-wahfont=\"16\">Ce site web a \u00e9t\u00e9 adapt\u00e9 pour r\u00e9pondre \u00e0 toutes les exigences sp\u00e9cifi\u00e9es dans le d\u00e9cret royal 1112\/2018 du 7 septembre.<\/p><p data-wahfont=\"16\">Cependant, \u00e0 l&rsquo;heure actuelle, il existe certains manquements sp\u00e9cifiques au d\u00e9cret susmentionn\u00e9, notamment en raison des aspects suivants :<\/p><ul><li>Il y a des vid\u00e9os sans sous-titres<\/li><\/ul><p data-wahfont=\"16\">Charge disproportionn\u00e9e :<\/p><ul><li>Sans objet.<\/li><\/ul><p data-wahfont=\"16\">Le contenu n&rsquo;entre pas dans le champ d&rsquo;application de la l\u00e9gislation applicable :<\/p><ul><li>Il peut y avoir des documents en format PDF publi\u00e9s avant le 20 septembre 2018 qui ne sont pas enti\u00e8rement conformes \u00e0 toutes les exigences en mati\u00e8re d&rsquo;accessibilit\u00e9 ; il peut \u00e9galement y avoir du contenu de tiers qui n&rsquo;est pas financ\u00e9, d\u00e9velopp\u00e9 ou contr\u00f4l\u00e9 par le Patronato Municipal de Turismo y Playas de Alicante.<\/li><\/ul><h2 data-wahfont=\"26\"><strong>Pr\u00e9paration de la pr\u00e9sente d\u00e9claration d&rsquo;accessibilit\u00e9<\/strong><\/h2><p data-wahfont=\"16\">La pr\u00e9sente d\u00e9claration d&rsquo;accessibilit\u00e9 a \u00e9t\u00e9 r\u00e9dig\u00e9e le 18 novembre 2021.<\/p><p data-wahfont=\"16\">Avant la publication de la pr\u00e9sente d\u00e9claration d&rsquo;accessibilit\u00e9, une \u00e9valuation a \u00e9t\u00e9 r\u00e9alis\u00e9e \u00e0 l&rsquo;aide d&rsquo;outils tels que Lighthouse de Google, l&rsquo;extension Chrome : Accessibility Insights for Web, entre autres.<\/p><p data-wahfont=\"16\">Derni\u00e8re r\u00e9vision de la d\u00e9claration : 18 novembre 2021.<\/p><h2 data-wahfont=\"26\"><strong>Remarques et coordonn\u00e9es<\/strong><\/h2><p data-wahfont=\"16\">Vous pouvez faire des communications sur les exigences d&rsquo;accessibilit\u00e9 (article 10.2.a du RD 1112\/2018) comme, par exemple :<\/p><ul><li>signaler tout cas \u00e9ventuel de non-respect des r\u00e8gles par ce site web<\/li><li>transmettre d&rsquo;autres difficult\u00e9s d&rsquo;acc\u00e8s au contenu<\/li><li>poser toute autre question ou faire toute suggestion d&rsquo;am\u00e9lioration concernant l&rsquo;accessibilit\u00e9 du site web<\/li><\/ul><p data-wahfont=\"16\">via le formulaire de contact <a role=\"link\" href=\"https:\/\/alicanteturismo.com\/buzon-de-sugerencias-y-quejas\/\" data-wahfont=\"16\">https:\/\/alicanteturismo.com\/buzon-de-sugerencias-y-quejas\/<\/a> ou par courriel <a role=\"link\" href=\"mailto:patronato@alicanteturismo.com\" data-wahfont=\"16\">patronato@alicanteturismo.com<\/a>.<\/p><p data-wahfont=\"16\">Les communications seront re\u00e7ues et trait\u00e9es par le Patronato Municipal de Turismo y Playas de Alicante en tant qu&rsquo;unit\u00e9 responsable du contenu de ce site web.<\/p><h2 data-wahfont=\"26\"><strong>Proc\u00e9dure de candidature<\/strong><\/h2><p data-wahfont=\"16\">Si, une fois qu&rsquo;une demande d&rsquo;informations accessibles ou une plainte a \u00e9t\u00e9 d\u00e9pos\u00e9e, elle a \u00e9t\u00e9 rejet\u00e9e, la partie int\u00e9ress\u00e9e n&rsquo;est pas d&rsquo;accord avec la d\u00e9cision adopt\u00e9e ou la r\u00e9ponse ne r\u00e9pond pas aux exigences \u00e9nonc\u00e9es \u00e0 l&rsquo;article 12.5 du d\u00e9cret royal 1112\/2018, la partie int\u00e9ress\u00e9e peut d\u00e9poser une plainte. De m\u00eame, une plainte peut \u00eatre d\u00e9pos\u00e9e dans le cas o\u00f9 aucune r\u00e9ponse n&rsquo;a \u00e9t\u00e9 obtenue.<\/p><p data-wahfont=\"16\">La proc\u00e9dure de plainte pr\u00e9vue \u00e0 l&rsquo;article 13 du d\u00e9cret royal 1112\/2018 peut \u00eatre lanc\u00e9e via <a role=\"link\" href=\"https:\/\/sedeagpd.gob.es\/sede-electronica-web\/vistas\/formProcedimientoEntrada\/procedimientoEntradaAmpliado.jsf\" target=\"_blank\" rel=\"noopener noreferrer\" data-wahfont=\"16\">ce lien.<\/a><\/p><h2 data-wahfont=\"26\"><strong>Contenu optionnel<\/strong><\/h2><p data-wahfont=\"16\">En outre, et dans le cadre de l&rsquo;adaptation aux r\u00e8gles d&rsquo;accessibilit\u00e9, ce site web :<\/p><ul><li>a \u00e9t\u00e9 con\u00e7u conform\u00e9ment aux normes et r\u00e9glementations en vigueur en mati\u00e8re d&rsquo;accessibilit\u00e9, en respectant les points de contr\u00f4le de la priorit\u00e9 2 (AA) d\u00e9finis dans la sp\u00e9cification WCAG 2.1 (Web Content Accessibility Guidelines).<\/li><li>est optimis\u00e9 pour les derni\u00e8res versions actuelles de Chrome, Edge, Firefox, Safari et Opera<\/li><li>est con\u00e7u pour s&rsquo;afficher correctement dans n&rsquo;importe quelle r\u00e9solution et sur n&rsquo;importe quel ordinateur de bureau, tablette ou appareil mobile (responsive design).<\/li><li>a \u00e9t\u00e9 con\u00e7u en utilisant HTML5 comme langage de balisage et les feuilles de style CSS 3 pour sa conception.<\/li><\/ul>\t\t\t\t\t\t\t\t<\/div>\n\t\t\t\t<\/div>\n\t\t\t\t<\/div>\n\t\t\t\t<\/div>\n\t\t","protected":false},"excerpt":{"rendered":"<p>D\u00e9claration d&rsquo;accessibilit\u00e9 Afin de se conformer au d\u00e9cret royal 11 12\/2018 du 7 septembre sur l&rsquo;accessibilit\u00e9 des sites web et des applications du secteur public pour les appareils mobiles (ci-apr\u00e8s, le d\u00e9cret royal 1112\/2018 du 7 septembre), l&rsquo;Office municipal du tourisme et des plages d&rsquo;Alicante a mis en \u0153uvre une s\u00e9rie de changements n\u00e9cessaires pour [&hellip;]<\/p>\n","protected":false},"author":1,"featured_media":0,"parent":0,"menu_order":0,"comment_status":"closed","ping_status":"closed","template":"","meta":{"_acf_changed":false,"footnotes":""},"class_list":["post-283958","page","type-page","status-publish","hentry"],"acf":[],"_links":{"self":[{"href":"https:\/\/alicanteturismo.com\/fr\/wp-json\/wp\/v2\/pages\/283958","targetHints":{"allow":["GET"]}}],"collection":[{"href":"https:\/\/alicanteturismo.com\/fr\/wp-json\/wp\/v2\/pages"}],"about":[{"href":"https:\/\/alicanteturismo.com\/fr\/wp-json\/wp\/v2\/types\/page"}],"author":[{"embeddable":true,"href":"https:\/\/alicanteturismo.com\/fr\/wp-json\/wp\/v2\/users\/1"}],"replies":[{"embeddable":true,"href":"https:\/\/alicanteturismo.com\/fr\/wp-json\/wp\/v2\/comments?post=283958"}],"version-history":[{"count":0,"href":"https:\/\/alicanteturismo.com\/fr\/wp-json\/wp\/v2\/pages\/283958\/revisions"}],"wp:attachment":[{"href":"https:\/\/alicanteturismo.com\/fr\/wp-json\/wp\/v2\/media?parent=283958"}],"curies":[{"name":"wp","href":"https:\/\/api.w.org\/{rel}","templated":true}]}}