{"id":283955,"date":"2024-08-19T12:24:42","date_gmt":"2024-08-19T10:24:42","guid":{"rendered":"https:\/\/dev.alicanteturismo.com\/politique-de-confidentialite\/"},"modified":"2025-10-09T11:59:16","modified_gmt":"2025-10-09T09:59:16","slug":"politique-de-confidentialite","status":"publish","type":"page","link":"https:\/\/alicanteturismo.com\/fr\/politique-de-confidentialite\/","title":{"rendered":"Politique de confidentialit\u00e9"},"content":{"rendered":"\t\t<div data-elementor-type=\"wp-page\" data-elementor-id=\"283955\" class=\"elementor elementor-283955 elementor-15106\" data-elementor-post-type=\"page\">\n\t\t\t\t<div class=\"elementor-element elementor-element-65e3680 e-con-full e-flex e-con e-parent\" data-id=\"65e3680\" data-element_type=\"container\" data-e-type=\"container\">\n\t\t\t\t<div class=\"elementor-element elementor-element-9dcfdca elementor-widget__width-inherit elementor-widget elementor-widget-heading\" data-id=\"9dcfdca\" data-element_type=\"widget\" data-e-type=\"widget\" data-widget_type=\"heading.default\">\n\t\t\t\t<div class=\"elementor-widget-container\">\n\t\t\t\t\t<h1 class=\"elementor-heading-title elementor-size-default\">Politique de confidentialit\u00e9<\/h1>\t\t\t\t<\/div>\n\t\t\t\t<\/div>\n\t\t\t\t<div class=\"elementor-element elementor-element-fe00318 elementor-hidden-widescreen elementor-hidden-desktop elementor-hidden-laptop elementor-hidden-tablet_extra elementor-hidden-tablet elementor-hidden-mobile_extra elementor-hidden-mobile elementor-widget elementor-widget-text-editor\" data-id=\"fe00318\" data-element_type=\"widget\" data-e-type=\"widget\" data-widget_type=\"text-editor.default\">\n\t\t\t\t<div class=\"elementor-widget-container\">\n\t\t\t\t\t\t\t\t\t<p data-wahfont=\"16\"><strong>RESPONSABLE :<\/strong> Patronato Municipal de Turismo y Playas de Alicante (Office municipal du tourisme et des plages d&rsquo;Alicante). Calle Cervantes, 3, 1er \u00e9tage, 03002 Alicante.<\/p>\n<p><\/p>\n<p data-wahfont=\"16\"><strong>NIF : <\/strong>P0300035C<\/p>\n<p><\/p>\n<p data-wahfont=\"16\"><strong>D\u00c9L\u00c9GU\u00c9 \u00c0 LA PROTECTION DES DONN\u00c9ES<\/strong> : Patronato Municipal de Turismo y Playas de Alicante (Office municipal du tourisme et des plages d&rsquo;Alicante).<\/p>\n<p><\/p>\n<p data-wahfont=\"16\"><strong>FINALIT\u00c9<\/strong> : Pouvoir donner suite ou r\u00e9pondre de mani\u00e8re ad\u00e9quate \u00e0 votre demande.<\/p>\n<p><\/p>\n<p data-wahfont=\"16\"><strong>L\u00c9GITIMIT\u00c9 DU TRAITEMENT DES DONN\u00c9ES<\/strong><\/p>\n<p><\/p>\n<p data-wahfont=\"16\">Exercice des pouvoirs attribu\u00e9s \u00e0 la mairie par la loi 7\/1985 du 2 avril r\u00e9glementant les bases du r\u00e9gime local et par la loi 39\/2015 du 1er octobre relative \u00e0 la proc\u00e9dure administrative commune des administrations publiques.<\/p>\n<p><\/p>\n<p data-wahfont=\"16\"><strong>DUR\u00c9E DE CONSERVATION DES DONN\u00c9ES<\/strong><\/p>\n<p><\/p>\n<p data-wahfont=\"16\">Tant que la finalit\u00e9 pour laquelle elles ont \u00e9t\u00e9 collect\u00e9es est maintenue. Les donn\u00e9es seront conserv\u00e9es pendant des p\u00e9riodes plus longues \u00e0 des fins exclusives d&rsquo;archivage dans l&rsquo;int\u00e9r\u00eat public.<\/p>\n<p><\/p>\n<p data-wahfont=\"16\"><strong>DROITS<\/strong><\/p>\n<p><\/p>\n<p data-wahfont=\"16\">\u25cf Droit d&rsquo;acc\u00e8s. Pour savoir quelles donn\u00e9es personnelles vous concernant sont trait\u00e9es, \u00e0 quelles fins, leur origine et si elles sont communiqu\u00e9es ou ont \u00e9t\u00e9 communiqu\u00e9es \u00e0 des tiers.<br \/>\n\u25cf Droit de rectification. Pour obtenir la rectification des donn\u00e9es personnelles inexactes vous concernant.<br \/>\n\u25cf Droit \u00e0 l&rsquo;effacement (\u00ab droit \u00e0 l&rsquo;oubli \u00bb). Pour obtenir l&rsquo;effacement des donn\u00e9es personnelles qui ne sont pas n\u00e9cessaires, pour lesquelles le consentement a \u00e9t\u00e9 retir\u00e9, qui ont \u00e9t\u00e9 obtenues ill\u00e9galement et dans les autres cas pr\u00e9vus par le RGPD.<br \/>\n\u25cf Droit \u00e0 la limitation du traitement, pendant la r\u00e9solution des contestations pr\u00e9sent\u00e9es, sur demande expresse, et lorsque le Patronato Municipal de Turismo y Playes de Alicante n&rsquo;a pas besoin des donn\u00e9es personnelles aux fins du traitement, mais que la personne concern\u00e9e en a besoin pour la formulation, l&rsquo;exercice ou la d\u00e9fense de r\u00e9clamations.<br \/>\n\u25cf Droit \u00e0 la portabilit\u00e9 des donn\u00e9es. La personne concern\u00e9e a le droit de recevoir les donn\u00e9es \u00e0 caract\u00e8re personnel la concernant, qu&rsquo;elle a fournies au Patronato Municipal de Turismo y Playas de Alicante, dans un format structur\u00e9, couramment utilis\u00e9 et lisible par machine, et de les transmettre \u00e0 un autre responsable du traitement.<\/p>\n<p><b>DROIT D&rsquo;OPPOSITION<\/b><\/p>\n<p>Vous avez le droit de vous opposer au traitement de vos donn\u00e9es \u00e0 caract\u00e8re personnel.<br \/>Le droit d&rsquo;opposition vous permet de vous opposer au traitement de vos donn\u00e9es pour des raisons li\u00e9es \u00e0 votre situation particuli\u00e8re, notamment lorsque le traitement est fond\u00e9 sur :<\/p>\n<ul>\n<li>L&rsquo;int\u00e9r\u00eat l\u00e9gitime du Patronato Municipal de Turismo y Playas de Alicante ou d&rsquo;un tiers.<\/li>\n<li>Une mission d&rsquo;int\u00e9r\u00eat public.<\/li>\n<\/ul>\n<p><strong>Opposition au marketing direct<\/strong><br \/>Si le traitement est destin\u00e9 au marketing direct, y compris l&rsquo;\u00e9laboration de profils li\u00e9s \u00e0 ce marketing, vous avez le droit de vous y opposer \u00e0 tout moment et sans justification. Une fois que vous aurez exerc\u00e9 ce droit, vos donn\u00e9es ne seront plus trait\u00e9es \u00e0 cette fin.<\/p>\n<p><strong>Cons\u00e9quences de l&rsquo;opposition<\/strong><br \/>Une fois que nous aurons re\u00e7u votre demande d&rsquo;opposition, le Patronato Municipal de Turismo y Playas de Alicante cessera de traiter vos donn\u00e9es personnelles aux fins indiqu\u00e9es, sauf si nous pouvons d\u00e9montrer des motifs l\u00e9gitimes imp\u00e9rieux de poursuivre le traitement qui pr\u00e9valent sur vos int\u00e9r\u00eats, droits et libert\u00e9s, ou pour la formulation, l&rsquo;exercice ou la d\u00e9fense de r\u00e9clamations l\u00e9gales.<\/p>\n<p data-wahfont=\"16\">Vous pouvez exercer ces droits en adressant une demande \u00e9crite au Patronato Municipal de Turismo y Playas de Alicante, en pr\u00e9cisant les donn\u00e9es que vous estimez devoir \u00eatre rectifi\u00e9es, supprim\u00e9es ou transf\u00e9r\u00e9es. Vous pouvez \u00e9galement demander par \u00e9crit la limitation ou la cessation du traitement de vos donn\u00e9es, en exposant, si n\u00e9cessaire, les motifs juridiques de votre demande.<br \/>\nL&rsquo;Agence espagnole de protection des donn\u00e9es \u00ab <a role=\"link\" href=\"http:\/\/www.agpd.es\/\" data-wahfont=\"16\" target=\"_blank\" rel=\"noopener\">www.agpd.es<\/a> \u00bb vous fournira des informations suppl\u00e9mentaires sur vos droits :<\/p>\n<p><\/p>\n<p data-wahfont=\"16\">\u25cf C\/Jorge Juan, 6, 28001 Madrid.<br \/>\n\u25cf T\u00e9l\u00e9phone : 901.100.099<br \/>\n\u25cf Fax : 91.445.56.99<br \/>\n\u25cf E-mail : <a role=\"link\" href=\"mailto:ciudadano@agpd.es\" data-wahfont=\"16\">ciudadano@agpd.es<\/a><\/p>\n<p><\/p>\n<p data-wahfont=\"16\">Si vous avez donn\u00e9 votre consentement \u00e0 des fins sp\u00e9cifiques, vous avez le droit de le retirer \u00e0 tout moment, sans que cela n&rsquo;affecte la l\u00e9galit\u00e9 du traitement bas\u00e9 sur le consentement pr\u00e9alable \u00e0 son retrait.<\/p>\n<p><\/p>\n<p data-wahfont=\"16\">Si le Patronato Municipal de Turismo y Playas de Alicante (Office municipal du tourisme et des plages d&rsquo;Alicante) ne vous donne pas satisfaction dans l&rsquo;exercice de vos droits, vous pouvez d\u00e9poser une r\u00e9clamation aupr\u00e8s de l&rsquo;Agence espagnole de protection des donn\u00e9es : <a role=\"link\" href=\"http:\/\/www.agpd.es\/portalwebAGPD\/CanalDelCiudadano\/index-ides-idphp.php\" target=\"_blank\" rel=\"noopener noreferrer\" data-wahfont=\"16\">http:\/\/www.agpd.es\/portalwebAGPD\/CanalDelCiudadano\/index-ides-idphp.php<\/a><\/p>\n\t\t\t\t\t\t\t\t<\/div>\n\t\t\t\t<\/div>\n\t\t\t\t<div class=\"elementor-element elementor-element-e30c367 elementor-widget elementor-widget-html\" data-id=\"e30c367\" data-element_type=\"widget\" data-e-type=\"widget\" data-widget_type=\"html.default\">\n\t\t\t\t<div class=\"elementor-widget-container\">\n\t\t\t\t\t<div class=\"privacy-policy-container\">\r\n\r\n\u00a0 \u00a0 <h2>I. Informations de base sur la protection des donn\u00e9es<\/h2>\r\n\u00a0 \u00a0 <p>Conform\u00e9ment aux dispositions du R\u00e8glement G\u00e9n\u00e9ral sur la Protection des Donn\u00e9es (RGPD) (R\u00e8glement UE 2016\/679) et de la Loi Organique 3\/2018, du 5 d\u00e9cembre, relative \u00e0 la Protection des Donn\u00e9es Personnelles et \u00e0 la garantie des droits num\u00e9riques (LOPDGDD), le <strong>Patronato Municipal de Turismo y Playas de Alicante<\/strong> vous informe sur le traitement de vos donn\u00e9es personnelles via ce site web.<\/p>\r\n\r\n\u00a0 \u00a0 <table class=\"data-table identity-table\">\r\n\u00a0 \u00a0 \u00a0 \u00a0 <thead>\r\n\u00a0 \u00a0 \u00a0 \u00a0 \u00a0 \u00a0 <tr>\r\n\u00a0 \u00a0 \u00a0 \u00a0 \u00a0 \u00a0 \u00a0 \u00a0 <th>Aspect<\/th>\r\n\u00a0 \u00a0 \u00a0 \u00a0 \u00a0 \u00a0 \u00a0 \u00a0 <th>D\u00e9tail<\/th>\r\n\u00a0 \u00a0 \u00a0 \u00a0 \u00a0 \u00a0 <\/tr>\r\n\u00a0 \u00a0 \u00a0 \u00a0 <\/thead>\r\n\u00a0 \u00a0 \u00a0 \u00a0 <tbody>\r\n\u00a0 \u00a0 \u00a0 \u00a0 \u00a0 \u00a0 <tr>\r\n\u00a0 \u00a0 \u00a0 \u00a0 \u00a0 \u00a0 \u00a0 \u00a0 <td><strong>Responsable du Traitement<\/strong><\/td>\r\n\u00a0 \u00a0 \u00a0 \u00a0 \u00a0 \u00a0 \u00a0 \u00a0 <td>Patronato Municipal de Turismo y Playas de Alicante (Patronato Alicante City&amp;Beach)<\/td>\r\n\u00a0 \u00a0 \u00a0 \u00a0 \u00a0 \u00a0 <\/tr>\r\n\u00a0 \u00a0 \u00a0 \u00a0 \u00a0 \u00a0 <tr>\r\n\u00a0 \u00a0 \u00a0 \u00a0 \u00a0 \u00a0 \u00a0 \u00a0 <td><strong>CIF\/NIF<\/strong><\/td>\r\n\u00a0 \u00a0 \u00a0 \u00a0 \u00a0 \u00a0 \u00a0 \u00a0 <td>P0300035C <\/td>\r\n\u00a0 \u00a0 \u00a0 \u00a0 \u00a0 \u00a0 <\/tr>\r\n\u00a0 \u00a0 \u00a0 \u00a0 \u00a0 \u00a0 <tr>\r\n\u00a0 \u00a0 \u00a0 \u00a0 \u00a0 \u00a0 \u00a0 \u00a0 <td><strong>Adresse Postale<\/strong><\/td>\r\n\u00a0 \u00a0 \u00a0 \u00a0 \u00a0 \u00a0 \u00a0 \u00a0 <td>Calle Cervantes, 3, 1er \u00e9tage, 03002 Alicante<\/td>\r\n\u00a0 \u00a0 \u00a0 \u00a0 \u00a0 \u00a0 <\/tr>\r\n\u00a0 \u00a0 \u00a0 \u00a0 \u00a0 \u00a0 <tr>\r\n\u00a0 \u00a0 \u00a0 \u00a0 \u00a0 \u00a0 \u00a0 \u00a0 <td><strong>Courriel de Contact<\/strong><\/td>\r\n\u00a0 \u00a0 \u00a0 \u00a0 \u00a0 \u00a0 \u00a0 \u00a0 <td>info@alicanteturismo.com<\/td>\r\n\u00a0 \u00a0 \u00a0 \u00a0 \u00a0 \u00a0 <\/tr>\r\n\u00a0 \u00a0 \u00a0 \u00a0 \u00a0 \u00a0 <tr>\r\n\u00a0 \u00a0 \u00a0 \u00a0 \u00a0 \u00a0 \u00a0 \u00a0 <td><strong>D\u00e9l\u00e9gu\u00e9 \u00e0 la Protection des Donn\u00e9es (DPD)<\/strong><\/td>\r\n\u00a0 \u00a0 \u00a0 \u00a0 \u00a0 \u00a0 \u00a0 \u00a0 <td>Le Patronato dispose d'un DPD centralis\u00e9 aupr\u00e8s de la Mairie d'Alicante.<\/td>\r\n\u00a0 \u00a0 \u00a0 \u00a0 \u00a0 \u00a0 <\/tr>\r\n\u00a0 \u00a0 \u00a0 \u00a0 \u00a0 \u00a0 <tr>\r\n\u00a0 \u00a0 \u00a0 \u00a0 \u00a0 \u00a0 \u00a0 \u00a0 <td><strong>Contact du DPD<\/strong><\/td>\r\n\u00a0 \u00a0 \u00a0 \u00a0 \u00a0 \u00a0 \u00a0 \u00a0 <td>dpd@alicante.es<\/td>\r\n\u00a0 \u00a0 \u00a0 \u00a0 \u00a0 \u00a0 <\/tr>\r\n\u00a0 \u00a0 \u00a0 \u00a0 <\/tbody>\r\n\u00a0 \u00a0 <\/table>\r\n\r\n\u00a0 \u00a0 <h2>II. Finalit\u00e9s du Traitement et Base de Lic\u00e9it\u00e9<\/h2>\r\n\u00a0 \u00a0 <p>Les donn\u00e9es personnelles collect\u00e9es via les diff\u00e9rents canaux du site web (formulaires de contact, bo\u00eete aux lettres de plaintes, demandes de r\u00e9servation ou <em>cookies<\/em>) seront trait\u00e9es pour les finalit\u00e9s d\u00e9taill\u00e9es ci-dessous. Dans chaque cas, la base l\u00e9gale qui l\u00e9gitime le traitement est indiqu\u00e9e, conform\u00e9ment \u00e0 l'Art. 6 du RGPD.<\/p>\r\n\r\n\u00a0 \u00a0 <table class=\"data-table purposes-table\">\r\n\u00a0 \u00a0 \u00a0 \u00a0 <thead>\r\n\u00a0 \u00a0 \u00a0 \u00a0 \u00a0 \u00a0 <tr>\r\n\u00a0 \u00a0 \u00a0 \u00a0 \u00a0 \u00a0 \u00a0 \u00a0 <th>Finalit\u00e9 du Traitement<\/th>\r\n\u00a0 \u00a0 \u00a0 \u00a0 \u00a0 \u00a0 \u00a0 \u00a0 <th>Base L\u00e9gale de Lic\u00e9it\u00e9 (Art. 6 RGPD)<\/th>\r\n\u00a0 \u00a0 \u00a0 \u00a0 \u00a0 \u00a0 \u00a0 \u00a0 <th>Donn\u00e9es Trait\u00e9es<\/th>\r\n\u00a0 \u00a0 \u00a0 \u00a0 \u00a0 \u00a0 <\/tr>\r\n\u00a0 \u00a0 \u00a0 \u00a0 <\/thead>\r\n\u00a0 \u00a0 \u00a0 \u00a0 <tbody>\r\n\u00a0 \u00a0 \u00a0 \u00a0 \u00a0 \u00a0 <tr>\r\n\u00a0 \u00a0 \u00a0 \u00a0 \u00a0 \u00a0 \u00a0 \u00a0 <td><strong>1. R\u00e9pondre aux Demandes de Contact et Consultations<\/strong> (Inclut la bo\u00eete aux lettres de plaintes et suggestions)<\/td>\r\n\u00a0 \u00a0 \u00a0 \u00a0 \u00a0 \u00a0 \u00a0 \u00a0 <td><strong>Mission d'Int\u00e9r\u00eat Public<\/strong> (Art. 6.1.e)<\/td>\r\n\u00a0 \u00a0 \u00a0 \u00a0 \u00a0 \u00a0 \u00a0 \u00a0 <td>Nom, Courriel, Message<\/td>\r\n\u00a0 \u00a0 \u00a0 \u00a0 \u00a0 \u00a0 <\/tr>\r\n\u00a0 \u00a0 \u00a0 \u00a0 \u00a0 \u00a0 <tr>\r\n\u00a0 \u00a0 \u00a0 \u00a0 \u00a0 \u00a0 \u00a0 \u00a0 <td><strong>2. Envoi de Communications Promotionnelles et <em>Newsletters<\/em><\/strong><\/td>\r\n\u00a0 \u00a0 \u00a0 \u00a0 \u00a0 \u00a0 \u00a0 \u00a0 <td><strong>Consentement de la Personne Concern\u00e9e<\/strong> (Art. 6.1.a)<\/td>\r\n\u00a0 \u00a0 \u00a0 \u00a0 \u00a0 \u00a0 \u00a0 \u00a0 <td>Nom, Courriel<\/td>\r\n\u00a0 \u00a0 \u00a0 \u00a0 \u00a0 \u00a0 <\/tr>\r\n\u00a0 \u00a0 \u00a0 \u00a0 \u00a0 \u00a0 <tr>\r\n\u00a0 \u00a0 \u00a0 \u00a0 \u00a0 \u00a0 \u00a0 \u00a0 <td><strong>3. Gestion des R\u00e9servations de Services<\/strong> (Ex. Visites, \u00e9v\u00e9nements ou r\u00e9servations)<\/td>\r\n\u00a0 \u00a0 \u00a0 \u00a0 \u00a0 \u00a0 \u00a0 \u00a0 <td><strong>Ex\u00e9cution d'un Contrat ou Mission Publique<\/strong> (Art. 6.1.b\/e)<\/td>\r\n\u00a0 \u00a0 \u00a0 \u00a0 \u00a0 \u00a0 \u00a0 \u00a0 <td>Nom, Courriel, T\u00e9l\u00e9phone, Donn\u00e9es de R\u00e9servation<\/td>\r\n\u00a0 \u00a0 \u00a0 \u00a0 \u00a0 \u00a0 <\/tr>\r\n\u00a0 \u00a0 \u00a0 \u00a0 \u00a0 \u00a0 <tr>\r\n\u00a0 \u00a0 \u00a0 \u00a0 \u00a0 \u00a0 \u00a0 \u00a0 <td><strong>4. Analyse Statistique et Am\u00e9lioration du Site Web<\/strong><\/td>\r\n\u00a0 \u00a0 \u00a0 \u00a0 \u00a0 \u00a0 \u00a0 \u00a0 <td><strong>Consentement de la Personne Concern\u00e9e<\/strong> (Art. 6.1.a)<\/td>\r\n\u00a0 \u00a0 \u00a0 \u00a0 \u00a0 \u00a0 \u00a0 \u00a0 <td>Donn\u00e9es de navigation anonymis\u00e9es (via <em>cookies<\/em> statistiques)<\/td>\r\n\u00a0 \u00a0 \u00a0 \u00a0 \u00a0 \u00a0 <\/tr>\r\n\u00a0 \u00a0 \u00a0 \u00a0 \u00a0 \u00a0 <tr>\r\n\u00a0 \u00a0 \u00a0 \u00a0 \u00a0 \u00a0 \u00a0 \u00a0 <td><strong>5. Respect des Obligations L\u00e9gales<\/strong><\/td>\r\n\u00a0 \u00a0 \u00a0 \u00a0 \u00a0 \u00a0 \u00a0 \u00a0 <td><strong>Obligation L\u00e9gale<\/strong> (Art. 6.1.c)<\/td>\r\n\u00a0 \u00a0 \u00a0 \u00a0 \u00a0 \u00a0 \u00a0 \u00a0 <td>Donn\u00e9es d'identification et administratives n\u00e9cessaires pour la gestion fiscale, comptable et administrative.<\/td>\r\n\u00a0 \u00a0 \u00a0 \u00a0 \u00a0 \u00a0 <\/tr>\r\n\u00a0 \u00a0 \u00a0 \u00a0 <\/tbody>\r\n\u00a0 \u00a0 <\/table>\r\n\r\n\u00a0 \u00a0 <h2>III. D\u00e9lais ou Crit\u00e8res de Conservation des Donn\u00e9es<\/h2>\r\n\u00a0 \u00a0 <p>En application du principe de limitation de la dur\u00e9e de conservation (Art. 5.1.e RGPD), le Patronato conservera vos donn\u00e9es personnelles pendant le temps n\u00e9cessaire \u00e0 la r\u00e9alisation des finalit\u00e9s pour lesquelles elles ont \u00e9t\u00e9 collect\u00e9es :<\/p>\r\n\r\n\u00a0 \u00a0 <table class=\"data-table retention-table\">\r\n\u00a0 \u00a0 \u00a0 \u00a0 <thead>\r\n\u00a0 \u00a0 \u00a0 \u00a0 \u00a0 \u00a0 <tr>\r\n\u00a0 \u00a0 \u00a0 \u00a0 \u00a0 \u00a0 \u00a0 \u00a0 <th>Cat\u00e9gorie de Donn\u00e9es<\/th>\r\n\u00a0 \u00a0 \u00a0 \u00a0 \u00a0 \u00a0 \u00a0 \u00a0 <th>D\u00e9lai de Conservation<\/th>\r\n\u00a0 \u00a0 \u00a0 \u00a0 \u00a0 \u00a0 <\/tr>\r\n\u00a0 \u00a0 \u00a0 \u00a0 <\/thead>\r\n\u00a0 \u00a0 \u00a0 \u00a0 <tbody>\r\n\u00a0 \u00a0 \u00a0 \u00a0 \u00a0 \u00a0 <tr>\r\n\u00a0 \u00a0 \u00a0 \u00a0 \u00a0 \u00a0 \u00a0 \u00a0 <td><strong>Donn\u00e9es de Consultations, Plaintes et Suggestions<\/strong><\/td>\r\n\u00a0 \u00a0 \u00a0 \u00a0 \u00a0 \u00a0 \u00a0 \u00a0 <td>Elles seront conserv\u00e9es pendant un d\u00e9lai de <strong>12 mois<\/strong> apr\u00e8s la r\u00e9solution ou la cl\u00f4ture de la demande.<\/td>\r\n\u00a0 \u00a0 \u00a0 \u00a0 \u00a0 \u00a0 <\/tr>\r\n\u00a0 \u00a0 \u00a0 \u00a0 \u00a0 \u00a0 <tr>\r\n\u00a0 \u00a0 \u00a0 \u00a0 \u00a0 \u00a0 \u00a0 \u00a0 <td><strong>Donn\u00e9es d'Abonnement aux <em>Newsletters<\/em> et \u00e0 des Fins Promotionnelles<\/strong><\/td>\r\n\u00a0 \u00a0 \u00a0 \u00a0 \u00a0 \u00a0 \u00a0 \u00a0 <td>Elles seront conserv\u00e9es <strong>jusqu'\u00e0 ce que la personne concern\u00e9e retire le consentement<\/strong> expr\u00e8s donn\u00e9.<\/td>\r\n\u00a0 \u00a0 \u00a0 \u00a0 \u00a0 \u00a0 <\/tr>\r\n\u00a0 \u00a0 \u00a0 \u00a0 \u00a0 \u00a0 <tr>\r\n\u00a0 \u00a0 \u00a0 \u00a0 \u00a0 \u00a0 \u00a0 \u00a0 <td><strong>Donn\u00e9es de Services Administratifs et R\u00e9servations<\/strong><\/td>\r\n\u00a0 \u00a0 \u00a0 \u00a0 \u00a0 \u00a0 \u00a0 \u00a0 <td>Elles seront conserv\u00e9es pendant un d\u00e9lai de <strong>5 ans<\/strong> apr\u00e8s la fin du service, pour faire face aux \u00e9ventuelles responsabilit\u00e9s l\u00e9gales, fiscales et administratives (Loi 39\/2015).<\/td>\r\n\u00a0 \u00a0 \u00a0 \u00a0 \u00a0 \u00a0 <\/tr>\r\n\u00a0 \u00a0 \u00a0 \u00a0 \u00a0 \u00a0 <tr>\r\n\u00a0 \u00a0 \u00a0 \u00a0 \u00a0 \u00a0 \u00a0 \u00a0 <td><strong>Donn\u00e9es conserv\u00e9es en vertu d'une Obligation L\u00e9gale<\/strong><\/td>\r\n\u00a0 \u00a0 \u00a0 \u00a0 \u00a0 \u00a0 \u00a0 \u00a0 <td>Les donn\u00e9es seront maintenues <strong>bloqu\u00e9es<\/strong> pendant les d\u00e9lais l\u00e9galement \u00e9tablis (prescription des responsabilit\u00e9s) pour r\u00e9pondre \u00e0 d'\u00e9ventuelles r\u00e9clamations.<\/td>\r\n\u00a0 \u00a0 \u00a0 \u00a0 \u00a0 \u00a0 <\/tr>\r\n\u00a0 \u00a0 \u00a0 \u00a0 <\/tbody>\r\n\u00a0 \u00a0 <\/table>\r\n\r\n\u00a0 \u00a0 <h2>IV. Destinataires des Donn\u00e9es<\/h2>\r\n\u00a0 \u00a0 <p>Le Patronato Municipal de Turismo y Playas de Alicante ne c\u00e9dera pas vos donn\u00e9es personnelles \u00e0 des tiers, sauf dans les cas o\u00f9 cela est strictement n\u00e9cessaire pour la prestation du service ou s'il existe une obligation l\u00e9gale :<\/p>\r\n\u00a0 \u00a0 <ol>\r\n\u00a0 \u00a0 \u00a0 \u00a0 <li><strong>Autorit\u00e9s Publiques et Corps de S\u00e9curit\u00e9 :<\/strong> Lorsqu'il existe une obligation l\u00e9gale de communication des donn\u00e9es.<\/li>\r\n\u00a0 \u00a0 \u00a0 \u00a0 <li><strong>Sous-traitants :<\/strong> Prestataires externes qui fournissent des services au Patronato (ex. h\u00e9bergement web, support technique, plateformes d'envoi d'<em>email marketing<\/em>), agissant sous les instructions du Patronato et apr\u00e8s signature d'un Contrat de Sous-traitance conform\u00e9ment \u00e0 l'Art. 28 du RGPD.<\/li>\r\n\u00a0 \u00a0 <\/ol>\r\n\r\n\u00a0 \u00a0 <h2>V. Exercice des Droits (ARCOPD)<\/h2>\r\n\u00a0 \u00a0 <p>Vous avez le droit d'exercer les droits suivants aupr\u00e8s du Patronato Municipal de Turismo y Playas de Alicante, sans aucun co\u00fbt :<\/p>\r\n\r\n\u00a0 \u00a0 <table class=\"data-table rights-table\">\r\n\u00a0 \u00a0 \u00a0 \u00a0 <thead>\r\n\u00a0 \u00a0 \u00a0 \u00a0 \u00a0 \u00a0 <tr>\r\n\u00a0 \u00a0 \u00a0 \u00a0 \u00a0 \u00a0 \u00a0 \u00a0 <th>Droit<\/th>\r\n\u00a0 \u00a0 \u00a0 \u00a0 \u00a0 \u00a0 \u00a0 \u00a0 <th>Description<\/th>\r\n\u00a0 \u00a0 \u00a0 \u00a0 \u00a0 \u00a0 <\/tr>\r\n\u00a0 \u00a0 \u00a0 \u00a0 <\/thead>\r\n\u00a0 \u00a0 \u00a0 \u00a0 <tbody>\r\n\u00a0 \u00a0 \u00a0 \u00a0 \u00a0 \u00a0 <tr>\r\n\u00a0 \u00a0 \u00a0 \u00a0 \u00a0 \u00a0 \u00a0 \u00a0 <td><strong>Acc\u00e8s<\/strong><\/td>\r\n\u00a0 \u00a0 \u00a0 \u00a0 \u00a0 \u00a0 \u00a0 \u00a0 <td>Savoir quelles donn\u00e9es personnelles vous concernant sont trait\u00e9es.<\/td>\r\n\u00a0 \u00a0 \u00a0 \u00a0 \u00a0 \u00a0 <\/tr>\r\n\u00a0 \u00a0 \u00a0 \u00a0 \u00a0 \u00a0 <tr>\r\n\u00a0 \u00a0 \u00a0 \u00a0 \u00a0 \u00a0 \u00a0 \u00a0 <td><strong>Rectification<\/strong><\/td>\r\n\u00a0 \u00a0 \u00a0 \u00a0 \u00a0 \u00a0 \u00a0 \u00a0 <td>Modifier des donn\u00e9es inexactes ou incompl\u00e8tes.<\/td>\r\n\u00a0 \u00a0 \u00a0 \u00a0 \u00a0 \u00a0 <\/tr>\r\n\u00a0 \u00a0 \u00a0 \u00a0 \u00a0 \u00a0 <tr>\r\n\u00a0 \u00a0 \u00a0 \u00a0 \u00a0 \u00a0 \u00a0 \u00a0 <td><strong>Effacement (Droit \u00e0 l'Oubli)<\/strong><\/td>\r\n\u00a0 \u00a0 \u00a0 \u00a0 \u00a0 \u00a0 \u00a0 \u00a0 <td>Demander la suppression des donn\u00e9es qui ne sont plus n\u00e9cessaires \u00e0 la finalit\u00e9 pour laquelle elles ont \u00e9t\u00e9 collect\u00e9es.<\/td>\r\n\u00a0 \u00a0 \u00a0 \u00a0 \u00a0 \u00a0 <\/tr>\r\n\u00a0 \u00a0 \u00a0 \u00a0 \u00a0 \u00a0 <tr>\r\n\u00a0 \u00a0 \u00a0 \u00a0 \u00a0 \u00a0 \u00a0 \u00a0 <td><strong>Opposition<\/strong><\/td>\r\n\u00a0 \u00a0 \u00a0 \u00a0 \u00a0 \u00a0 \u00a0 \u00a0 <td>S'opposer au traitement de vos donn\u00e9es pour une finalit\u00e9 sp\u00e9cifique, notamment si la base l\u00e9gale est l'int\u00e9r\u00eat l\u00e9gitime ou la mission d'int\u00e9r\u00eat public.<\/td>\r\n\u00a0 \u00a0 \u00a0 \u00a0 \u00a0 \u00a0 <\/tr>\r\n\u00a0 \u00a0 \u00a0 \u00a0 \u00a0 \u00a0 <tr>\r\n\u00a0 \u00a0 \u00a0 \u00a0 \u00a0 \u00a0 \u00a0 \u00a0 <td><strong>Limitation<\/strong><\/td>\r\n\u00a0 \u00a0 \u00a0 \u00a0 \u00a0 \u00a0 \u00a0 \u00a0 <td>Demander la suspension du traitement de vos donn\u00e9es pendant la r\u00e9solution de r\u00e9clamations ou de contestations.<\/td>\r\n\u00a0 \u00a0 \u00a0 \u00a0 \u00a0 \u00a0 <\/tr>\r\n\u00a0 \u00a0 \u00a0 \u00a0 \u00a0 \u00a0 <tr>\r\n\u00a0 \u00a0 \u00a0 \u00a0 \u00a0 \u00a0 \u00a0 \u00a0 <td><strong>Portabilit\u00e9<\/strong><\/td>\r\n\u00a0 \u00a0 \u00a0 \u00a0 \u00a0 \u00a0 \u00a0 \u00a0 <td>Recevoir vos donn\u00e9es personnelles dans un format structur\u00e9, couramment utilis\u00e9 et lisible par machine, et pouvoir les transmettre \u00e0 un autre responsable.<\/td>\r\n\u00a0 \u00a0 \u00a0 \u00a0 \u00a0 \u00a0 <\/tr>\r\n\u00a0 \u00a0 \u00a0 \u00a0 <\/tbody>\r\n\u00a0 \u00a0 <\/table>\r\n\r\n\u00a0 \u00a0 <h3>Comment Exercer les Droits<\/h3>\r\n\u00a0 \u00a0 <p>Les droits peuvent \u00eatre exerc\u00e9s par \u00e9crit, en indiquant le droit sollicit\u00e9 et en joignant une copie de votre DNI ou d'un document d'identification \u00e9quivalent, adress\u00e9 \u00e0 :<\/p>\r\n\u00a0 \u00a0 <ul>\r\n\u00a0 \u00a0 \u00a0 \u00a0 <li><strong>Adresse Postale :<\/strong> Patronato Municipal de Turismo y Playas de Alicante, Calle Cervantes, 3, 1er \u00e9tage, 03002 Alicante.<\/li>\r\n\u00a0 \u00a0 \u00a0 \u00a0 <li><strong>Par Voie \u00c9lectronique :<\/strong> Via le si\u00e8ge \u00e9lectronique de la Mairie d'Alicante, en utilisant les proc\u00e9dures officielles du Registre G\u00e9n\u00e9ral (n\u00e9cessite un Certificat Num\u00e9rique ou Cl@ve Permanente) ou en personne au Registre G\u00e9n\u00e9ral de la Mairie, conform\u00e9ment \u00e0 la Loi 39\/2015.<\/li>\r\n\u00a0 \u00a0 <\/ul>\r\n\u00a0 \u00a0 <p>Si vous estimez que vous n'avez pas obtenu satisfaction dans l'exercice de vos droits, vous pouvez d\u00e9poser une <strong>r\u00e9clamation aupr\u00e8s de l'Agence Espagnole de Protection des Donn\u00e9es (AEPD)<\/strong>.<\/p>\r\n\r\n\u00a0 \u00a0 <h2>VI. S\u00e9curit\u00e9 et Confidentialit\u00e9<\/h2>\r\n\u00a0 \u00a0 <p>Le Patronato garantit l'application de mesures techniques et organisationnelles appropri\u00e9es pour assurer la s\u00e9curit\u00e9 et la confidentialit\u00e9 de vos donn\u00e9es personnelles, afin d'\u00e9viter leur alt\u00e9ration, perte, traitement ou acc\u00e8s non autoris\u00e9, en tenant compte de l'\u00e9tat de la technique, de la nature des donn\u00e9es et des risques auxquels elles sont expos\u00e9es (Art. 32 RGPD).<\/p>\r\n\u00a0 \u00a0 <p>Le Patronato, en tant qu'organisme rattach\u00e9 \u00e0 la Mairie d'Alicante, assume l'obligation de confidentialit\u00e9 des informations personnelles (Art. 5.1.f RGPD), ce domaine \u00e9tant une zone de risque pr\u00e9alablement d\u00e9tect\u00e9e par l'AEPD au sein de l'entit\u00e9 m\u00e8re.<\/p>\r\n\r\n\u00a0 \u00a0 <h2>VII. Utilisation des <em>Cookies<\/em><\/h2>\r\n\u00a0 \u00a0 <p>Ce site web utilise des <em>cookies<\/em> propres et de tiers. Pour conna\u00eetre la typologie, les finalit\u00e9s, et la mani\u00e8re de g\u00e9rer le consentement, veuillez consulter notre <strong>Politique de Cookies<\/strong>.<\/p>\r\n<\/div>\t\t\t\t<\/div>\n\t\t\t\t<\/div>\n\t\t\t\t<\/div>\n\t\t\t\t<\/div>\n\t\t","protected":false},"excerpt":{"rendered":"<p>Politique de confidentialit\u00e9 RESPONSABLE : Patronato Municipal de Turismo y Playas de Alicante (Office municipal du tourisme et des plages d&rsquo;Alicante). Calle Cervantes, 3, 1er \u00e9tage, 03002 Alicante. NIF : P0300035C D\u00c9L\u00c9GU\u00c9 \u00c0 LA PROTECTION DES DONN\u00c9ES : Patronato Municipal de Turismo y Playas de Alicante (Office municipal du tourisme et des plages d&rsquo;Alicante). FINALIT\u00c9 [&hellip;]<\/p>\n","protected":false},"author":1,"featured_media":0,"parent":0,"menu_order":0,"comment_status":"closed","ping_status":"closed","template":"","meta":{"_acf_changed":false,"footnotes":""},"class_list":["post-283955","page","type-page","status-publish","hentry"],"acf":[],"_links":{"self":[{"href":"https:\/\/alicanteturismo.com\/fr\/wp-json\/wp\/v2\/pages\/283955","targetHints":{"allow":["GET"]}}],"collection":[{"href":"https:\/\/alicanteturismo.com\/fr\/wp-json\/wp\/v2\/pages"}],"about":[{"href":"https:\/\/alicanteturismo.com\/fr\/wp-json\/wp\/v2\/types\/page"}],"author":[{"embeddable":true,"href":"https:\/\/alicanteturismo.com\/fr\/wp-json\/wp\/v2\/users\/1"}],"replies":[{"embeddable":true,"href":"https:\/\/alicanteturismo.com\/fr\/wp-json\/wp\/v2\/comments?post=283955"}],"version-history":[{"count":0,"href":"https:\/\/alicanteturismo.com\/fr\/wp-json\/wp\/v2\/pages\/283955\/revisions"}],"wp:attachment":[{"href":"https:\/\/alicanteturismo.com\/fr\/wp-json\/wp\/v2\/media?parent=283955"}],"curies":[{"name":"wp","href":"https:\/\/api.w.org\/{rel}","templated":true}]}}