{"id":283712,"date":"2024-10-24T17:13:52","date_gmt":"2024-10-24T15:13:52","guid":{"rendered":"https:\/\/dev.alicanteturismo.com\/droits-et-obligations-des-utilisateurs-de-services-touristiques\/"},"modified":"2024-11-18T13:39:11","modified_gmt":"2024-11-18T12:39:11","slug":"droits-et-obligations-des-utilisateurs-de-services-touristiques","status":"publish","type":"page","link":"https:\/\/alicanteturismo.com\/fr\/droits-et-obligations-des-utilisateurs-de-services-touristiques\/","title":{"rendered":"Droits et obligations des utilisateurs de services touristiques"},"content":{"rendered":"\t\t<div data-elementor-type=\"wp-page\" data-elementor-id=\"283712\" class=\"elementor elementor-283712 elementor-280193\" data-elementor-post-type=\"page\">\n\t\t\t\t<div class=\"elementor-element elementor-element-7b4e6af e-con-full e-flex e-con e-parent\" data-id=\"7b4e6af\" data-element_type=\"container\" data-e-type=\"container\" data-settings=\"{&quot;background_background&quot;:&quot;classic&quot;}\">\n\t\t\t\t<div class=\"elementor-element elementor-element-26959f6 elementor-widget elementor-widget-heading\" data-id=\"26959f6\" data-element_type=\"widget\" data-e-type=\"widget\" data-widget_type=\"heading.default\">\n\t\t\t\t<div class=\"elementor-widget-container\">\n\t\t\t\t\t<h1 class=\"elementor-heading-title elementor-size-default\">Droits et obligations des utilisateurs de services touristiques<\/h1>\t\t\t\t<\/div>\n\t\t\t\t<\/div>\n\t\t\t\t<\/div>\n\t\t<div class=\"elementor-element elementor-element-8c71911 e-con-full e-flex e-con e-parent\" data-id=\"8c71911\" data-element_type=\"container\" data-e-type=\"container\">\n\t\t<div class=\"elementor-element elementor-element-4278aa9 e-con-full e-flex e-con e-child\" data-id=\"4278aa9\" data-element_type=\"container\" data-e-type=\"container\">\n\t\t\t\t<div class=\"elementor-element elementor-element-f8cc20c elementor-widget__width-initial elementor-widget elementor-widget-image\" data-id=\"f8cc20c\" data-element_type=\"widget\" data-e-type=\"widget\" data-widget_type=\"image.default\">\n\t\t\t\t<div class=\"elementor-widget-container\">\n\t\t\t\t\t\t\t\t\t\t\t\t\t\t\t<img fetchpriority=\"high\" decoding=\"async\" width=\"800\" height=\"800\" src=\"https:\/\/alicanteturismo.com\/wp-content\/uploads\/2024\/10\/icono-ley-con-logo-patronato-1024x1024.png\" class=\"attachment-large size-large wp-image-280214\" alt=\"\" srcset=\"https:\/\/alicanteturismo.com\/wp-content\/uploads\/2024\/10\/icono-ley-con-logo-patronato-1024x1024.png 1024w, https:\/\/alicanteturismo.com\/wp-content\/uploads\/2024\/10\/icono-ley-con-logo-patronato-300x300.png 300w, https:\/\/alicanteturismo.com\/wp-content\/uploads\/2024\/10\/icono-ley-con-logo-patronato-150x150.png 150w, https:\/\/alicanteturismo.com\/wp-content\/uploads\/2024\/10\/icono-ley-con-logo-patronato-768x768.png 768w, https:\/\/alicanteturismo.com\/wp-content\/uploads\/2024\/10\/icono-ley-con-logo-patronato-500x500.png 500w, https:\/\/alicanteturismo.com\/wp-content\/uploads\/2024\/10\/icono-ley-con-logo-patronato-700x700.png 700w, https:\/\/alicanteturismo.com\/wp-content\/uploads\/2024\/10\/icono-ley-con-logo-patronato.png 1080w\" sizes=\"(max-width: 800px) 100vw, 800px\" \/>\t\t\t\t\t\t\t\t\t\t\t\t\t\t\t<\/div>\n\t\t\t\t<\/div>\n\t\t\t\t<div class=\"elementor-element elementor-element-7c22006 elementor-widget elementor-widget-text-editor\" data-id=\"7c22006\" data-element_type=\"widget\" data-e-type=\"widget\" data-widget_type=\"text-editor.default\">\n\t\t\t\t<div class=\"elementor-widget-container\">\n\t\t\t\t\t\t\t\t\t<p data-wahfont=\"16\"><strong>Loi 15\/2018, du 7 juin, sur le tourisme, les loisirs et l&rsquo;hospitalit\u00e9 de la Communaut\u00e9 valencienne.  <\/strong><\/p>\n<p data-wahfont=\"16\">\u00ab\u00a0DOGV\u00a0\u00bb n\u00b0 8313 du 08 juin 2018. \u00ab\u00a0BOE\u00a0\u00bb n\u00b0 157, du 29 juin 2018. <\/p>\n<p data-wahfont=\"16\"><strong>R\u00e9f\u00e9rence : BOE-A-2018-8950<\/strong><\/p>\n\t\t\t\t\t\t\t\t<\/div>\n\t\t\t\t<\/div>\n\t\t\t\t<\/div>\n\t\t\t\t<div class=\"elementor-element elementor-element-f633066 elementor-widget elementor-widget-heading\" data-id=\"f633066\" data-element_type=\"widget\" data-e-type=\"widget\" data-widget_type=\"heading.default\">\n\t\t\t\t<div class=\"elementor-widget-container\">\n\t\t\t\t\t<h2 class=\"elementor-heading-title elementor-size-default\">Droits et obligations des utilisateurs de services touristiques<\/h2>\t\t\t\t<\/div>\n\t\t\t\t<\/div>\n\t\t\t\t<div class=\"elementor-element elementor-element-ebeff78 elementor-widget elementor-widget-text-editor\" data-id=\"ebeff78\" data-element_type=\"widget\" data-e-type=\"widget\" data-widget_type=\"text-editor.default\">\n\t\t\t\t<div class=\"elementor-widget-container\">\n\t\t\t\t\t\t\t\t\t<p><strong>Chapitre II. Section I.   <\/strong><\/p>\n<h4 data-wahfont=\"18\"><strong>Article 16 : Droits. <\/strong><\/h4>\n<p data-wahfont=\"16\">Les utilisateurs de services touristiques, sans pr\u00e9judice des dispositions de la l\u00e9gislation g\u00e9n\u00e9rale en mati\u00e8re de protection des consommateurs, ont le droit de<\/p>\n<p data-wahfont=\"16\">a) Recevoir des entreprises touristiques des informations objectives, v\u00e9ridiques et compr\u00e9hensibles, compl\u00e8tes et pr\u00e9alables \u00e0 la conclusion d&rsquo;un contrat portant sur les services qui leur sont propos\u00e9s, ainsi que le prix final, taxes comprises. Et d&rsquo;\u00eatre prot\u00e9g\u00e9 contre toute information ou publicit\u00e9 trompeuse, conform\u00e9ment \u00e0 la l\u00e9gislation en vigueur. <\/p>\n<p data-wahfont=\"16\">(b) obtenir des documents attestant des conditions de leur engagement.<\/p>\n<p data-wahfont=\"16\">c) recevoir des services touristiques dans les conditions offertes ou convenues et, en tout \u00e9tat de cause, que la nature et la qualit\u00e9 de leur prestation soient en rapport direct avec la cat\u00e9gorie de l&rsquo;entreprise ou de l&rsquo;\u00e9tablissement touristique.<\/p>\n<p data-wahfont=\"16\">d) de b\u00e9n\u00e9ficier d&rsquo;espaces, d&rsquo;infrastructures et de services touristiques accessibles.<\/p>\n<p data-wahfont=\"16\">e) le libre acc\u00e8s aux \u00e9tablissements et services touristiques dans les conditions pr\u00e9vues par la loi.<\/p>\n<p data-wahfont=\"16\">f) que les \u00e9tablissements touristiques respectent les r\u00e9glementations relatives \u00e0 la s\u00e9curit\u00e9 de leurs installations et \u00e0 la protection contre l&rsquo;incendie, ainsi que les r\u00e9glementations sp\u00e9cifiques au tourisme.<\/p>\n<p data-wahfont=\"16\">(g) d&rsquo;\u00eatre inform\u00e9, de mani\u00e8re claire, des installations ou services qui peuvent pr\u00e9senter un risque et des mesures de s\u00e9curit\u00e9 adopt\u00e9es \u00e0 cet \u00e9gard.<\/p>\n<p data-wahfont=\"16\">h) Recevoir une facture ou une preuve de paiement pour le service touristique fourni avec les informations requises par la l\u00e9gislation en vigueur.<\/p>\n<p data-wahfont=\"16\">i) Formuler des plaintes et des r\u00e9clamations et obtenir des informations accessibles et v\u00e9ridiques sur la proc\u00e9dure \u00e0 suivre pour les pr\u00e9senter et leur traitement, avec la possibilit\u00e9 de recourir \u00e0 un syst\u00e8me de r\u00e9solution extrajudiciaire des conflits par le biais de la m\u00e9diation et de l&rsquo;arbitrage. De m\u00eame, ils ont le droit d&rsquo;obtenir de l&rsquo;administration publique comp\u00e9tente qu&rsquo;elle assure une efficacit\u00e9 maximale dans l&rsquo;examen et le traitement de leurs plaintes ou r\u00e9clamations. <\/p>\n<p data-wahfont=\"16\">j) de recourir \u00e0 des formules d&rsquo;arbitrage pour la r\u00e9solution extrajudiciaire de leurs conflits ayant des cons\u00e9quences \u00e9conomiques.<\/p>\n<p data-wahfont=\"16\">k) exiger l&rsquo;affichage public, dans un endroit facilement visible, des signes accr\u00e9ditant la classification de l&rsquo;\u00e9tablissement, la capacit\u00e9, les prix des services offerts et toute autre variable d&rsquo;activit\u00e9, ainsi que les symboles de qualit\u00e9 correspondants.<\/p>\n<h4 data-wahfont=\"18\"><strong>Article 17 &#8211; Obligations. <\/strong><\/h4>\n<p data-wahfont=\"16\">Les utilisateurs de services touristiques, sans pr\u00e9judice des dispositions des r\u00e9glementations sectorielles applicables, ont les obligations suivantes :<\/p>\n<p data-wahfont=\"16\">a) Respecter les traditions et les pratiques sociales et culturelles des destinations touristiques, ainsi que leur richesse et leur valeur.<\/p>\n<p data-wahfont=\"16\">b) Respecter l&rsquo;environnement, le patrimoine historique et culturel et les ressources touristiques.<\/p>\n<p data-wahfont=\"16\">c) payer les services contract\u00e9s, soit au moment de la pr\u00e9sentation de la facture, soit \u00e0 la date, au lieu et de la mani\u00e8re convenus, sans qu&rsquo;il soit possible de pr\u00e9senter une r\u00e9clamation ou une plainte impliquant, en tout \u00e9tat de cause, une exemption de paiement.<\/p>\n<p data-wahfont=\"16\">d) Dans le cas d&rsquo;un service d&rsquo;h\u00e9bergement touristique, respecter la date et l&rsquo;heure convenues pour le d\u00e9part de l&rsquo;\u00e9tablissement, en laissant libre l&rsquo;unit\u00e9 d&rsquo;h\u00e9bergement occup\u00e9e.<\/p>\n<p data-wahfont=\"16\">e) Observer les r\u00e8gles de respect, d&rsquo;\u00e9ducation, de cohabitation sociale, d&rsquo;habillement et d&rsquo;hygi\u00e8ne pour une utilisation correcte des \u00e9tablissements et services touristiques.<\/p>\n<p data-wahfont=\"16\">f) Respecter les installations et les \u00e9quipements des \u00e9tablissements et des entreprises touristiques.<\/p>\n<p data-wahfont=\"16\">g) Respecter le r\u00e8glement int\u00e9rieur des \u00e9tablissements touristiques, les horaires d&rsquo;ouverture et les r\u00e8gles de conduite des lieux de visite et des activit\u00e9s touristiques.<\/p>\n\t\t\t\t\t\t\t\t<\/div>\n\t\t\t\t<\/div>\n\t\t\t\t<div class=\"elementor-element elementor-element-b4eab97 elementor-widget elementor-widget-button\" data-id=\"b4eab97\" data-element_type=\"widget\" data-e-type=\"widget\" data-widget_type=\"button.default\">\n\t\t\t\t<div class=\"elementor-widget-container\">\n\t\t\t\t\t\t\t\t\t<div class=\"elementor-button-wrapper\">\n\t\t\t\t\t<a class=\"elementor-button elementor-button-link elementor-size-sm\" href=\"https:\/\/alicanteturismo.com\/wp-content\/uploads\/2024\/10\/llei-hospitalitat-Comunitat-Valenciana.pdf\">\n\t\t\t\t\t\t<span class=\"elementor-button-content-wrapper\">\n\t\t\t\t\t\t\t\t\t<span class=\"elementor-button-text\">Voir la loi 15\/2018, du 7 juin, sur le tourisme, les loisirs et l'hospitalit\u00e9 de la Comunitat Valenciana ICI<\/span>\n\t\t\t\t\t<\/span>\n\t\t\t\t\t<\/a>\n\t\t\t\t<\/div>\n\t\t\t\t\t\t\t\t<\/div>\n\t\t\t\t<\/div>\n\t\t\t\t<\/div>\n\t\t\t\t<\/div>\n\t\t","protected":false},"excerpt":{"rendered":"<p>Loi 15\/2018, du 7 juin, sur le tourisme, les loisirs et l&rsquo;hospitalit\u00e9 de la Communaut\u00e9 valencienne. \u00ab\u00a0DOGV\u00a0\u00bb n\u00b0 8313 du 08 juin 2018. \u00ab\u00a0BOE\u00a0\u00bb n\u00b0 157, du 29 juin 2018. R\u00e9f\u00e9rence : BOE-A-2018-8950 Droits et obligations des utilisateurs de services touristiques Chapitre II. Section I. Article 16 : Droits. Les utilisateurs de services touristiques, sans [&hellip;]<\/p>\n","protected":false},"author":1,"featured_media":0,"parent":0,"menu_order":0,"comment_status":"closed","ping_status":"closed","template":"","meta":{"_acf_changed":false,"footnotes":""},"class_list":["post-283712","page","type-page","status-publish","hentry"],"acf":[],"_links":{"self":[{"href":"https:\/\/alicanteturismo.com\/fr\/wp-json\/wp\/v2\/pages\/283712","targetHints":{"allow":["GET"]}}],"collection":[{"href":"https:\/\/alicanteturismo.com\/fr\/wp-json\/wp\/v2\/pages"}],"about":[{"href":"https:\/\/alicanteturismo.com\/fr\/wp-json\/wp\/v2\/types\/page"}],"author":[{"embeddable":true,"href":"https:\/\/alicanteturismo.com\/fr\/wp-json\/wp\/v2\/users\/1"}],"replies":[{"embeddable":true,"href":"https:\/\/alicanteturismo.com\/fr\/wp-json\/wp\/v2\/comments?post=283712"}],"version-history":[{"count":0,"href":"https:\/\/alicanteturismo.com\/fr\/wp-json\/wp\/v2\/pages\/283712\/revisions"}],"wp:attachment":[{"href":"https:\/\/alicanteturismo.com\/fr\/wp-json\/wp\/v2\/media?parent=283712"}],"curies":[{"name":"wp","href":"https:\/\/api.w.org\/{rel}","templated":true}]}}