{"id":298436,"date":"2025-02-28T13:31:51","date_gmt":"2025-02-28T12:31:51","guid":{"rendered":"https:\/\/alicanteturismo.com\/empfehlungen-gegen-die-portugiesische-karavelle-oder-fregatte-und-quallen\/"},"modified":"2025-06-13T10:45:14","modified_gmt":"2025-06-13T08:45:14","slug":"empfehlungen-gegen-die-portugiesische-karavelle-oder-fregatte-und-quallen","status":"publish","type":"page","link":"https:\/\/alicanteturismo.com\/de\/empfehlungen-gegen-die-portugiesische-karavelle-oder-fregatte-und-quallen\/","title":{"rendered":"Empfehlungen gegen die portugiesische Karavelle oder Fregatte und Quallen"},"content":{"rendered":"\t\t<div data-elementor-type=\"wp-page\" data-elementor-id=\"298436\" class=\"elementor elementor-298436 elementor-298388\" data-elementor-post-type=\"page\">\n\t\t\t\t<div class=\"elementor-element elementor-element-445693d e-con-full e-flex e-con e-parent\" data-id=\"445693d\" data-element_type=\"container\" data-e-type=\"container\" data-settings=\"{&quot;background_background&quot;:&quot;classic&quot;}\">\n\t\t\t\t<\/div>\n\t\t<div class=\"elementor-element elementor-element-39f8016 e-con-full e-flex e-con e-parent\" data-id=\"39f8016\" data-element_type=\"container\" data-e-type=\"container\">\n\t\t<div class=\"elementor-element elementor-element-941a83b e-con-full e-flex e-con e-child\" data-id=\"941a83b\" data-element_type=\"container\" data-e-type=\"container\">\n\t\t\t\t<div class=\"elementor-element elementor-element-945e227 elementor-widget__width-initial elementor-widget elementor-widget-text-editor\" data-id=\"945e227\" data-element_type=\"widget\" data-e-type=\"widget\" data-widget_type=\"text-editor.default\">\n\t\t\t\t<div class=\"elementor-widget-container\">\n\t\t\t\t\t\t\t\t\t<p>Die <strong>Portugiesische Galeere <a href=\"https:\/\/es.wikipedia.org\/wiki\/Physalia_physalis\" target=\"_blank\" rel=\"noopener\">(Physalia physalis)<\/a><\/strong> ist eine sehr gef\u00e4hrliche Quallenart. Der Kontakt mit ihren Tentakeln kann sehr ernste Folgen haben, da Symptome wie Magen-Darm-, neurologische, Muskel- und Herz-Kreislauf-St\u00f6rungen auftreten k\u00f6nnen, mit der daraus resultierenden Gefahr des Ertrinkens.<\/p>\n<p>Sie k\u00f6nnen Brennen, starke Schmerzen und Hautrisse verursachen und die Tentakeln bleiben oft an der Haut haften.<\/p>\n<p>Die Fortbewegung dieser Art ist den Oberfl\u00e4chenstr\u00f6mungen und dem Wind unterworfen, und ihr K\u00f6rper, an dem sich die Tentakeln befinden, schwimmt und hat die Form eines Segels (Schwimmers). Es ist typisch f\u00fcr die gem\u00e4\u00dfigten Gew\u00e4sser des Atlantiks, wird aber gelegentlich auch in den Gew\u00e4ssern des Mittelmeers beobachtet.<\/p>\n<p><strong>EMPFEHLUNGEN F\u00dcR DIE SICHTUNG PORTUGIESISCHER KARAVELLE:<\/strong><\/p>\n<ol>\n<li>Wenn sich am Strand Quallen oder Portugiesische Galeeren befinden, schwimmen Sie nicht und halten Sie sich vom Ufer fern, wo sich Teile der Tiere befinden k\u00f6nnten.<\/li>\n<li>Wenn Sie im Wasser sind und Quallen oder eine Portugiesische Galeere schwimmen sehen, gehen Sie weg und begeben Sie sich ans Ufer. Bei der Portugiesischen Galeere ist es zwar schon von Weitem erkennbar, dass der Schwimmk\u00f6rper auf dem Wasser sitzt, die ausgefahrenen Tentakeln sind jedoch sehr lang (in manchen F\u00e4llen bis zu 30 Meter) und k\u00f6nnen einen ber\u00fchren.<\/li>\n<li>Befinden sich die Qualle oder Portugiesische Galeere au\u00dferhalb des Wassers (im Sand, auf Felsen usw.), d\u00fcrfen Sie sie nicht ber\u00fchren, denn auch wenn sie tot ist, kann sie Gift freisetzen.<\/li>\n<li>Befolgen Sie stets die Anweisungen der Rettungsschwimmer.<\/li>\n<\/ol>\n\t\t\t\t\t\t\t\t<\/div>\n\t\t\t\t<\/div>\n\t\t\t\t<div class=\"elementor-element elementor-element-ddff27b elementor-widget__width-initial elementor-widget elementor-widget-image\" data-id=\"ddff27b\" data-element_type=\"widget\" data-e-type=\"widget\" data-widget_type=\"image.default\">\n\t\t\t\t<div class=\"elementor-widget-container\">\n\t\t\t\t\t\t\t\t\t\t\t\t\t\t\t<img fetchpriority=\"high\" decoding=\"async\" width=\"2000\" height=\"1333\" src=\"https:\/\/alicanteturismo.com\/wp-content\/uploads\/2025\/02\/medusas.jpg\" class=\"attachment-full size-full wp-image-298394\" alt=\"\" srcset=\"https:\/\/alicanteturismo.com\/wp-content\/uploads\/2025\/02\/medusas.jpg 2000w, https:\/\/alicanteturismo.com\/wp-content\/uploads\/2025\/02\/medusas-300x200.jpg 300w, https:\/\/alicanteturismo.com\/wp-content\/uploads\/2025\/02\/medusas-1024x682.jpg 1024w, https:\/\/alicanteturismo.com\/wp-content\/uploads\/2025\/02\/medusas-768x512.jpg 768w, https:\/\/alicanteturismo.com\/wp-content\/uploads\/2025\/02\/medusas-391x260.jpg 391w, https:\/\/alicanteturismo.com\/wp-content\/uploads\/2025\/02\/medusas-1536x1024.jpg 1536w\" sizes=\"(max-width: 2000px) 100vw, 2000px\" \/>\t\t\t\t\t\t\t\t\t\t\t\t\t\t\t<\/div>\n\t\t\t\t<\/div>\n\t\t\t\t<div class=\"elementor-element elementor-element-9ed0cad elementor-widget__width-initial elementor-widget elementor-widget-text-editor\" data-id=\"9ed0cad\" data-element_type=\"widget\" data-e-type=\"widget\" data-widget_type=\"text-editor.default\">\n\t\t\t\t<div class=\"elementor-widget-container\">\n\t\t\t\t\t\t\t\t\t<p><strong>PROTOKOLL F\u00dcR MASSNAHMEN IM FALLE EINES KONTAKTS MIT DER PORTUGIESISCHEN KARAVELLE<\/strong><\/p>\n<ul>\n<li>Steigen Sie aus dem Wasser und rufen Sie den Rettungsdienst. Bei einem Stich einer Portugiesischen Galeere k\u00f6nnen folgende Symptome auftreten: \u00dcbelkeit, Erbrechen, Schwindel, Muskelkr\u00e4mpfe, Kopfschmerzen, Atemnot oder allgemeines Unwohlsein. In diesem Fall ist es notwendig, das n\u00e4chstgelegene Gesundheitszentrum aufzusuchen oder die Nummer 112 anzurufen.<\/li>\n<li><strong>Entfernen Sie alle Tentakelreste<\/strong>, die mit der Haut in Ber\u00fchrung gekommen sein k\u00f6nnten. Vermeiden Sie dabei Kratzer und ber\u00fchren Sie die Tentakelreste nicht direkt mit den H\u00e4nden. Entfernen Sie die Tentakeln mit einer Pinzette und Handschuhen; Wenn Sie keinen haben, verwenden Sie die Kante eines starren Gegenstands wie beispielsweise einer Kreditkarte oder eines F\u00fchrerscheins, um den Kontakt mit Ihren H\u00e4nden zu vermeiden.<\/li>\n<li><strong>So neutralisieren Sie das Gift:<\/strong>\n<ul>\n<li>Reiben Sie die betroffene Stelle niemals und reinigen Sie die Wunde niemals mit Handt\u00fcchern oder Sand, da durch Druck das Gift st\u00e4rker freigesetzt werden kann.<\/li>\n<li>Waschen Sie die betroffene Stelle mit Meerwasser und pr\u00fcfen Sie vorher, ob sich im Wasser keine Tentakelfragmente befinden. Waschen Sie es niemals mit S\u00fc\u00dfwasser (durch die Ver\u00e4nderung des Salzgehalts wird mehr Gift freigesetzt).<\/li>\n<li>Zur Schmerzlinderung k\u00fchlen Sie die betroffene Stelle mit einem Plastikbeutel mit Eis (direkten Kontakt mit der Haut vermeiden). Tragen Sie es 10\u201315 Minuten lang auf, ruhen Sie sich 5 Minuten aus und tragen Sie es erneut auf.<\/li>\n<li>Verwenden Sie kein Ammoniak, Essig oder Urin.<\/li>\n<\/ul>\n<\/li>\n<li>Obwohl die Schmerzen nach etwa zwei Stunden nachlassen, s<strong>ollten Sie einen Arzt aufsuchen,<\/strong> insbesondere wenn die <strong>Schmerzen stark sind oder mit anderen Beschwerden einhergehen.<\/strong><\/li>\n<li>Der Stich der Portugiesischen Galeere <strong>kann schwerwiegende Folgen haben, kommt aber selten vor, insbesondere bei Kindern<\/strong> oder bereits bestehenden Allergien.<\/li>\n<li><strong>Ber\u00fchren Sie niemals eine Karavelle<\/strong>, auch wenn sie scheinbar tot am Ufer liegt. Das Gift kann bis zu 48 Stunden nach dem Tod des Tieres aktiv sein.<\/li>\n<li><strong>Benachrichtigen Sie die Beh\u00f6rden oder Rettungsschwimmer und warnen Sie andere Benutzer<\/strong> des Gebiets, wenn Sie Exemplare im Wasser oder am Ufer sehen.<\/li>\n<\/ul>\n\t\t\t\t\t\t\t\t<\/div>\n\t\t\t\t<\/div>\n\t\t\t\t<\/div>\n\t\t\t\t<\/div>\n\t\t\t\t<\/div>\n\t\t","protected":false},"excerpt":{"rendered":"<p>Die Portugiesische Galeere (Physalia physalis) ist eine sehr gef\u00e4hrliche Quallenart. Der Kontakt mit ihren Tentakeln kann sehr ernste Folgen haben, da Symptome wie Magen-Darm-, neurologische, Muskel- und Herz-Kreislauf-St\u00f6rungen auftreten k\u00f6nnen, mit der daraus resultierenden Gefahr des Ertrinkens. Sie k\u00f6nnen Brennen, starke Schmerzen und Hautrisse verursachen und die Tentakeln bleiben oft an der Haut haften. Die [&hellip;]<\/p>\n","protected":false},"author":1,"featured_media":0,"parent":0,"menu_order":0,"comment_status":"closed","ping_status":"closed","template":"","meta":{"_acf_changed":false,"footnotes":""},"class_list":["post-298436","page","type-page","status-publish","hentry"],"acf":[],"_links":{"self":[{"href":"https:\/\/alicanteturismo.com\/de\/wp-json\/wp\/v2\/pages\/298436","targetHints":{"allow":["GET"]}}],"collection":[{"href":"https:\/\/alicanteturismo.com\/de\/wp-json\/wp\/v2\/pages"}],"about":[{"href":"https:\/\/alicanteturismo.com\/de\/wp-json\/wp\/v2\/types\/page"}],"author":[{"embeddable":true,"href":"https:\/\/alicanteturismo.com\/de\/wp-json\/wp\/v2\/users\/1"}],"replies":[{"embeddable":true,"href":"https:\/\/alicanteturismo.com\/de\/wp-json\/wp\/v2\/comments?post=298436"}],"version-history":[{"count":0,"href":"https:\/\/alicanteturismo.com\/de\/wp-json\/wp\/v2\/pages\/298436\/revisions"}],"wp:attachment":[{"href":"https:\/\/alicanteturismo.com\/de\/wp-json\/wp\/v2\/media?parent=298436"}],"curies":[{"name":"wp","href":"https:\/\/api.w.org\/{rel}","templated":true}]}}