{"id":298349,"date":"2025-02-28T11:12:22","date_gmt":"2025-02-28T10:12:22","guid":{"rendered":"https:\/\/alicanteturismo.com\/empfehlungen-und-praeventivmassnahmen-gegen-hitzewellen\/"},"modified":"2025-02-28T12:13:46","modified_gmt":"2025-02-28T11:13:46","slug":"empfehlungen-und-praeventivmassnahmen-gegen-hitzewellen","status":"publish","type":"page","link":"https:\/\/alicanteturismo.com\/de\/empfehlungen-und-praeventivmassnahmen-gegen-hitzewellen\/","title":{"rendered":"Empfehlungen und Pr\u00e4ventivma\u00dfnahmen gegen Hitzewellen"},"content":{"rendered":"\t\t<div data-elementor-type=\"wp-page\" data-elementor-id=\"298349\" class=\"elementor elementor-298349 elementor-298303\" data-elementor-post-type=\"page\">\n\t\t\t\t<div class=\"elementor-element elementor-element-5282ec9 e-con-full e-flex e-con e-parent\" data-id=\"5282ec9\" data-element_type=\"container\" data-e-type=\"container\" data-settings=\"{&quot;background_background&quot;:&quot;classic&quot;}\">\n\t\t\t\t<\/div>\n\t\t<div class=\"elementor-element elementor-element-9372331 e-con-full e-flex e-con e-parent\" data-id=\"9372331\" data-element_type=\"container\" data-e-type=\"container\">\n\t\t<div class=\"elementor-element elementor-element-42d9475 e-con-full e-flex e-con e-child\" data-id=\"42d9475\" data-element_type=\"container\" data-e-type=\"container\">\n\t\t\t\t<div class=\"elementor-element elementor-element-4af8613 elementor-widget__width-initial elementor-widget elementor-widget-text-editor\" data-id=\"4af8613\" data-element_type=\"widget\" data-e-type=\"widget\" data-widget_type=\"text-editor.default\">\n\t\t\t\t<div class=\"elementor-widget-container\">\n\t\t\t\t\t\t\t\t\t<h3><strong>Vorbeugende Ma\u00dfnahmen in der Hitze<\/strong><\/h3><ul><li>Trinken Sie viel Wasser, auch wenn Sie nicht durstig sind, mindestens 2 Liter pro Tag; vermeiden Sie Alkohol und Koffein.<\/li><li>Duschen oder baden Sie in den hei\u00dfesten Stunden des Tages mit lauwarmem Wasser.<\/li><li>Vermeiden Sie zu viel Sonne, besonders zwischen 12 und 16 Uhr.<\/li><li>Essen Sie Obst und Gem\u00fcse. Vermeiden Sie gro\u00dfe Mahlzeiten.<\/li><li>Ziehen Sie in Ihrer Wohnung in k\u00fchlere Bereiche um, schlie\u00dfen Sie Jalousien und Fenster und \u00f6ffnen Sie sie nachts, um zu l\u00fcften.<\/li><li>Helfen Sie den schw\u00e4chsten Personen in Ihrer Umgebung: \u00e4lteren Menschen, Kranken, Angeh\u00f6rigen und Kindern.<\/li><li>Wenn Sie \u00e4lter sind, Medikamente einnehmen oder an einer chronischen Krankheit leiden, erkundigen Sie sich bei Ihrem Gesundheitszentrum nach den zus\u00e4tzlichen Ma\u00dfnahmen, die Sie ergreifen sollten.<\/li><li>Tragen Sie leichte, locker sitzende Kleidung, vorzugsweise aus Baumwolle und in hellen Farben.<\/li><li>Wenn Sie ins Freie gehen, treffen Sie Schutzma\u00dfnahmen: Tragen Sie einen Hut, eine Sonnenbrille und Sonnenschutzmittel und suchen Sie Schatten.<\/li><li>Lassen Sie nie jemanden in einem geschlossenen oder geparkten Fahrzeug zur\u00fcck, auch nicht Ihr Haustier.<\/li><li>Wenn Sie Sport treiben, ist es ratsam, dies nicht in den zentralen Tagesstunden zu tun.<\/li><\/ul><h3><strong>Vermeiden Sie hitzebedingte Gesundheitsprobleme<\/strong><\/h3><p><strong>Sonnenbrand:<\/strong><\/p><ul><li>Verwenden Sie Sonnenschutzcremes und halten Sie sich wenig in der Sonne auf.<\/li><\/ul><p><strong>Muskelkr\u00e4mpfe aufgrund von \u00fcberm\u00e4\u00dfiger k\u00f6rperlicher Aktivit\u00e4t oder starkem Schwitzen:<\/strong><\/p><ul><li>Unterbrechen Sie Ihre T\u00e4tigkeit und ruhen Sie sich an einem k\u00fchlen Ort aus.<\/li><li>Vermeiden Sie intensive k\u00f6rperliche Aktivit\u00e4ten von langer Dauer.<\/li><li>Trinken Sie mit Wasser verd\u00fcnnte S\u00e4fte oder Sportgetr\u00e4nke.<\/li><li>Gehen Sie zu Ihrem Arzt, wenn die Kr\u00e4mpfe l\u00e4nger als eine Stunde andauern.<\/li><\/ul><p><strong>Hitzeersch\u00f6pfung durch \u00fcberm\u00e4\u00dfigen Verlust von K\u00f6rperfl\u00fcssigkeiten und Salzen:<\/strong><\/p><ul><li>Die wichtigsten Symptome sind Kopfschmerzen, M\u00fcdigkeit, Schw\u00e4che, Schwindel, \u00dcbelkeit oder Ohnmacht.<\/li><li>Ruhen Sie sich an einem k\u00fchlen Ort aus.<\/li><li>Trinken Sie mit Wasser verd\u00fcnnte S\u00e4fte oder Sportgetr\u00e4nke.<\/li><li>Gehen Sie zu Ihrem Gesundheitszentrum, wenn die Symptome l\u00e4nger als eine Stunde anhalten.<\/li><\/ul>\t\t\t\t\t\t\t\t<\/div>\n\t\t\t\t<\/div>\n\t\t\t\t<div class=\"elementor-element elementor-element-a860874 elementor-widget__width-initial elementor-widget elementor-widget-image\" data-id=\"a860874\" data-element_type=\"widget\" data-e-type=\"widget\" data-widget_type=\"image.default\">\n\t\t\t\t<div class=\"elementor-widget-container\">\n\t\t\t\t\t\t\t\t\t\t\t\t\t\t\t<img fetchpriority=\"high\" decoding=\"async\" width=\"1024\" height=\"1024\" src=\"https:\/\/alicanteturismo.com\/wp-content\/uploads\/2025\/02\/recomendaciones-ante-olas-de-calor-1024x1024-1.png\" class=\"attachment-full size-full wp-image-298314\" alt=\"\" srcset=\"https:\/\/alicanteturismo.com\/wp-content\/uploads\/2025\/02\/recomendaciones-ante-olas-de-calor-1024x1024-1.png 1024w, https:\/\/alicanteturismo.com\/wp-content\/uploads\/2025\/02\/recomendaciones-ante-olas-de-calor-1024x1024-1-300x300.png 300w, https:\/\/alicanteturismo.com\/wp-content\/uploads\/2025\/02\/recomendaciones-ante-olas-de-calor-1024x1024-1-150x150.png 150w, https:\/\/alicanteturismo.com\/wp-content\/uploads\/2025\/02\/recomendaciones-ante-olas-de-calor-1024x1024-1-768x768.png 768w, https:\/\/alicanteturismo.com\/wp-content\/uploads\/2025\/02\/recomendaciones-ante-olas-de-calor-1024x1024-1-500x500.png 500w, https:\/\/alicanteturismo.com\/wp-content\/uploads\/2025\/02\/recomendaciones-ante-olas-de-calor-1024x1024-1-700x700.png 700w\" sizes=\"(max-width: 1024px) 100vw, 1024px\" \/>\t\t\t\t\t\t\t\t\t\t\t\t\t\t\t<\/div>\n\t\t\t\t<\/div>\n\t\t\t\t<\/div>\n\t\t\t\t<\/div>\n\t\t\t\t<\/div>\n\t\t","protected":false},"excerpt":{"rendered":"<p>Vorbeugende Ma\u00dfnahmen in der Hitze Trinken Sie viel Wasser, auch wenn Sie nicht durstig sind, mindestens 2 Liter pro Tag; vermeiden Sie Alkohol und Koffein. Duschen oder baden Sie in den hei\u00dfesten Stunden des Tages mit lauwarmem Wasser. Vermeiden Sie zu viel Sonne, besonders zwischen 12 und 16 Uhr. Essen Sie Obst und Gem\u00fcse. Vermeiden [&hellip;]<\/p>\n","protected":false},"author":1,"featured_media":0,"parent":0,"menu_order":0,"comment_status":"closed","ping_status":"closed","template":"","meta":{"_acf_changed":false,"footnotes":""},"class_list":["post-298349","page","type-page","status-publish","hentry"],"acf":[],"_links":{"self":[{"href":"https:\/\/alicanteturismo.com\/de\/wp-json\/wp\/v2\/pages\/298349","targetHints":{"allow":["GET"]}}],"collection":[{"href":"https:\/\/alicanteturismo.com\/de\/wp-json\/wp\/v2\/pages"}],"about":[{"href":"https:\/\/alicanteturismo.com\/de\/wp-json\/wp\/v2\/types\/page"}],"author":[{"embeddable":true,"href":"https:\/\/alicanteturismo.com\/de\/wp-json\/wp\/v2\/users\/1"}],"replies":[{"embeddable":true,"href":"https:\/\/alicanteturismo.com\/de\/wp-json\/wp\/v2\/comments?post=298349"}],"version-history":[{"count":0,"href":"https:\/\/alicanteturismo.com\/de\/wp-json\/wp\/v2\/pages\/298349\/revisions"}],"wp:attachment":[{"href":"https:\/\/alicanteturismo.com\/de\/wp-json\/wp\/v2\/media?parent=298349"}],"curies":[{"name":"wp","href":"https:\/\/api.w.org\/{rel}","templated":true}]}}