{"id":284268,"date":"2024-08-19T12:45:52","date_gmt":"2024-08-19T10:45:52","guid":{"rendered":"https:\/\/dev.alicanteturismo.com\/rechtlicher-hinweis\/"},"modified":"2025-10-08T17:53:52","modified_gmt":"2025-10-08T15:53:52","slug":"rechtlicher-hinweis","status":"publish","type":"page","link":"https:\/\/alicanteturismo.com\/de\/rechtlicher-hinweis\/","title":{"rendered":"Rechtlicher Hinweis"},"content":{"rendered":"\t\t<div data-elementor-type=\"wp-page\" data-elementor-id=\"284268\" class=\"elementor elementor-284268 elementor-15130\" data-elementor-post-type=\"page\">\n\t\t\t\t<div class=\"elementor-element elementor-element-65e3680 e-con-full e-flex e-con e-parent\" data-id=\"65e3680\" data-element_type=\"container\" data-e-type=\"container\">\n\t\t\t\t<div class=\"elementor-element elementor-element-9dcfdca elementor-widget__width-inherit elementor-widget elementor-widget-heading\" data-id=\"9dcfdca\" data-element_type=\"widget\" data-e-type=\"widget\" data-widget_type=\"heading.default\">\n\t\t\t\t<div class=\"elementor-widget-container\">\n\t\t\t\t\t<h1 class=\"elementor-heading-title elementor-size-default\">Rechtlicher Hinweis<\/h1>\t\t\t\t<\/div>\n\t\t\t\t<\/div>\n\t\t\t\t<div class=\"elementor-element elementor-element-fe00318 elementor-widget elementor-widget-text-editor\" data-id=\"fe00318\" data-element_type=\"widget\" data-e-type=\"widget\" data-widget_type=\"text-editor.default\">\n\t\t\t\t<div class=\"elementor-widget-container\">\n\t\t\t\t\t\t\t\t\t<p><strong>VERANTWORTLICHER<\/strong>: Stadtverwaltung Alicante, Tourismus- und Strandverwaltung, Calle Cervantes 3, 1. Stock, 03002 Alicante.<\/p>\n<p><strong>NIF<\/strong>: P0300035C<\/p>\n<p data-wahfont=\"16\">Die Texte, Bilder, Sounds, Animationen, Videos und andere Inhalte dieser Website sind Eigentum des Patronato Municipal de Turismo y Playas de Alicante.<\/p>\n<p><\/p>\n<p data-wahfont=\"16\">Die Bilder auf der Website d\u00fcrfen ohne die ausdr\u00fcckliche schriftliche Genehmigung des Patronato Municipal de Turismo y Playas de Alicante nicht kopiert oder von Dritten f\u00fcr kommerzielle oder nichtkommerzielle Zwecke verwendet werden.<\/p>\n<p><\/p>\n<p data-wahfont=\"16\">Die Weitergabe, Verbreitung, Vervielf\u00e4ltigung oder Speicherung, ganz oder teilweise, ist verboten, es sei denn, es liegt eine ausdr\u00fcckliche vorherige schriftliche Genehmigung des Patronato Municipal de Turismo y Playas de Alicante vor, und es ist nicht anders angegeben.<\/p>\n<p><\/p>\n<p data-wahfont=\"16\">Die Logos des Patronato Municipal de Turismo y Playas de Alicante und der Unternehmen der Gruppe sowie die Namen ihrer Produkte sind eingetragene Marken.<\/p>\n<p><\/p>\n<p data-wahfont=\"16\">Diese Website kann Links zu externen Seiten enthalten, f\u00fcr deren Inhalt das Patronato Municipal de Turismo y Playas de Alicante nicht verantwortlich ist.<\/p>\n<p><\/p>\n<p data-wahfont=\"16\">Das Patronato Municipal de Turismo y Playas de Alicante kann die Spezifikationen und Fotos der Produkte sowie alle anderen hierin enthaltenen Informationen ohne vorherige Ank\u00fcndigung \u00e4ndern und \u00fcbernimmt keine Garantie irgendeiner Art.<\/p>\n<p><\/p>\n<p data-wahfont=\"16\">Das Patronato Municipal de Turismo y Playas de Alicante haftet nicht f\u00fcr direkte oder indirekte Sch\u00e4den, die durch die Genauigkeit, den Wahrheitsgehalt oder die Vollst\u00e4ndigkeit dieser Informationen oder durch die Verwendung dieser Informationen entstehen k\u00f6nnten.<\/p>\n\t\t\t\t\t\t\t\t<\/div>\n\t\t\t\t<\/div>\n\t\t\t\t<\/div>\n\t\t\t\t<\/div>\n\t\t","protected":false},"excerpt":{"rendered":"<p>Rechtlicher Hinweis VERANTWORTLICHER: Stadtverwaltung Alicante, Tourismus- und Strandverwaltung, Calle Cervantes 3, 1. Stock, 03002 Alicante. NIF: P0300035C Die Texte, Bilder, Sounds, Animationen, Videos und andere Inhalte dieser Website sind Eigentum des Patronato Municipal de Turismo y Playas de Alicante. Die Bilder auf der Website d\u00fcrfen ohne die ausdr\u00fcckliche schriftliche Genehmigung des Patronato Municipal de Turismo [&hellip;]<\/p>\n","protected":false},"author":1,"featured_media":0,"parent":0,"menu_order":0,"comment_status":"closed","ping_status":"closed","template":"","meta":{"_acf_changed":false,"footnotes":""},"class_list":["post-284268","page","type-page","status-publish","hentry"],"acf":[],"_links":{"self":[{"href":"https:\/\/alicanteturismo.com\/de\/wp-json\/wp\/v2\/pages\/284268","targetHints":{"allow":["GET"]}}],"collection":[{"href":"https:\/\/alicanteturismo.com\/de\/wp-json\/wp\/v2\/pages"}],"about":[{"href":"https:\/\/alicanteturismo.com\/de\/wp-json\/wp\/v2\/types\/page"}],"author":[{"embeddable":true,"href":"https:\/\/alicanteturismo.com\/de\/wp-json\/wp\/v2\/users\/1"}],"replies":[{"embeddable":true,"href":"https:\/\/alicanteturismo.com\/de\/wp-json\/wp\/v2\/comments?post=284268"}],"version-history":[{"count":0,"href":"https:\/\/alicanteturismo.com\/de\/wp-json\/wp\/v2\/pages\/284268\/revisions"}],"wp:attachment":[{"href":"https:\/\/alicanteturismo.com\/de\/wp-json\/wp\/v2\/media?parent=284268"}],"curies":[{"name":"wp","href":"https:\/\/api.w.org\/{rel}","templated":true}]}}