{"id":284032,"date":"2024-09-02T15:58:57","date_gmt":"2024-09-02T13:58:57","guid":{"rendered":"https:\/\/dev.alicanteturismo.com\/alicante\/"},"modified":"2024-11-18T13:42:29","modified_gmt":"2024-11-18T12:42:29","slug":"alicante","status":"publish","type":"page","link":"https:\/\/alicanteturismo.com\/de\/alicante\/","title":{"rendered":"+ Alicante"},"content":{"rendered":"\t\t<div data-elementor-type=\"wp-page\" data-elementor-id=\"284032\" class=\"elementor elementor-284032 elementor-20208\" data-elementor-post-type=\"page\">\n\t\t\t\t<div class=\"elementor-element elementor-element-2cd4dc0 e-con-full e-flex e-con e-parent\" data-id=\"2cd4dc0\" data-element_type=\"container\" data-e-type=\"container\" data-settings=\"{&quot;background_background&quot;:&quot;classic&quot;}\">\n\t\t\t\t<div class=\"elementor-element elementor-element-1254d4f elementor-widget elementor-widget-heading\" data-id=\"1254d4f\" data-element_type=\"widget\" data-e-type=\"widget\" data-widget_type=\"heading.default\">\n\t\t\t\t<div class=\"elementor-widget-container\">\n\t\t\t\t\t<h1 class=\"elementor-heading-title elementor-size-default\">Erfahren Sie mehr \u00fcber Alicante\n<\/h1>\t\t\t\t<\/div>\n\t\t\t\t<\/div>\n\t\t\t\t<\/div>\n\t\t<div class=\"elementor-element elementor-element-e59c63b e-con-full e-flex e-con e-parent\" data-id=\"e59c63b\" data-element_type=\"container\" data-e-type=\"container\">\n\t\t<div class=\"elementor-element elementor-element-7b5b6170 e-con-full e-flex e-con e-child\" data-id=\"7b5b6170\" data-element_type=\"container\" data-e-type=\"container\">\n\t\t\t\t<div class=\"elementor-element elementor-element-8fdd83b elementor-widget elementor-widget-heading\" data-id=\"8fdd83b\" data-element_type=\"widget\" data-e-type=\"widget\" data-widget_type=\"heading.default\">\n\t\t\t\t<div class=\"elementor-widget-container\">\n\t\t\t\t\t<h4 class=\"elementor-heading-title elementor-size-default\">Finden Sie heraus, was sie \u00fcber uns sagen.<\/h4>\t\t\t\t<\/div>\n\t\t\t\t<\/div>\n\t\t\t\t<div class=\"elementor-element elementor-element-bc87489 elementor-widget elementor-widget-text-editor\" data-id=\"bc87489\" data-element_type=\"widget\" data-e-type=\"widget\" data-widget_type=\"text-editor.default\">\n\t\t\t\t<div class=\"elementor-widget-container\">\n\t\t\t\t\t\t\t\t\t<p>Finden Sie eine Zusammenstellung relevanter Artikel \u00fcber die Stadt Alicante nach Ihrem bevorzugten Thema und in Ihrer Sprache.<\/p>\n\t\t\t\t\t\t\t\t<\/div>\n\t\t\t\t<\/div>\n\t\t\t\t<\/div>\n\t\t<div class=\"elementor-element elementor-element-3b8ba26 e-con-full e-flex e-con e-child\" data-id=\"3b8ba26\" data-element_type=\"container\" data-e-type=\"container\">\n\t\t\t\t<div class=\"elementor-element elementor-element-ff51329 elementor-widget elementor-widget-taxonomy-filter\" data-id=\"ff51329\" data-element_type=\"widget\" data-e-type=\"widget\" data-settings=\"{&quot;selected_element&quot;:&quot;00ee84e&quot;,&quot;multiple_selection&quot;:&quot;yes&quot;,&quot;taxonomy&quot;:&quot;categoria-de-mas-alicante&quot;,&quot;item_alignment_horizontal&quot;:&quot;start&quot;,&quot;logical_combination&quot;:&quot;AND&quot;,&quot;horizontal_scroll&quot;:&quot;disable&quot;}\" data-widget_type=\"taxonomy-filter.default\">\n\t\t\t\t<div class=\"elementor-widget-container\">\n\t\t\t\t\t\t\t<search class=\"e-filter\" role=\"search\" data-base-url=\"https:\/\/alicanteturismo.com\/de\/\" data-page-num=\"1\">\n\t\t\t\t\t\t\t<button class=\"e-filter-item\" data-filter=\"clima\" aria-pressed=\"false\">Clima<\/button>\n\t\t\t\t\t\t\t<button class=\"e-filter-item\" data-filter=\"cultura\" aria-pressed=\"false\">Cultura<\/button>\n\t\t\t\t\t\t\t<button class=\"e-filter-item\" data-filter=\"deportes\" aria-pressed=\"false\">Deportes<\/button>\n\t\t\t\t\t\t\t<button class=\"e-filter-item\" data-filter=\"diving\" aria-pressed=\"false\">Diving<\/button>\n\t\t\t\t\t\t\t<button class=\"e-filter-item\" data-filter=\"gastronomia\" aria-pressed=\"false\">Gastronom\u00eda<\/button>\n\t\t\t\t\t\t\t<button class=\"e-filter-item\" data-filter=\"playas\" aria-pressed=\"false\">Playas<\/button>\n\t\t\t\t\t\t\t<button class=\"e-filter-item\" data-filter=\"puerto-de-alicante\" aria-pressed=\"false\">Puerto de Alicante<\/button>\n\t\t\t\n\t\t\t\t\t\t\t\t\t<button class=\"e-filter-item\" data-filter=\"__all\" aria-pressed=\"true\">\n\t\t\t\tAlle\t\t\t<\/button>\n\t\t\t\t\t<\/search>\n\t\t\t\t\t\t<\/div>\n\t\t\t\t<\/div>\n\t\t\t\t<div class=\"elementor-element elementor-element-00ee84e elementor-grid-4 elementor-grid-mobile-2 elementor-grid-tablet-2 elementor-widget elementor-widget-loop-grid\" data-id=\"00ee84e\" data-element_type=\"widget\" data-e-type=\"widget\" data-settings=\"{&quot;template_id&quot;:285051,&quot;columns&quot;:4,&quot;columns_mobile&quot;:2,&quot;_skin&quot;:&quot;post&quot;,&quot;columns_tablet&quot;:&quot;2&quot;,&quot;edit_handle_selector&quot;:&quot;[data-elementor-type=\\&quot;loop-item\\&quot;]&quot;,&quot;row_gap&quot;:{&quot;unit&quot;:&quot;px&quot;,&quot;size&quot;:&quot;&quot;,&quot;sizes&quot;:[]},&quot;row_gap_widescreen&quot;:{&quot;unit&quot;:&quot;px&quot;,&quot;size&quot;:&quot;&quot;,&quot;sizes&quot;:[]},&quot;row_gap_laptop&quot;:{&quot;unit&quot;:&quot;px&quot;,&quot;size&quot;:&quot;&quot;,&quot;sizes&quot;:[]},&quot;row_gap_tablet_extra&quot;:{&quot;unit&quot;:&quot;px&quot;,&quot;size&quot;:&quot;&quot;,&quot;sizes&quot;:[]},&quot;row_gap_tablet&quot;:{&quot;unit&quot;:&quot;px&quot;,&quot;size&quot;:&quot;&quot;,&quot;sizes&quot;:[]},&quot;row_gap_mobile_extra&quot;:{&quot;unit&quot;:&quot;px&quot;,&quot;size&quot;:&quot;&quot;,&quot;sizes&quot;:[]},&quot;row_gap_mobile&quot;:{&quot;unit&quot;:&quot;px&quot;,&quot;size&quot;:&quot;&quot;,&quot;sizes&quot;:[]}}\" data-widget_type=\"loop-grid.post\">\n\t\t\t\t<div class=\"elementor-widget-container\">\n\t\t\t\t\t\t\t<div class=\"e-loop-nothing-found-message\">\n\t\t<\/div>\n\t\t\t\t\t\t<\/div>\n\t\t\t\t<\/div>\n\t\t\t\t<\/div>\n\t\t\t\t<\/div>\n\t\t\t\t<\/div>\n\t\t","protected":false},"excerpt":{"rendered":"<p>Erfahren Sie mehr \u00fcber Alicante Finden Sie heraus, was sie \u00fcber uns sagen. Finden Sie eine Zusammenstellung relevanter Artikel \u00fcber die Stadt Alicante nach Ihrem bevorzugten Thema und in Ihrer Sprache. Clima Cultura Deportes Diving Gastronom\u00eda Playas Puerto de Alicante Alle<\/p>\n","protected":false},"author":1,"featured_media":0,"parent":0,"menu_order":0,"comment_status":"closed","ping_status":"closed","template":"","meta":{"_acf_changed":false,"footnotes":""},"class_list":["post-284032","page","type-page","status-publish","hentry"],"acf":[],"_links":{"self":[{"href":"https:\/\/alicanteturismo.com\/de\/wp-json\/wp\/v2\/pages\/284032","targetHints":{"allow":["GET"]}}],"collection":[{"href":"https:\/\/alicanteturismo.com\/de\/wp-json\/wp\/v2\/pages"}],"about":[{"href":"https:\/\/alicanteturismo.com\/de\/wp-json\/wp\/v2\/types\/page"}],"author":[{"embeddable":true,"href":"https:\/\/alicanteturismo.com\/de\/wp-json\/wp\/v2\/users\/1"}],"replies":[{"embeddable":true,"href":"https:\/\/alicanteturismo.com\/de\/wp-json\/wp\/v2\/comments?post=284032"}],"version-history":[{"count":0,"href":"https:\/\/alicanteturismo.com\/de\/wp-json\/wp\/v2\/pages\/284032\/revisions"}],"wp:attachment":[{"href":"https:\/\/alicanteturismo.com\/de\/wp-json\/wp\/v2\/media?parent=284032"}],"curies":[{"name":"wp","href":"https:\/\/api.w.org\/{rel}","templated":true}]}}