{"id":283965,"date":"2024-08-19T12:48:34","date_gmt":"2024-08-19T10:48:34","guid":{"rendered":"https:\/\/dev.alicanteturismo.com\/cookies-politik\/"},"modified":"2025-01-28T16:14:12","modified_gmt":"2025-01-28T15:14:12","slug":"cookies-politik","status":"publish","type":"page","link":"https:\/\/alicanteturismo.com\/de\/cookies-politik\/","title":{"rendered":"Cookies Politik"},"content":{"rendered":"\t\t<div data-elementor-type=\"wp-page\" data-elementor-id=\"283965\" class=\"elementor elementor-283965 elementor-15142\" data-elementor-post-type=\"page\">\n\t\t\t\t<div class=\"elementor-element elementor-element-65e3680 e-con-full e-flex e-con e-parent\" data-id=\"65e3680\" data-element_type=\"container\" data-e-type=\"container\">\n\t\t\t\t<div class=\"elementor-element elementor-element-9dcfdca elementor-widget__width-inherit elementor-widget elementor-widget-heading\" data-id=\"9dcfdca\" data-element_type=\"widget\" data-e-type=\"widget\" data-widget_type=\"heading.default\">\n\t\t\t\t<div class=\"elementor-widget-container\">\n\t\t\t\t\t<h1 class=\"elementor-heading-title elementor-size-default\">Cookies Politik<\/h1>\t\t\t\t<\/div>\n\t\t\t\t<\/div>\n\t\t\t\t<div class=\"elementor-element elementor-element-fe00318 elementor-widget elementor-widget-text-editor\" data-id=\"fe00318\" data-element_type=\"widget\" data-e-type=\"widget\" data-widget_type=\"text-editor.default\">\n\t\t\t\t<div class=\"elementor-widget-container\">\n\t\t\t\t\t\t\t\t\t<p data-wahfont=\"16\"><b>a) Verwendung von Cookies und Web Bugs durch die Webseiten des PATRONATO MUNICIPAL DE TURISMO Y PLAYAS DE ALICANTE<\/b><\/p>\n<p data-wahfont=\"16\"><b>b) Arten, Zweck und Funktionsweise von Cookies<\/b><\/p>\n<p data-wahfont=\"16\"><b>c) Wie Sie Cookies und Web Bugs in den wichtigsten Browsern deaktivieren<\/b><\/p>\n<p data-wahfont=\"16\"><b>d) Was passiert, wenn Sie Cookies deaktivieren?<\/b><\/p>\n<p data-wahfont=\"16\"><b>a) Verwendung von Cookies und Web Bugs durch die Webseiten des PATRONATO MUNICIPAL DE TURISMO Y PLAYAS DE ALICANTE:<\/b><\/p>\n<p data-wahfont=\"16\">Die Webseiten von PATRONATO MUNICIPAL DE TURISMO Y PLAYAS DE ALICANTE verwenden \u00a8Cookies\u00a8 und andere \u00e4hnliche Mechanismen (im Folgenden Cookies). Cookies sind Dateien, die von einem Webserver an einen Browser gesendet werden, um die Aktivit\u00e4ten des Nutzers auf einer bestimmten Website oder auf allen Websites, Apps und\/oder Diensten der Websites von PATRONATO MUNICIPAL DE TURISMO Y PLAYAS DE ALICANTE (im Folgenden: die Dienste) aufzuzeichnen. Der Hauptzweck von Cookies besteht darin, dem Nutzer einen schnelleren Zugang zu den ausgew\u00e4hlten Diensten zu erm\u00f6glichen. Dar\u00fcber hinaus personalisieren Cookies die von den Webseiten von PATRONATO MUNICIPAL DE TURISMO Y PLAYAS DE ALICANTE angebotenen Dienste, indem sie jedem Nutzer Informationen zur Verf\u00fcgung stellen und anbieten, die f\u00fcr ihn von Interesse sind oder sein k\u00f6nnten, basierend auf seiner Nutzung der Dienste.   <\/p>\n<p data-wahfont=\"16\">Die Webseiten des PATRONATO MUNICIPAL DE TURISMO Y PLAYAS DE ALICANTE verwenden Cookies, um das Surferlebnis des Nutzers so weit wie m\u00f6glich zu personalisieren und zu erleichtern. Cookies werden nur mit einem anonymen Benutzer und seinem Computer in Verbindung gebracht und liefern keine Hinweise, die R\u00fcckschl\u00fcsse auf die pers\u00f6nlichen Daten des Benutzers zulassen. Der Nutzer kann seinen Browser so konfigurieren, dass er \u00fcber die Installation von Cookies, die von den Webseiten von PATRONATO MUNICIPAL DE TURISMO Y PLAYAS DE ALICANTE gesendet werden, benachrichtigt wird und diese ablehnt, ohne dass dies den Zugriff des Nutzers auf die Inhalte beeintr\u00e4chtigt. Wir weisen jedoch darauf hin, dass in jedem Fall die Qualit\u00e4t der Funktionsweise der Website beeintr\u00e4chtigt werden kann.   <\/p>\n<p data-wahfont=\"16\">Registrierte Benutzer, die sich registrieren oder eingeloggt haben, k\u00f6nnen dank der Kombination der in den Cookies gespeicherten Daten mit den bei der Registrierung verwendeten pers\u00f6nlichen Daten von personalisierteren, auf ihr Profil zugeschnittenen Diensten profitieren. Diese Benutzer genehmigen ausdr\u00fccklich die Verwendung dieser Informationen zu dem oben genannten Zweck, unbeschadet ihres Rechts, die Verwendung von Cookies abzulehnen oder zu deaktivieren. <\/p>\n<p data-wahfont=\"16\">Ebenso k\u00f6nnen die Websites des PATRONATO MUNICIPAL DE TURISMO Y PLAYAS DE ALICANTE alle von den Nutzern angeforderten Dienstleistungen des Patronato Municipal de Turismo y Playas de Alicante kennen, so dass sie Informationen bereitstellen oder anbieten k\u00f6nnen, die dem Geschmack und den Vorlieben der einzelnen Nutzer entsprechen.<\/p>\n<p data-wahfont=\"16\">Das PATRONATO MUNICIPAL DE TURISMO Y PLAYAS DE ALICANTE verwendet auch Web Bugs, d.h. kleine, transparente Bilder, die in E-Mails eingef\u00fcgt werden. Wenn der Benutzer die E-Mail \u00f6ffnet, wird dieses Bild zusammen mit dem restlichen Inhalt der E-Mail heruntergeladen und erm\u00f6glicht es dem Benutzer festzustellen, ob eine bestimmte E-Mail ge\u00f6ffnet wurde oder nicht, sowie die IP-Adresse, von der sie heruntergeladen wurde. Die Webseiten von PATRONATO MUNICIPAL DE TURISMO Y PLAYAS DE ALICANTE verwenden diese Informationen, um Statistiken zu erstellen und analytische Studien \u00fcber den Empfang ihrer E-Mails durch die Nutzer durchzuf\u00fchren.  <\/p>\n<p data-wahfont=\"16\"><b>b) Arten, Zweck und Funktionsweise von Cookies:<\/b><\/p>\n<p data-wahfont=\"16\">Cookies k\u00f6nnen je nach ihrer Dauer in Sitzungs- oder permanente Cookies unterteilt werden. Erstere erl\u00f6schen, wenn der Benutzer den Browser schlie\u00dft. Letztere verfallen, wenn der Zweck, f\u00fcr den sie verwendet werden, erf\u00fcllt ist (z.B. damit der Benutzer in den Diensten des Fremdenverkehrsamtes und der Str\u00e4nde von Alicante identifiziert bleibt) oder wenn sie manuell gel\u00f6scht werden.  <\/p>\n<p data-wahfont=\"16\">Au\u00dferdem k\u00f6nnen Cookies je nach ihrem Zweck wie folgt klassifiziert werden:<\/p>\n<p data-wahfont=\"16\">PERFORMANCE COOKIES: Diese Art von Cookie speichert Ihre Pr\u00e4ferenzen f\u00fcr die Tools in den Diensten, so dass Sie den Dienst nicht bei jedem Besuch neu konfigurieren m\u00fcssen. Zu dieser Art von Cookies geh\u00f6ren zum Beispiel: <\/p>\n<ul>\n<li>Lautst\u00e4rkeeinstellungen von Video- oder Sound-Playern.<\/li>\n<li>Video-Bitraten, die mit Ihrem Browser kompatibel sind.<\/li>\n<li>Geolokalisierte Objekte sind diejenigen, die am besten mit dem Standort des Benutzers \u00fcbereinstimmen.<span data-wahfont=\"16\"> <\/span><\/li>\n<\/ul>\n<p data-wahfont=\"16\">GEO-LOCATION COOKIES: Diese Cookies werden verwendet, um herauszufinden, in welchem Land Sie sich befinden, wenn Sie einen Service anfordern. Dieses Cookie ist v\u00f6llig anonym und wird nur dazu verwendet, Inhalte auf Ihren Standort abzustimmen, indem die Website in der am besten geeigneten Sprache angezeigt wird. <\/p>\n<p data-wahfont=\"16\">REGISTRIERUNGSCOOKIES: Registrierungs-Cookies werden generiert, sobald sich der Benutzer registriert oder anschlie\u00dfend angemeldet hat, und werden zur Identifizierung des Benutzers in den Diensten f\u00fcr die folgenden Zwecke verwendet:<\/p>\n<ul>\n<li>Um die Identifizierung des Nutzers aufrechtzuerhalten, so dass er, wenn er einen Dienst, den Browser oder den Computer schlie\u00dft und zu einem anderen Zeitpunkt oder an einem anderen Tag den besagten Dienst erneut aufruft, weiterhin identifiziert werden kann, was ihm das Surfen erleichtert, ohne sich erneut identifizieren zu m\u00fcssen. Diese Funktion kann gel\u00f6scht werden, indem der Benutzer auf die Funktion &#8222;Sitzung schlie\u00dfen&#8220; klickt, so dass dieses Cookie gel\u00f6scht wird und der Benutzer sich beim n\u00e4chsten Besuch des Dienstes anmelden muss, um identifiziert zu werden. <\/li>\n<\/ul>\n<ul>\n<li>Pr\u00fcfen Sie, ob der Nutzer berechtigt ist, auf bestimmte Dienste zuzugreifen, z.B. um an einem Gewinnspiel teilzunehmen oder um auf Verwaltungsbereiche zuzugreifen.<\/li>\n<\/ul>\n<p data-wahfont=\"16\">Au\u00dferdem k\u00f6nnen einige Dienste Verbindungen mit sozialen Netzwerken wie Facebook oder Twitter nutzen. Wenn sich der Nutzer mit den Zugangsdaten eines sozialen Netzwerks f\u00fcr einen Dienst anmeldet, erm\u00e4chtigt er das soziale Netzwerk, ein dauerhaftes Cookie zu speichern, das seine Identit\u00e4t speichert und ihm Zugang zu den Diensten gew\u00e4hrt, bis es abl\u00e4uft. Der Nutzer kann dieses Cookie l\u00f6schen und den Zugang zu den Diensten \u00fcber soziale Netzwerke widerrufen, indem er seine Einstellungen in dem jeweiligen sozialen Netzwerk aktualisiert.  <\/p>\n<p data-wahfont=\"16\">ANALYTISCHE COOKIES: Jedes Mal, wenn ein Benutzer einen Dienst besucht, erzeugt ein Tool eines externen Anbieters (Omniture, Netscope, Comscore und \u00e4hnliche, die dieser Liste hinzugef\u00fcgt werden k\u00f6nnen, falls sie sich von den aktuellen unterscheiden) ein analytisches Cookie auf dem Computer des Benutzers. Dieses Cookie, das nur w\u00e4hrend des Besuchs generiert wird, wird bei zuk\u00fcnftigen Besuchen der Dienste des st\u00e4dtischen Amts f\u00fcr Tourismus und Str\u00e4nde von Alicante verwendet, um den Besucher anonym zu identifizieren. Die wichtigsten verfolgten Ziele sind:  <\/p>\n<ul>\n<li>Erm\u00f6glicht die anonyme Identifizierung von Browsing-Benutzern durch das &#8222;Cookie&#8220; (identifiziert Browser und Ger\u00e4te, nicht Personen) und damit die ungef\u00e4hre Z\u00e4hlung der Anzahl der Besucher und deren Entwicklung im Laufe der Zeit.<\/li>\n<li>Identifizieren Sie anonym die meistbesuchten und damit f\u00fcr die Nutzer attraktivsten Inhalte.<\/li>\n<li>Um zu wissen, ob der Benutzer, der auf die Website zugreift, ein neuer oder ein wiederholter Besucher ist.<\/li>\n<\/ul>\n<p data-wahfont=\"16\">Wichtig: Sofern der Benutzer nicht beschlie\u00dft, sich in einem Service des Fremdenverkehrsamtes von Alicante zu registrieren, wird das &#8222;Cookie&#8220; niemals mit pers\u00f6nlichen Daten verkn\u00fcpft, die ihn identifizieren k\u00f6nnten. Diese Cookies werden nur zu statistischen Zwecken verwendet, die dazu beitragen, die Erfahrung des Benutzers auf der Website zu optimieren. <\/p>\n<p data-wahfont=\"16\"><span data-wahfont=\"16\">COOKIES VON DRITTEN: Zus\u00e4tzlich zu den Ver\u00f6ffentlichungen, die von den Websites des PATRONATO MUNICIPAL DE TURISMO Y PLAYAS DE ALICANTE in seinen Diensten verwaltet werden, bieten die Websites des PATRONATO MUNICIPAL DE TURISMO Y PLAYAS DE ALICANTE Dienste \u00fcber Dritte an. Auf diese Weise k\u00f6nnen diese Dritten die von den Diensten des Amts f\u00fcr Tourismus und Str\u00e4nde von Alicante gesendeten Cookies in den Browsern der Benutzer speichern und auf die darin gespeicherten Daten zugreifen. <\/span><\/p>\n<p data-wahfont=\"16\">Die Unternehmen, die diese Cookies erzeugen, haben ihre eigenen Datenschutzrichtlinien. Derzeit verwenden die Webseiten von PATRONATO MUNICIPAL DE TURISMO Y PLAYAS DE ALICANTE die Google Maps-Plattform (Google) zur Verwaltung dieser Dienste. Weitere Informationen finden Sie unter<a role=\"link\" href=\"http:\/\/www.google.com\/maps\/about\/behind-the-scenes\/streetview\/privacy\/\" data-wahfont=\"16\" target=\"_blank\" rel=\"noopener\"> http:\/\/www.google.com\/maps\/about\/behind-the-scenes\/streetview\/privacy\/<\/a>.  <\/p>\n<p data-wahfont=\"16\"><b>c) Wie Sie Cookies und Web Bugs in den wichtigsten Browsern deaktivieren k\u00f6nnen:<\/b><\/p>\n<p data-wahfont=\"16\">In der Regel ist es m\u00f6glich, die Annahme von Browser-Cookies oder die Annahme von Cookies eines bestimmten Dienstes zu unterbinden.<\/p>\n<p data-wahfont=\"16\">In allen modernen Browsern k\u00f6nnen Sie Ihre Cookie-Einstellungen \u00e4ndern. Diese Einstellungen finden Sie normalerweise im Men\u00fc &#8218;Optionen&#8216; oder &#8218;Einstellungen&#8216; Ihres Browsers. Sie k\u00f6nnen auch Ihren Browser oder Ihren E-Mail-Manager konfigurieren und kostenlose Plug-ins installieren, um zu verhindern, dass Web Bugs heruntergeladen werden, wenn Sie eine E-Mail \u00f6ffnen.  <\/p>\n<p data-wahfont=\"16\">Die Webseiten des PATRONATO MUNICIPAL DE TURISMO Y PLAYAS DE ALICANTE bieten dem Benutzer eine Anleitung, wie er auf das Men\u00fc f\u00fcr die Cookie-Konfiguration und ggf. das private Browsing in jedem der wichtigsten Browser zugreifen kann:<\/p>\n<ul>\n<li>&gt;&gt;&gt; I<b>nternet Explorer<\/b>: Extras &#8211; Internetoptionen &#8211; Datenschutz &#8211; Einstellungen.<\/li>\n<\/ul>\n<p data-wahfont=\"16\">F\u00fcr weitere Informationen k\u00f6nnen Sie den <a role=\"link\" href=\"http:\/\/windows.microsoft.com\/es-ES\/windows\/support\" data-wahfont=\"16\" target=\"_blank\" rel=\"noopener\">Microsoft-Support<\/a> oder die Browser-Hilfe konsultieren.<\/p>\n<ul>\n<li>&gt;&gt;&gt;&gt; F<b>irefox<\/b>: Extras &#8211; Optionen &#8211; Datenschutz &#8211; Verlauf &#8211; Benutzerdefinierte Einstellungen.<\/li>\n<\/ul>\n<p data-wahfont=\"16\">F\u00fcr weitere Informationen k\u00f6nnen Sie den <a role=\"link\" href=\"http:\/\/support.mozilla.org\/es\/home\" data-wahfont=\"16\" target=\"_blank\" rel=\"noopener\">Mozilla-Support<\/a> oder die Hilfe des Browsers konsultieren.<\/p>\n<ul>\n<li>&gt;&gt;&gt; C<b>hrome<\/b>: Einstellungen &#8211; Erweiterte Optionen anzeigen &#8211; Datenschutz &#8211; Inhaltseinstellungen.<\/li>\n<\/ul>\n<p data-wahfont=\"16\">F\u00fcr weitere Informationen k\u00f6nnen Sie den <a role=\"link\" href=\"http:\/\/support.google.com\/chrome\/?hl=es\" data-wahfont=\"16\" target=\"_blank\" rel=\"noopener\">Google-Support<\/a> oder die Browser-Hilfe konsultieren.<\/p>\n<ul>\n<li>&gt; S<b>afari<\/b>: Einstellungen &#8211; Sicherheit.<\/li>\n<\/ul>\n<p data-wahfont=\"16\">F\u00fcr weitere Informationen k\u00f6nnen Sie den <a role=\"link\" href=\"http:\/\/www.apple.com\/es\/support\/safari\/\" data-wahfont=\"16\" target=\"_blank\" rel=\"noopener\">Apple-Support<\/a> oder die Browser-Hilfe konsultieren.<\/p>\n<p data-wahfont=\"16\"><b>d) Was passiert, wenn Cookies deaktiviert sind:<\/b><\/p>\n<p data-wahfont=\"16\">Einige Funktionen der Dienste werden deaktiviert, wie z.B. das Einloggen, das Beibehalten von Eink\u00e4ufen im &#8222;Einkaufswagen&#8220; eines E-Commerce-Dienstes, der Empfang von Informationen, die an Ihren Standort gerichtet sind, oder das Ansehen bestimmter Videos.<\/p>\n<p data-wahfont=\"16\"><b>AKTUALISIERUNGEN UND \u00c4NDERUNGEN AN DER DATENSCHUTZ-\/COOKIE-RICHTLINIE:<\/b><\/p>\n<p data-wahfont=\"16\">Die Webseiten von PATRONATO MUNICIPAL DE TURISMO Y PLAYAS DE ALICANTE k\u00f6nnen diese Cookie-Richtlinie aufgrund gesetzlicher oder beh\u00f6rdlicher Anforderungen oder zur Anpassung an die von der spanischen Datenschutzbeh\u00f6rde herausgegebenen Anweisungen \u00e4ndern, weshalb den Benutzern empfohlen wird, sie regelm\u00e4\u00dfig zu besuchen.<\/p>\n<p data-wahfont=\"16\">Wenn wesentliche \u00c4nderungen an dieser Cookie-Richtlinie vorgenommen werden, werden sie den Benutzern entweder \u00fcber die Website oder per E-Mail an registrierte Benutzer mitgeteilt.<\/p>\n\t\t\t\t\t\t\t\t<\/div>\n\t\t\t\t<\/div>\n\t\t\t\t<\/div>\n\t\t\t\t<\/div>\n\t\t","protected":false},"excerpt":{"rendered":"<p>Cookies Politik a) Verwendung von Cookies und Web Bugs durch die Webseiten des PATRONATO MUNICIPAL DE TURISMO Y PLAYAS DE ALICANTE b) Arten, Zweck und Funktionsweise von Cookies c) Wie Sie Cookies und Web Bugs in den wichtigsten Browsern deaktivieren d) Was passiert, wenn Sie Cookies deaktivieren? a) Verwendung von Cookies und Web Bugs durch [&hellip;]<\/p>\n","protected":false},"author":1,"featured_media":0,"parent":0,"menu_order":0,"comment_status":"closed","ping_status":"closed","template":"","meta":{"_acf_changed":false,"footnotes":""},"class_list":["post-283965","page","type-page","status-publish","hentry"],"acf":[],"_links":{"self":[{"href":"https:\/\/alicanteturismo.com\/de\/wp-json\/wp\/v2\/pages\/283965","targetHints":{"allow":["GET"]}}],"collection":[{"href":"https:\/\/alicanteturismo.com\/de\/wp-json\/wp\/v2\/pages"}],"about":[{"href":"https:\/\/alicanteturismo.com\/de\/wp-json\/wp\/v2\/types\/page"}],"author":[{"embeddable":true,"href":"https:\/\/alicanteturismo.com\/de\/wp-json\/wp\/v2\/users\/1"}],"replies":[{"embeddable":true,"href":"https:\/\/alicanteturismo.com\/de\/wp-json\/wp\/v2\/comments?post=283965"}],"version-history":[{"count":0,"href":"https:\/\/alicanteturismo.com\/de\/wp-json\/wp\/v2\/pages\/283965\/revisions"}],"wp:attachment":[{"href":"https:\/\/alicanteturismo.com\/de\/wp-json\/wp\/v2\/media?parent=283965"}],"curies":[{"name":"wp","href":"https:\/\/api.w.org\/{rel}","templated":true}]}}