{"id":283962,"date":"2024-08-19T12:52:26","date_gmt":"2024-08-19T10:52:26","guid":{"rendered":"https:\/\/dev.alicanteturismo.com\/erklaerung-zur-zugaenglichkeit\/"},"modified":"2025-01-28T16:14:07","modified_gmt":"2025-01-28T15:14:07","slug":"erklaerung-zur-zugaenglichkeit","status":"publish","type":"page","link":"https:\/\/alicanteturismo.com\/de\/erklaerung-zur-zugaenglichkeit\/","title":{"rendered":"Erkl\u00e4rung zur Zug\u00e4nglichkeit"},"content":{"rendered":"\t\t<div data-elementor-type=\"wp-page\" data-elementor-id=\"283962\" class=\"elementor elementor-283962 elementor-15156\" data-elementor-post-type=\"page\">\n\t\t\t\t<div class=\"elementor-element elementor-element-65e3680 e-con-full e-flex e-con e-parent\" data-id=\"65e3680\" data-element_type=\"container\" data-e-type=\"container\">\n\t\t\t\t<div class=\"elementor-element elementor-element-9dcfdca elementor-widget__width-inherit elementor-widget elementor-widget-heading\" data-id=\"9dcfdca\" data-element_type=\"widget\" data-e-type=\"widget\" data-widget_type=\"heading.default\">\n\t\t\t\t<div class=\"elementor-widget-container\">\n\t\t\t\t\t<h1 class=\"elementor-heading-title elementor-size-default\">Erkl\u00e4rung zur Zug\u00e4nglichkeit<\/h1>\t\t\t\t<\/div>\n\t\t\t\t<\/div>\n\t\t\t\t<div class=\"elementor-element elementor-element-fe00318 elementor-widget elementor-widget-text-editor\" data-id=\"fe00318\" data-element_type=\"widget\" data-e-type=\"widget\" data-widget_type=\"text-editor.default\">\n\t\t\t\t<div class=\"elementor-widget-container\">\n\t\t\t\t\t\t\t\t\t<p data-wahfont=\"16\">Um dem <a role=\"link\" href=\"https:\/\/www.boe.es\/buscar\/act.php?id=BOE-A-2018-12699\" target=\"_blank\" rel=\"noopener noreferrer\" data-wahfont=\"16\">K\u00f6niglichen Erlass 1112\/2018 vom 7. September \u00fcber die Zug\u00e4nglichkeit von Websites und Anwendungen des \u00f6ffentlichen Sektors f\u00fcr mobile Ger\u00e4te<\/a> (im Folgenden K\u00f6niglicher Erlass 1112\/2018 vom 7. September) zu entsprechen, hat das <strong>Fremdenverkehrsamt der Stadt Alicante<\/strong> eine Reihe von \u00c4nderungen vorgenommen, die zur Anpassung seiner Webportale erforderlich sind.<\/p>\n<p data-wahfont=\"16\">Dar\u00fcber hinaus pr\u00fcft und \u00fcberarbeitet das Fremdenverkehrs- und Strandamt der Stadt Alicante st\u00e4ndig die Inhalte, um deren Interpretation zu erleichtern und die Navigation auf der Website zu verbessern.<\/p>\n<p data-wahfont=\"16\">Diese Erkl\u00e4rung zur Zug\u00e4nglichkeit bezieht sich auf die Website <a role=\"link\" href=\"https:\/\/alicanteturismo.com\/\" data-wahfont=\"16\">https:\/\/alicanteturismo.com\/.<\/a><\/p>\n<p data-wahfont=\"16\">\n<h2 data-wahfont=\"26\"><strong>Status der Einhaltung<\/strong><\/h2>\n<p data-wahfont=\"16\">Diese Website wurde so angepasst, dass sie alle Anforderungen des K\u00f6niglichen Dekrets 1112\/2018 vom 7. September erf\u00fcllt.<\/p>\n<p data-wahfont=\"16\">Derzeit gibt es jedoch einige spezifische M\u00e4ngel bei der Einhaltung des genannten Dekrets, die unter anderem auf die folgenden Aspekte zur\u00fcckzuf\u00fchren sind:<\/p>\n<ul>\n<li>Es gibt Videos ohne Untertitel<\/li>\n<\/ul>\n<p data-wahfont=\"16\">Unverh\u00e4ltnism\u00e4\u00dfige Belastung:<\/p>\n<ul>\n<li>Nicht anwendbar.<\/li>\n<\/ul>\n<p data-wahfont=\"16\">Der Inhalt f\u00e4llt nicht in den Geltungsbereich der geltenden Gesetzgebung:<\/p>\n<ul>\n<li>Es kann Dokumente im PDF-Format geben, die vor dem 20. September 2018 ver\u00f6ffentlicht wurden und nicht alle Anforderungen an die Barrierefreiheit erf\u00fcllen. Es kann auch Inhalte von Dritten geben, die nicht vom Patronato Municipal de Turismo y Playas de Alicante finanziert, entwickelt oder kontrolliert werden.<\/li>\n<\/ul>\n<p data-wahfont=\"16\">\n<h2 data-wahfont=\"26\"><strong>Vorbereitung dieser Erkl\u00e4rung zur Zug\u00e4nglichkeit<\/strong><\/h2>\n<p data-wahfont=\"16\">Diese Erkl\u00e4rung zur Barrierefreiheit wurde am 18. November 2021 verfasst.<\/p>\n<p data-wahfont=\"16\">Vor der Ver\u00f6ffentlichung dieser Zug\u00e4nglichkeitserkl\u00e4rung wurde eine Bewertung mit Hilfe von Tools wie Google Lighthouse, Chrome-Erweiterung: Accessibility Insights for Web, u.a. durchgef\u00fchrt.<\/p>\n<p data-wahfont=\"16\">Letzte \u00dcberarbeitung der Erkl\u00e4rung: 18. November 2021.<\/p>\n<p data-wahfont=\"16\">\n<h2 data-wahfont=\"26\"><strong>Bemerkungen und Kontaktangaben<\/strong><\/h2>\n<p data-wahfont=\"16\">Sie k\u00f6nnen Mitteilungen \u00fcber die Anforderungen an die Zug\u00e4nglichkeit (Artikel 10.2.a des RD 1112\/2018) machen, wie z.B.:<\/p>\n<ul>\n<li>einen m\u00f6glichen Versto\u00df gegen die Bestimmungen dieser Website melden<\/li>\n<li>andere Schwierigkeiten beim Zugriff auf den Inhalt zu \u00fcbermitteln<\/li>\n<li>sonstige Fragen zu stellen oder Verbesserungsvorschl\u00e4ge zur Zug\u00e4nglichkeit der Website zu machen<\/li>\n<\/ul>\n<p data-wahfont=\"16\">\u00fcber das Kontaktformular <a role=\"link\" href=\"https:\/\/alicanteturismo.com\/buzon-de-sugerencias-y-quejas\/\" data-wahfont=\"16\">https:\/\/alicanteturismo.com\/buzon-de-sugerencias-y-quejas\/<\/a> oder per E-Mail an <a role=\"link\" href=\"mailto:patronato@alicanteturismo.com\" data-wahfont=\"16\">patronato@alicanteturismo.com.<\/a><\/p>\n<p data-wahfont=\"16\">Die Mitteilungen werden vom Patronato Municipal de Turismo y Playas de Alicante als der f\u00fcr den Inhalt dieser Website verantwortlichen Stelle entgegengenommen und bearbeitet.<\/p>\n<p data-wahfont=\"16\">\n<h2 data-wahfont=\"26\"><strong>Bewerbungsverfahren<\/strong><\/h2>\n<p data-wahfont=\"16\">Wenn ein Antrag auf Zugang zu Informationen oder eine Beschwerde abgelehnt wurde, der Betroffene mit der getroffenen Entscheidung nicht einverstanden ist oder die Antwort nicht den in Artikel 12.5 des K\u00f6niglichen Dekrets 1112\/2018 genannten Anforderungen entspricht, kann der Betroffene eine Beschwerde einreichen. Ebenso kann eine Beschwerde eingeleitet werden, wenn keine Antwort eingegangen ist. <\/p>\n<p data-wahfont=\"16\">Das in Artikel 13 des K\u00f6niglichen Dekrets 1112\/2018 beschriebene Beschwerdeverfahren kann \u00fcber <a role=\"link\" href=\"https:\/\/sedeagpd.gob.es\/sede-electronica-web\/vistas\/formProcedimientoEntrada\/procedimientoEntradaAmpliado.jsf\" target=\"_blank\" rel=\"noopener noreferrer\" data-wahfont=\"16\">diesen Link<\/a> eingeleitet werden.<\/p>\n<p data-wahfont=\"16\">\n<h2 data-wahfont=\"26\"><strong>Optionaler Inhalt<\/strong><\/h2>\n<p data-wahfont=\"16\">Dar\u00fcber hinaus und in Bezug auf die Anpassung an die Zug\u00e4nglichkeitsvorschriften, diese Website:<\/p>\n<ul>\n<li>wurde in \u00dcbereinstimmung mit den aktuellen Standards und Vorschriften in Bezug auf die Zug\u00e4nglichkeit gestaltet und entspricht den in den Web Content Accessibility Guidelines (WCAG 2.1) definierten Pr\u00fcfpunkten der Priorit\u00e4t 2 (AA).<\/li>\n<li>ist optimiert f\u00fcr die aktuellen Versionen von Chrome, Edge, Firefox, Safari und Opera<\/li>\n<li>ist so konzipiert, dass sie in jeder Aufl\u00f6sung und auf jedem Desktop, Tablet oder mobilen Ger\u00e4t korrekt angezeigt wird (responsives Design).<\/li>\n<li>wurde mit HTML5 als Auszeichnungssprache und CSS 3 Style Sheets f\u00fcr das Design erstellt.<\/li>\n<\/ul>\n\t\t\t\t\t\t\t\t<\/div>\n\t\t\t\t<\/div>\n\t\t\t\t<\/div>\n\t\t\t\t<\/div>\n\t\t","protected":false},"excerpt":{"rendered":"<p>Erkl\u00e4rung zur Zug\u00e4nglichkeit Um dem K\u00f6niglichen Erlass 1112\/2018 vom 7. September \u00fcber die Zug\u00e4nglichkeit von Websites und Anwendungen des \u00f6ffentlichen Sektors f\u00fcr mobile Ger\u00e4te (im Folgenden K\u00f6niglicher Erlass 1112\/2018 vom 7. September) zu entsprechen, hat das Fremdenverkehrsamt der Stadt Alicante eine Reihe von \u00c4nderungen vorgenommen, die zur Anpassung seiner Webportale erforderlich sind. Dar\u00fcber hinaus pr\u00fcft [&hellip;]<\/p>\n","protected":false},"author":1,"featured_media":0,"parent":0,"menu_order":0,"comment_status":"closed","ping_status":"closed","template":"","meta":{"_acf_changed":false,"footnotes":""},"class_list":["post-283962","page","type-page","status-publish","hentry"],"acf":[],"_links":{"self":[{"href":"https:\/\/alicanteturismo.com\/de\/wp-json\/wp\/v2\/pages\/283962","targetHints":{"allow":["GET"]}}],"collection":[{"href":"https:\/\/alicanteturismo.com\/de\/wp-json\/wp\/v2\/pages"}],"about":[{"href":"https:\/\/alicanteturismo.com\/de\/wp-json\/wp\/v2\/types\/page"}],"author":[{"embeddable":true,"href":"https:\/\/alicanteturismo.com\/de\/wp-json\/wp\/v2\/users\/1"}],"replies":[{"embeddable":true,"href":"https:\/\/alicanteturismo.com\/de\/wp-json\/wp\/v2\/comments?post=283962"}],"version-history":[{"count":0,"href":"https:\/\/alicanteturismo.com\/de\/wp-json\/wp\/v2\/pages\/283962\/revisions"}],"wp:attachment":[{"href":"https:\/\/alicanteturismo.com\/de\/wp-json\/wp\/v2\/media?parent=283962"}],"curies":[{"name":"wp","href":"https:\/\/api.w.org\/{rel}","templated":true}]}}