{"id":283959,"date":"2024-08-19T12:24:42","date_gmt":"2024-08-19T10:24:42","guid":{"rendered":"https:\/\/dev.alicanteturismo.com\/datenschutzbestimmungen\/"},"modified":"2025-10-09T12:16:06","modified_gmt":"2025-10-09T10:16:06","slug":"datenschutzbestimmungen","status":"publish","type":"page","link":"https:\/\/alicanteturismo.com\/de\/datenschutzbestimmungen\/","title":{"rendered":"Datenschutzerkl\u00e4rung"},"content":{"rendered":"\t\t<div data-elementor-type=\"wp-page\" data-elementor-id=\"283959\" class=\"elementor elementor-283959 elementor-15106\" data-elementor-post-type=\"page\">\n\t\t\t\t<div class=\"elementor-element elementor-element-65e3680 e-con-full e-flex e-con e-parent\" data-id=\"65e3680\" data-element_type=\"container\" data-e-type=\"container\">\n\t\t\t\t<div class=\"elementor-element elementor-element-9dcfdca elementor-widget__width-inherit elementor-widget elementor-widget-heading\" data-id=\"9dcfdca\" data-element_type=\"widget\" data-e-type=\"widget\" data-widget_type=\"heading.default\">\n\t\t\t\t<div class=\"elementor-widget-container\">\n\t\t\t\t\t<h1 class=\"elementor-heading-title elementor-size-default\">Datenschutzerkl\u00e4rung<\/h1>\t\t\t\t<\/div>\n\t\t\t\t<\/div>\n\t\t\t\t<div class=\"elementor-element elementor-element-fe00318 elementor-hidden-widescreen elementor-hidden-desktop elementor-hidden-laptop elementor-hidden-tablet_extra elementor-hidden-tablet elementor-hidden-mobile_extra elementor-hidden-mobile elementor-widget elementor-widget-text-editor\" data-id=\"fe00318\" data-element_type=\"widget\" data-e-type=\"widget\" data-widget_type=\"text-editor.default\">\n\t\t\t\t<div class=\"elementor-widget-container\">\n\t\t\t\t\t\t\t\t\t<p data-wahfont=\"16\"><strong>VERANTWORTLICH:<\/strong> Patronato Municipal de Turismo y Playas de Alicante. Calle Cervantes, 3, 1. Stock, 03002 Alicante.<\/p>\n<p><\/p>\n<p data-wahfont=\"16\"><strong>NIF: <\/strong>P0300035C<\/p>\n<p><\/p>\n<p data-wahfont=\"16\"><strong>DATENSCHUTZBEAUFTRAGTER<\/strong>: Patronato Municipal de Turismo y Playas de Alicante.<\/p>\n<p><\/p>\n<p data-wahfont=\"16\"><strong>ZWECK<\/strong>: Um Ihrer Anfrage nachzukommen oder angemessen darauf zu reagieren.<\/p>\n<p><\/p>\n<p data-wahfont=\"16\"><strong>RECHTM\u00c4SSIGKEIT DER DATENVERARBEITUNG<\/strong><\/p>\n<p><\/p>\n<p data-wahfont=\"16\">Aus\u00fcbung der Befugnisse, die der Stadtverwaltung durch das Gesetz 7\/1985 vom 2. April zur Regelung der Grundlagen der Kommunalverwaltung und durch das Gesetz 39\/2015 vom 1. Oktober \u00fcber das gemeinsame Verwaltungsverfahren der \u00f6ffentlichen Verwaltungen \u00fcbertragen wurden.<\/p>\n<p><\/p>\n<p data-wahfont=\"16\"><strong>DAUER DER AUFBEWAHRUNG DER DATEN<\/strong><\/p>\n<p><\/p>\n<p data-wahfont=\"16\">Solange der Zweck, f\u00fcr den sie erhoben wurden, besteht. Die Daten werden ausschlie\u00dflich zu Archivierungszwecken im \u00f6ffentlichen Interesse f\u00fcr l\u00e4ngere Zeitr\u00e4ume aufbewahrt.<\/p>\n<p><\/p>\n<p data-wahfont=\"16\"><strong>RECHTE<\/strong><\/p>\n<p><\/p>\n<p data-wahfont=\"16\">\u25cf Recht auf Auskunft. Um zu erfahren, welche Ihrer personenbezogenen Daten zu welchem Zweck verarbeitet werden, woher sie stammen und ob sie an Dritte weitergegeben werden oder wurden.<br \/>\u25cf Recht auf Berichtigung. Um die Berichtigung unrichtiger personenbezogener Daten, die Sie betreffen, zu erwirken.<br \/>\u25cf Recht auf L\u00f6schung (\u201eRecht auf Vergessenwerden\u201d). Um die L\u00f6schung nicht erforderlicher personenbezogener Daten zu erwirken, f\u00fcr die die Einwilligung widerrufen wurde, die unrechtm\u00e4\u00dfig erhoben wurden und in anderen in der DSGVO genannten F\u00e4llen.<br \/>\u25cf Recht auf Einschr\u00e4nkung der Verarbeitung, solange die eingereichten Beschwerden gekl\u00e4rt werden, dies ausdr\u00fccklich beantragt wird und wenn der Patronato Municipal de Turismo y Playas de Alicante die personenbezogenen Daten f\u00fcr die Zwecke der Verarbeitung nicht ben\u00f6tigt, die betroffene Person sie jedoch f\u00fcr die Geltendmachung, Aus\u00fcbung oder Verteidigung von Rechtsanspr\u00fcchen ben\u00f6tigt.<br \/>\u25cf Recht auf Daten\u00fcbertragbarkeit. Die betroffene Person hat das Recht, die sie betreffenden personenbezogenen Daten, die sie dem Patronato Municipal de Turismo y Playas de Alicante zur Verf\u00fcgung gestellt hat, in einem strukturierten, g\u00e4ngigen und maschinenlesbaren Format zu erhalten und diese an einen anderen Verantwortlichen zu \u00fcbermitteln.<\/p>\n<p><\/p>\n<p><b>WIDERSPRUCHSRECHT<\/b><\/p>\n<p><\/p>\n<p>Sie haben das Recht, der Verarbeitung Ihrer personenbezogenen Daten zu widersprechen.<br \/>Das Widerspruchsrecht erm\u00f6glicht es Ihnen, der Verarbeitung Ihrer Daten aus Gr\u00fcnden, die sich aus Ihrer besonderen Situation ergeben, zu widersprechen, insbesondere wenn die Verarbeitung auf folgenden Gr\u00fcnden beruht:<\/p>\n<p><\/p>\n<ul>\n<li>Berechtigtes Interesse des Patronato Municipal de Turismo y Playas de Alicante oder eines Dritten.<\/li>\n<li>Eine Aufgabe, die im \u00f6ffentlichen Interesse liegt.<\/li>\n<\/ul>\n<p><\/p>\n<p><strong>Widerspruch gegen Direktmarketing<\/strong><br \/>Wenn die Verarbeitung zum Zwecke des Direktmarketings erfolgt, einschlie\u00dflich der Erstellung von Profilen im Zusammenhang mit diesem Marketing, haben Sie das Recht, jederzeit und ohne Angabe von Gr\u00fcnden Widerspruch einzulegen. Sobald Sie dieses Recht aus\u00fcben, werden Ihre Daten unverz\u00fcglich f\u00fcr diesen Zweck nicht mehr verarbeitet.<\/p>\n<p><\/p>\n<p><strong>Folgen des Widerspruchs<\/strong><br \/>Sobald wir Ihren Widerspruch erhalten haben, wird der Patronato Municipal de Turismo y Playas de Alicante Ihre personenbezogenen Daten nicht mehr f\u00fcr die angegebenen Zwecke verarbeiten, es sei denn, wir k\u00f6nnen zwingende berechtigte Gr\u00fcnde f\u00fcr die Fortsetzung der Verarbeitung nachweisen, die Ihre Interessen, Rechte und Freiheiten \u00fcberwiegen, oder f\u00fcr die Geltendmachung, Aus\u00fcbung oder Verteidigung von Rechtsanspr\u00fcchen.<\/p>\n<p><\/p>\n<p data-wahfont=\"16\">Sie k\u00f6nnen diese Rechte aus\u00fcben, indem Sie sich schriftlich an den Patronato Municipal de Turismo y Playas de Alicante wenden und darin die Daten angeben, die Ihrer Meinung nach berichtigt, gel\u00f6scht oder \u00fcbertragen werden sollten. Sie k\u00f6nnen auch schriftlich die Einschr\u00e4nkung oder Einstellung der Verarbeitung Ihrer Daten beantragen und dabei gegebenenfalls die rechtlichen Gr\u00fcnde f\u00fcr Ihren Antrag darlegen.<br \/>Die spanische Datenschutzbeh\u00f6rde \u201e<a role=\"link\" href=\"http:\/\/www.agpd.es\/\" data-wahfont=\"16\" target=\"_blank\" rel=\"noopener\">www.agpd.es<\/a>\u201d bietet Ihnen weitere Informationen zu Ihren Rechten:<\/p>\n<p><\/p>\n<p data-wahfont=\"16\">\u25cf C\/Jorge Juan, 6, 28001 Madrid.<br \/>\u25cf Telefon: 901.100.099<br \/>\u25cf Fax: 91.445.56.99<br \/>\u25cf E-Mail: <a role=\"link\" href=\"mailto:ciudadano@agpd.es\" data-wahfont=\"16\">ciudadano@agpd.es<\/a><\/p>\n<p><\/p>\n<p data-wahfont=\"16\">Wenn Sie Ihre Einwilligung f\u00fcr einen bestimmten Zweck erteilt haben, haben Sie das Recht, diese Einwilligung jederzeit zu widerrufen, ohne dass dies die Rechtm\u00e4\u00dfigkeit der Verarbeitung auf der Grundlage der vor dem Widerruf erteilten Einwilligung beeintr\u00e4chtigt.<\/p>\n<p><\/p>\n<p data-wahfont=\"16\">Sollten Sie mit der Aus\u00fcbung Ihrer Rechte durch den Patronato Municipal de Turismo y Playas de Alicante nicht zufrieden sein, k\u00f6nnen Sie eine Beschwerde bei der spanischen Datenschutzbeh\u00f6rde einreichen: <a role=\"link\" href=\"http:\/\/www.agpd.es\/portalwebAGPD\/CanalDelCiudadano\/index-ides-idphp.php\" target=\"_blank\" rel=\"noopener noreferrer\" data-wahfont=\"16\">http:\/\/www.agpd.es\/portalwebAGPD\/CanalDelCiudadano\/index-ides-idphp.php<\/a><\/p>\n\t\t\t\t\t\t\t\t<\/div>\n\t\t\t\t<\/div>\n\t\t\t\t<div class=\"elementor-element elementor-element-e30c367 elementor-widget elementor-widget-html\" data-id=\"e30c367\" data-element_type=\"widget\" data-e-type=\"widget\" data-widget_type=\"html.default\">\n\t\t\t\t<div class=\"elementor-widget-container\">\n\t\t\t\t\t<div class=\"privacy-policy-container\">\r\n\r\n\u00a0 \u00a0 <h2>I. Grundlegende Informationen zum Datenschutz<\/h2>\r\n\u00a0 \u00a0 <p>In \u00dcbereinstimmung mit den Bestimmungen der Datenschutz-Grundverordnung (EU-Verordnung 2016\/679) und des Organgesetzes 3\/2018 vom 5. Dezember \u00fcber den Schutz personenbezogener Daten und die Gew\u00e4hrleistung digitaler Rechte (LOPDGDD) informiert Sie der <strong>Patronato Municipal de Turismo y Playas de Alicante<\/strong> \u00fcber die Verarbeitung Ihrer personenbezogenen Daten \u00fcber diese Website.<\/p>\r\n\r\n\u00a0 \u00a0 <table class=\"data-table identity-table\">\r\n\u00a0 \u00a0 \u00a0 \u00a0 <thead>\r\n\u00a0 \u00a0 \u00a0 \u00a0 \u00a0 \u00a0 <tr>\r\n\u00a0 \u00a0 \u00a0 \u00a0 \u00a0 \u00a0 \u00a0 \u00a0 <th>Aspekt<\/th>\r\n\u00a0 \u00a0 \u00a0 \u00a0 \u00a0 \u00a0 \u00a0 \u00a0 <th>Detail<\/th>\r\n\u00a0 \u00a0 \u00a0 \u00a0 \u00a0 \u00a0 <\/tr>\r\n\u00a0 \u00a0 \u00a0 \u00a0 <\/thead>\r\n\u00a0 \u00a0 \u00a0 \u00a0 <tbody>\r\n\u00a0 \u00a0 \u00a0 \u00a0 \u00a0 \u00a0 <tr>\r\n\u00a0 \u00a0 \u00a0 \u00a0 \u00a0 \u00a0 \u00a0 \u00a0 <td><strong>Verantwortlicher f\u00fcr die Verarbeitung<\/strong><\/td>\r\n\u00a0 \u00a0 \u00a0 \u00a0 \u00a0 \u00a0 \u00a0 \u00a0 <td>Patronato Municipal de Turismo y Playas de Alicante (Patronato Alicante City&amp;Beach)<\/td>\r\n\u00a0 \u00a0 \u00a0 \u00a0 \u00a0 \u00a0 <\/tr>\r\n\u00a0 \u00a0 \u00a0 \u00a0 \u00a0 \u00a0 <tr>\r\n\u00a0 \u00a0 \u00a0 \u00a0 \u00a0 \u00a0 \u00a0 \u00a0 <td><strong>CIF\/NIF<\/strong><\/td>\r\n\u00a0 \u00a0 \u00a0 \u00a0 \u00a0 \u00a0 \u00a0 \u00a0 <td>P0300035C <\/td>\r\n\u00a0 \u00a0 \u00a0 \u00a0 \u00a0 \u00a0 <\/tr>\r\n\u00a0 \u00a0 \u00a0 \u00a0 \u00a0 \u00a0 <tr>\r\n\u00a0 \u00a0 \u00a0 \u00a0 \u00a0 \u00a0 \u00a0 \u00a0 <td><strong>Postanschrift<\/strong><\/td>\r\n\u00a0 \u00a0 \u00a0 \u00a0 \u00a0 \u00a0 \u00a0 \u00a0 <td>Calle Cervantes, 3, 1. Stock, 03002 Alicante<\/td>\r\n\u00a0 \u00a0 \u00a0 \u00a0 \u00a0 \u00a0 <\/tr>\r\n\u00a0 \u00a0 \u00a0 \u00a0 \u00a0 \u00a0 <tr>\r\n\u00a0 \u00a0 \u00a0 \u00a0 \u00a0 \u00a0 \u00a0 \u00a0 <td><strong>E-Mail-Adresse<\/strong><\/td>\r\n\u00a0 \u00a0 \u00a0 \u00a0 \u00a0 \u00a0 \u00a0 \u00a0 <td>info@alicanteturismo.com<\/td>\r\n\u00a0 \u00a0 \u00a0 \u00a0 \u00a0 \u00a0 <\/tr>\r\n\u00a0 \u00a0 \u00a0 \u00a0 \u00a0 \u00a0 <tr>\r\n\u00a0 \u00a0 \u00a0 \u00a0 \u00a0 \u00a0 \u00a0 \u00a0 <td><strong>Datenschutzbeauftragter (DSB)<\/strong><\/td>\r\n\u00a0 \u00a0 \u00a0 \u00a0 \u00a0 \u00a0 \u00a0 \u00a0 <td>Der Stiftungsrat verf\u00fcgt \u00fcber einen zentralen DSB in der Stadtverwaltung von Alicante.<\/td>\r\n\u00a0 \u00a0 \u00a0 \u00a0 \u00a0 \u00a0 <\/tr>\r\n\u00a0 \u00a0 \u00a0 \u00a0 \u00a0 \u00a0 <tr>\r\n\u00a0 \u00a0 \u00a0 \u00a0 \u00a0 \u00a0 \u00a0 \u00a0 <td><strong>Kontaktdaten des DSB<\/strong><\/td>\r\n\u00a0 \u00a0 \u00a0 \u00a0 \u00a0 \u00a0 \u00a0 \u00a0 <td>dpd@alicante.es<\/td>\r\n\u00a0 \u00a0 \u00a0 \u00a0 \u00a0 \u00a0 <\/tr>\r\n\u00a0 \u00a0 \u00a0 \u00a0 <\/tbody>\r\n\u00a0 \u00a0 <\/table>\r\n\r\n\u00a0 \u00a0 <h2>II. Zwecke der Verarbeitung und Rechtsgrundlage<\/h2>\r\n\u00a0 \u00a0 <p>Die \u00fcber die verschiedenen Kan\u00e4le der Website (Kontaktformulare, Beschwerdepostfach, Reservierungsanfragen oder <em>Cookies<\/em>) erhobenen personenbezogenen Daten werden f\u00fcr die nachfolgend aufgef\u00fchrten Zwecke verarbeitet. In jedem Fall wird die Rechtsgrundlage angegeben, die die Verarbeitung gem\u00e4\u00df Art. 6 DSGVO legitimiert.<\/p>\r\n\r\n\u00a0 \u00a0 <table class=\"data-table purposes-table\">\r\n\u00a0 \u00a0 \u00a0 \u00a0 <thead>\r\n\u00a0 \u00a0 \u00a0 \u00a0 \u00a0 \u00a0 <tr>\r\n\u00a0 \u00a0 \u00a0 \u00a0 \u00a0 \u00a0 \u00a0 \u00a0 <th>Zweck der Verarbeitung<\/th>\r\n\u00a0 \u00a0 \u00a0 \u00a0 \u00a0 \u00a0 \u00a0 \u00a0 <th>Rechtsgrundlage (Art. 6 DSGVO)<\/th>\r\n\u00a0 \u00a0 \u00a0 \u00a0 \u00a0 \u00a0 \u00a0 \u00a0 <th>Verarbeitete Daten<\/th>\r\n\u00a0 \u00a0 \u00a0 \u00a0 \u00a0 \u00a0 <\/tr>\r\n\u00a0 \u00a0 \u00a0 \u00a0 <\/thead>\r\n\u00a0 \u00a0 \u00a0 \u00a0 <tbody>\r\n\u00a0 \u00a0 \u00a0 \u00a0 \u00a0 \u00a0 <tr>\r\n\u00a0 \u00a0 \u00a0 \u00a0 \u00a0 \u00a0 \u00a0 \u00a0 <td><strong>1. Beantwortung von Kontaktanfragen und Anfragen<\/strong> (einschlie\u00dflich Beschwerde- und Vorschlagsbox)<\/td>\r\n\u00a0 \u00a0 \u00a0 \u00a0 \u00a0 \u00a0 \u00a0 \u00a0 <td><strong>Aufgabe im \u00f6ffentlichen Interesse<\/strong> (Art. 6.1.e)<\/td>\r\n\u00a0 \u00a0 \u00a0 \u00a0 \u00a0 \u00a0 \u00a0 \u00a0 <td>Name, E-Mail, Nachricht<\/td>\r\n\u00a0 \u00a0 \u00a0 \u00a0 \u00a0 \u00a0 <\/tr>\r\n\u00a0 \u00a0 \u00a0 \u00a0 \u00a0 \u00a0 <tr>\r\n\u00a0 \u00a0 \u00a0 \u00a0 \u00a0 \u00a0 \u00a0 \u00a0 <td><strong>2. Versand von Werbemitteilungen und <em>Newslettern<\/em><\/strong><\/td>\r\n\u00a0 \u00a0 \u00a0 \u00a0 \u00a0 \u00a0 \u00a0 \u00a0 <td><strong>Einwilligung der betroffenen Person<\/strong> (Art. 6.1.a)<\/td>\r\n\u00a0 \u00a0 \u00a0 \u00a0 \u00a0 \u00a0 \u00a0 \u00a0 <td>Name, E-Mail-Adresse<\/td>\r\n\u00a0 \u00a0 \u00a0 \u00a0 \u00a0 \u00a0 <\/tr>\r\n\u00a0 \u00a0 \u00a0 \u00a0 \u00a0 \u00a0 <tr>\r\n\u00a0 \u00a0 \u00a0 \u00a0 \u00a0 \u00a0 \u00a0 \u00a0 <td><strong>3. Verwaltung von Dienstleistungsreservierungen<\/strong> (z. B. Besuche, Veranstaltungen oder Reservierungen)<\/td>\r\n\u00a0 \u00a0 \u00a0 \u00a0 \u00a0 \u00a0 \u00a0 \u00a0 <td><strong>Erf\u00fcllung eines Vertrags oder einer \u00f6ffentlichen Aufgabe<\/strong> (Art. 6.1.b\/e)<\/td>\r\n\u00a0 \u00a0 \u00a0 \u00a0 \u00a0 \u00a0 \u00a0 \u00a0 <td>Name, E-Mail-Adresse, Telefonnummer, Reservierungsdaten<\/td>\r\n\u00a0 \u00a0 \u00a0 \u00a0 \u00a0 \u00a0 <\/tr>\r\n\u00a0 \u00a0 \u00a0 \u00a0 \u00a0 \u00a0 <tr>\r\n\u00a0 \u00a0 \u00a0 \u00a0 \u00a0 \u00a0 \u00a0 \u00a0 <td><strong>4. Statistische Analyse und Verbesserung der Website<\/strong><\/td>\r\n\u00a0 \u00a0 \u00a0 \u00a0 \u00a0 \u00a0 \u00a0 \u00a0 <td><strong>Einwilligung der betroffenen Person<\/strong> (Art. 6.1.a)<\/td>\r\n\u00a0 \u00a0 \u00a0 \u00a0 \u00a0 \u00a0 \u00a0 \u00a0 <td>Anonymisierte Navigationsdaten (mittels Statistik-Cookies)<\/td>\r\n\u00a0 \u00a0 \u00a0 \u00a0 \u00a0 \u00a0 <\/tr>\r\n\u00a0 \u00a0 \u00a0 \u00a0 \u00a0 \u00a0 <tr>\r\n\u00a0 \u00a0 \u00a0 \u00a0 \u00a0 \u00a0 \u00a0 \u00a0 <td><strong>5. Erf\u00fcllung gesetzlicher Verpflichtungen<\/strong><\/td>\r\n\u00a0 \u00a0 \u00a0 \u00a0 \u00a0 \u00a0 \u00a0 \u00a0 <td><strong>Gesetzliche Verpflichtung<\/strong> (Art. 6.1.c)<\/td>\r\n\u00a0 \u00a0 \u00a0 \u00a0 \u00a0 \u00a0 \u00a0 \u00a0 <td>Identifizierungs- und Verwaltungsdaten, die f\u00fcr die Steuer-, Buchhaltungs- und Verwaltungsabwicklung erforderlich sind.<\/td>\r\n\u00a0 \u00a0 \u00a0 \u00a0 \u00a0 \u00a0 <\/tr>\r\n\u00a0 \u00a0 \u00a0 \u00a0 <\/tbody>\r\n\u00a0 \u00a0 <\/table>\r\n\u00a0 \u00a0 <h2>III. Fristen oder Kriterien f\u00fcr die Aufbewahrung von Daten<\/h2>\r\n\u00a0 \u00a0 <p>In Anwendung des Grundsatzes der Begrenzung der Aufbewahrungsfrist (Art. 5.1.e DSGVO) bewahrt der Stiftungsrat Ihre personenbezogenen Daten so lange auf, wie es f\u00fcr die Erf\u00fcllung der Zwecke, f\u00fcr die sie erhoben wurden, erforderlich ist:<\/p>\r\n\r\n\u00a0 \u00a0 <table class=\"data-table retention-table\">\r\n\u00a0 \u00a0 \u00a0 \u00a0 <thead>\r\n\u00a0 \u00a0 \u00a0 \u00a0 \u00a0 \u00a0 <tr>\r\n\u00a0 \u00a0 \u00a0 \u00a0 \u00a0 \u00a0 \u00a0 \u00a0 <th>Datenkategorie<\/th>\r\n\u00a0 \u00a0 \u00a0 \u00a0 \u00a0 \u00a0 \u00a0 \u00a0 <th>Aufbewahrungsfrist<\/th>\r\n\u00a0 \u00a0 \u00a0 \u00a0 \u00a0 \u00a0 <\/tr>\r\n\u00a0 \u00a0 \u00a0 \u00a0 <\/thead>\r\n\u00a0 \u00a0 \u00a0 \u00a0 <tbody>\r\n\u00a0 \u00a0 \u00a0 \u00a0 \u00a0 \u00a0 <tr>\r\n\u00a0 \u00a0 \u00a0 \u00a0 \u00a0 \u00a0 \u00a0 \u00a0 <td><strong>Daten zu Anfragen, Beschwerden und Vorschl\u00e4gen<\/strong><\/td>\r\n\u00a0 \u00a0 \u00a0 \u00a0 \u00a0 \u00a0 \u00a0 \u00a0 <td>Sie werden f\u00fcr einen Zeitraum von <strong>12 Monaten<\/strong> nach der Entscheidung oder dem Abschluss des Antrags aufbewahrt.<\/td>\r\n\u00a0 \u00a0 \u00a0 \u00a0 \u00a0 \u00a0 <\/tr>\r\n\u00a0 \u00a0 \u00a0 \u00a0 \u00a0 \u00a0 <tr>\r\n\u00a0 \u00a0 \u00a0 \u00a0 \u00a0 \u00a0 \u00a0 \u00a0 <td><strong>Daten aus Abonnements von <em>Newslettern<\/em> und zu Werbezwecken<\/strong><\/td>\r\n\u00a0 \u00a0 \u00a0 \u00a0 \u00a0 \u00a0 \u00a0 \u00a0 <td>Sie werden <strong>bis zum Widerruf der ausdr\u00fccklichen Einwilligung durch die betroffene Person<\/strong> aufbewahrt.<\/td>\r\n\u00a0 \u00a0 \u00a0 \u00a0 \u00a0 \u00a0 <\/tr>\r\n\u00a0 \u00a0 \u00a0 \u00a0 \u00a0 \u00a0 <tr>\r\n\u00a0 \u00a0 \u00a0 \u00a0 \u00a0 \u00a0 \u00a0 \u00a0 <td><strong>Daten zu Verwaltungsdienstleistungen und Reservierungen<\/strong><\/td>\r\n\u00a0 \u00a0 \u00a0 \u00a0 \u00a0 \u00a0 \u00a0 \u00a0 <td>Sie werden f\u00fcr einen Zeitraum von <strong>5 Jahren<\/strong> nach Beendigung der Dienstleistung aufbewahrt, um m\u00f6glichen rechtlichen, steuerlichen und administrativen Verpflichtungen nachzukommen (Gesetz 39\/2015).<\/td>\r\n<\/tr>\r\n<tr>\r\n<td><strong>Aufgrund gesetzlicher Verpflichtungen aufbewahrte Daten<\/strong><\/td>\r\n\u00a0 \u00a0 \u00a0 \u00a0 \u00a0 \u00a0 \u00a0 \u00a0 <td>Die Daten werden w\u00e4hrend der gesetzlich festgelegten Fristen (Verj\u00e4hrungsfristen) <strong>gesperrt<\/strong> aufbewahrt, um m\u00f6glichen Anspr\u00fcchen nachzukommen.<\/td>\r\n\u00a0 \u00a0 \u00a0 \u00a0 \u00a0 \u00a0 <\/tr>\r\n\u00a0 \u00a0 \u00a0 \u00a0 <\/tbody>\r\n\u00a0 \u00a0 <\/table>\r\n\r\n\u00a0 \u00a0 <h2>IV. Empf\u00e4nger der Daten<\/h2>\r\n\u00a0 \u00a0 <p>Der Patronato Municipal de Turismo y Playas de Alicante gibt Ihre personenbezogenen Daten nicht an Dritte weiter, au\u00dfer in F\u00e4llen, in denen dies f\u00fcr die Erbringung der Dienstleistung unbedingt erforderlich ist oder eine gesetzliche Verpflichtung besteht:<\/p>\r\n\u00a0 \u00a0 <ol>\r\n\u00a0 \u00a0 \u00a0 \u00a0 <li><strong>Beh\u00f6rden und Sicherheitskr\u00e4fte:<\/strong> Wenn eine gesetzliche Verpflichtung zur Weitergabe von Daten besteht.<\/li>\r\n\u00a0 \u00a0 \u00a0 \u00a0 <li><strong>Auftragsverarbeiter:<\/strong> Externe Dienstleister, die Dienstleistungen f\u00fcr den Patronato erbringen (z. B. Webhosting, technischer Support, Plattformen f\u00fcr den Versand von <em>E-Mail-Marketing<\/em>), die auf Anweisung des Patronato und nach Unterzeichnung eines Auftragsverarbeitungsvertrags gem\u00e4\u00df Art. 28 der DSGVO handeln.<\/li>\r\n\u00a0 \u00a0 <\/ol>\r\n\r\n\u00a0 \u00a0 <h2>V. Aus\u00fcbung von Rechten (ARCOPD)<\/h2>\r\n\u00a0 \u00a0 <p>Sie haben das Recht, gegen\u00fcber dem Patronato Municipal de Turismo y Playas de Alicante kostenlos folgende Rechte auszu\u00fcben:<\/p>\r\n\r\n\u00a0 \u00a0 <table class=\"data-table rights-table\">\r\n\u00a0 \u00a0 \u00a0 \u00a0 <thead>\r\n\u00a0 \u00a0 \u00a0 \u00a0 \u00a0 \u00a0 <tr>\r\n\u00a0 \u00a0 \u00a0 \u00a0 \u00a0 \u00a0 \u00a0 \u00a0 <th>Recht<\/th>\r\n\u00a0 \u00a0 \u00a0 \u00a0 \u00a0 \u00a0 \u00a0 \u00a0 <th>Beschreibung<\/th>\r\n\u00a0 \u00a0 \u00a0 \u00a0 \u00a0 \u00a0 <\/tr>\r\n\u00a0 \u00a0 \u00a0 \u00a0 <\/thead>\r\n\u00a0 \u00a0 \u00a0 \u00a0 <tbody>\r\n\u00a0 \u00a0 \u00a0 \u00a0 \u00a0 \u00a0 <tr>\r\n\u00a0 \u00a0 \u00a0 \u00a0 \u00a0 \u00a0 \u00a0 \u00a0 <td><strong>Zugang<\/strong><\/td>\r\n\u00a0 \u00a0 \u00a0 \u00a0 \u00a0 \u00a0 \u00a0 \u00a0 <td>Erfahren, welche Ihrer personenbezogenen Daten verarbeitet werden.<\/td>\r\n\u00a0 \u00a0 \u00a0 \u00a0 \u00a0 \u00a0 <\/tr>\r\n\u00a0 \u00a0 \u00a0 \u00a0 \u00a0 \u00a0 <tr>\r\n\u00a0 \u00a0 \u00a0 \u00a0 \u00a0 \u00a0 \u00a0 \u00a0 <td><strong>Berichtigung<\/strong><\/td>\r\n\u00a0 \u00a0 \u00a0 \u00a0 \u00a0 \u00a0 \u00a0 \u00a0 <td>Unrichtige oder unvollst\u00e4ndige Daten \u00e4ndern.<\/td>\r\n\u00a0 \u00a0 \u00a0 \u00a0 \u00a0 \u00a0 <\/tr>\r\n\u00a0 \u00a0 \u00a0 \u00a0 \u00a0 \u00a0 <tr>\r\n\u00a0 \u00a0 \u00a0 \u00a0 \u00a0 \u00a0 \u00a0 \u00a0 <td><strong>L\u00f6schung (Recht auf Vergessenwerden)<\/strong><\/td>\r\n\u00a0 \u00a0 \u00a0 \u00a0 \u00a0 \u00a0 \u00a0 \u00a0 <td>Beantragen Sie die L\u00f6schung von Daten, die f\u00fcr den Zweck, f\u00fcr den sie erhoben wurden, nicht mehr erforderlich sind.<\/td>\r\n\u00a0 \u00a0 \u00a0 \u00a0 \u00a0 \u00a0 <\/tr>\r\n\u00a0 \u00a0 \u00a0 \u00a0 \u00a0 \u00a0 <tr>\r\n\u00a0 \u00a0 \u00a0 \u00a0 \u00a0 \u00a0 \u00a0 \u00a0 <td><strong>Widerspruch<\/strong><\/td>\r\n\u00a0 \u00a0 \u00a0 \u00a0 \u00a0 \u00a0 \u00a0 \u00a0 <td>Widerspruch gegen die Verarbeitung Ihrer Daten f\u00fcr einen bestimmten Zweck, insbesondere wenn die Rechtsgrundlage das berechtigte Interesse oder die Aufgabe im \u00f6ffentlichen Interesse ist.<\/td>\r\n\u00a0 \u00a0 \u00a0 \u00a0 \u00a0 \u00a0 <\/tr>\r\n\u00a0 \u00a0 \u00a0 \u00a0 \u00a0 \u00a0 <tr>\r\n\u00a0 \u00a0 \u00a0 \u00a0 \u00a0 \u00a0 \u00a0 \u00a0 <td><strong>Einschr\u00e4nkung<\/strong><\/td>\r\n\u00a0 \u00a0 \u00a0 \u00a0 \u00a0 \u00a0 \u00a0 \u00a0 <td>Beantragung der Aussetzung der Verarbeitung Ihrer Daten, w\u00e4hrend Beschwerden oder Anfechtungen gekl\u00e4rt werden.<\/td>\r\n\u00a0 \u00a0 \u00a0 \u00a0 \u00a0 \u00a0 <\/tr>\r\n\u00a0 \u00a0 \u00a0 \u00a0 \u00a0 \u00a0 <tr>\r\n\u00a0 \u00a0 \u00a0 \u00a0 \u00a0 \u00a0 \u00a0 \u00a0 <td><strong>\u00dcbertragbarkeit<\/strong><\/td>\r\n\u00a0 \u00a0 \u00a0 \u00a0 \u00a0 \u00a0 \u00a0 \u00a0 <td>Ihre personenbezogenen Daten in einem strukturierten, g\u00e4ngigen und maschinenlesbaren Format zu erhalten und sie an einen anderen Verantwortlichen \u00fcbermitteln zu k\u00f6nnen.<\/td>\r\n\u00a0 \u00a0 \u00a0 \u00a0 \u00a0 \u00a0 <\/tr>\r\n\u00a0 \u00a0 \u00a0 \u00a0 <\/tbody>\r\n\u00a0 \u00a0 <\/table>\r\n\u00a0 <h3>Wie Sie Ihre Rechte aus\u00fcben k\u00f6nnen<\/h3>\r\n\u00a0 \u00a0 <p>Die Rechte k\u00f6nnen schriftlich ausge\u00fcbt werden, indem Sie das gew\u00fcnschte Recht angeben und eine Kopie Ihres Personalausweises oder eines gleichwertigen Ausweisdokuments beif\u00fcgen, adressiert an:<\/p>\r\n\u00a0 \u00a0 <ul>\r\n\u00a0 \u00a0 \u00a0 \u00a0 <li><strong>Postanschrift:<\/strong> Patronato Municipal de Turismo y Playas de Alicante, Calle Cervantes, 3, 1. Stock, 03002 Alicante.<\/li>\r\n\u00a0 \u00a0 \u00a0 \u00a0 <li><strong>Auf elektronischem Wege:<\/strong> \u00dcber die elektronische Plattform der Stadtverwaltung von Alicante unter Verwendung der offiziellen Verfahren des Allgemeinen Registers (erfordert ein digitales Zertifikat oder einen permanenten Cl@ve-Schl\u00fcssel) oder pers\u00f6nlich im Allgemeinen Register der Stadtverwaltung gem\u00e4\u00df Gesetz 39\/2015.<\/li>\r\n\u00a0 \u00a0 <\/ul>\r\n\u00a0 \u00a0 <p>Wenn Sie der Meinung sind, dass Ihre Rechte nicht zufriedenstellend gewahrt wurden, k\u00f6nnen Sie eine <strong>Beschwerde bei der spanischen Datenschutzbeh\u00f6rde (AEPD)<\/strong> einreichen.<\/p>\r\n\r\n\u00a0 \u00a0 <h2>VI. Sicherheit und Vertraulichkeit<\/h2>\r\n\u00a0 \u00a0 <p>Der Stiftungsrat garantiert die Anwendung geeigneter technischer und organisatorischer Ma\u00dfnahmen, um die Sicherheit und Vertraulichkeit Ihrer personenbezogenen Daten zu gew\u00e4hrleisten und deren Ver\u00e4nderung, Verlust, unbefugte Verarbeitung oder unbefugten Zugriff zu verhindern, wobei der Stand der Technik, die Art der Daten und die Risiken, denen sie ausgesetzt sind, ber\u00fccksichtigt werden (Art. 32 DSGVO).<\/p>\r\n\u00a0 \u00a0 <p>Der Stiftungsrat als der Stadtverwaltung von Alicante unterstellte Einrichtung \u00fcbernimmt die Verpflichtung zur Vertraulichkeit personenbezogener Daten (Art. 5.1.f DSGVO), da dies ein zuvor von der spanischen Datenschutzbeh\u00f6rde AEPD bei der Muttergesellschaft festgestellter Risikobereich ist.<\/p>\r\n\r\n\u00a0 \u00a0 <h2>VII. Verwendung von <em>Cookies<\/em><\/h2>\r\n\u00a0 \u00a0 <p>Diese Website verwendet eigene und fremde <em>Cookies<\/em>. Informationen zu den Arten, Zwecken und der Verwaltung der Einwilligung finden Sie in unserer <strong>Cookie-Richtlinie<\/strong>.<\/p>\r\n<\/div>\t\t\t\t<\/div>\n\t\t\t\t<\/div>\n\t\t\t\t<\/div>\n\t\t\t\t<\/div>\n\t\t","protected":false},"excerpt":{"rendered":"<p>Datenschutzerkl\u00e4rung VERANTWORTLICH: Patronato Municipal de Turismo y Playas de Alicante. Calle Cervantes, 3, 1. Stock, 03002 Alicante. NIF: P0300035C DATENSCHUTZBEAUFTRAGTER: Patronato Municipal de Turismo y Playas de Alicante. ZWECK: Um Ihrer Anfrage nachzukommen oder angemessen darauf zu reagieren. RECHTM\u00c4SSIGKEIT DER DATENVERARBEITUNG Aus\u00fcbung der Befugnisse, die der Stadtverwaltung durch das Gesetz 7\/1985 vom 2. April zur [&hellip;]<\/p>\n","protected":false},"author":1,"featured_media":0,"parent":0,"menu_order":0,"comment_status":"closed","ping_status":"closed","template":"","meta":{"_acf_changed":false,"footnotes":""},"class_list":["post-283959","page","type-page","status-publish","hentry"],"acf":[],"_links":{"self":[{"href":"https:\/\/alicanteturismo.com\/de\/wp-json\/wp\/v2\/pages\/283959","targetHints":{"allow":["GET"]}}],"collection":[{"href":"https:\/\/alicanteturismo.com\/de\/wp-json\/wp\/v2\/pages"}],"about":[{"href":"https:\/\/alicanteturismo.com\/de\/wp-json\/wp\/v2\/types\/page"}],"author":[{"embeddable":true,"href":"https:\/\/alicanteturismo.com\/de\/wp-json\/wp\/v2\/users\/1"}],"replies":[{"embeddable":true,"href":"https:\/\/alicanteturismo.com\/de\/wp-json\/wp\/v2\/comments?post=283959"}],"version-history":[{"count":0,"href":"https:\/\/alicanteturismo.com\/de\/wp-json\/wp\/v2\/pages\/283959\/revisions"}],"wp:attachment":[{"href":"https:\/\/alicanteturismo.com\/de\/wp-json\/wp\/v2\/media?parent=283959"}],"curies":[{"name":"wp","href":"https:\/\/api.w.org\/{rel}","templated":true}]}}