{"id":298411,"date":"2025-02-28T13:31:51","date_gmt":"2025-02-28T12:31:51","guid":{"rendered":"https:\/\/alicanteturismo.com\/recomanacions-enfront-de-la-caravel%c2%b7la-o-fragata-portuguesa-i-les-meduses\/"},"modified":"2025-06-13T10:45:14","modified_gmt":"2025-06-13T08:45:14","slug":"recomanacions-enfront-de-la-caravel%c2%b7la-o-fragata-portuguesa-i-les-meduses","status":"publish","type":"page","link":"https:\/\/alicanteturismo.com\/ca\/recomanacions-enfront-de-la-caravel%c2%b7la-o-fragata-portuguesa-i-les-meduses\/","title":{"rendered":"Recomanacions enfront de la Caravel\u00b7la o Fragata Portuguesa i les Meduses"},"content":{"rendered":"\t\t<div data-elementor-type=\"wp-page\" data-elementor-id=\"298411\" class=\"elementor elementor-298411 elementor-298388\" data-elementor-post-type=\"page\">\n\t\t\t\t<div class=\"elementor-element elementor-element-445693d e-con-full e-flex e-con e-parent\" data-id=\"445693d\" data-element_type=\"container\" data-e-type=\"container\" data-settings=\"{&quot;background_background&quot;:&quot;classic&quot;}\">\n\t\t\t\t<\/div>\n\t\t<div class=\"elementor-element elementor-element-39f8016 e-con-full e-flex e-con e-parent\" data-id=\"39f8016\" data-element_type=\"container\" data-e-type=\"container\">\n\t\t<div class=\"elementor-element elementor-element-941a83b e-con-full e-flex e-con e-child\" data-id=\"941a83b\" data-element_type=\"container\" data-e-type=\"container\">\n\t\t\t\t<div class=\"elementor-element elementor-element-945e227 elementor-widget__width-initial elementor-widget elementor-widget-text-editor\" data-id=\"945e227\" data-element_type=\"widget\" data-e-type=\"widget\" data-widget_type=\"text-editor.default\">\n\t\t\t\t<div class=\"elementor-widget-container\">\n\t\t\t\t\t\t\t\t\t<p>La <strong>Caravel\u00b7la o fragata portuguesa, <a href=\"https:\/\/es.wikipedia.org\/wiki\/Physalia_physalis\" target=\"_blank\" rel=\"noopener\">Physalia physalis<\/a>,<\/strong> \u00e9s una esp\u00e8cie de medusa que t\u00e9 una perillositat molt alta i el contacte amb els seus tentacles pot tindre conseq\u00fc\u00e8ncies molt greus per l&#8217;aparici\u00f3 de s\u00edmptomes com ara: alteracions gastrointestinals, neurol\u00f2giques, musculars i cardiorespirat\u00f2ries, amb el conseg\u00fcent perill d&#8217;ofegament.<\/p>\n<p>Poden produir co\u00efssor, dolor intens i laceracions en la pell, sent habitual que els tentacles queden adherits a esta.<\/p>\n<p>Esta esp\u00e8cie es mou a la merc\u00e8 dels corrents superficials i del vent el cos del qual on es localitzen els tentacles sura i t\u00e9 forma de vela (flotador). \u00c9s t\u00edpica de les aig\u00fces temperades de l&#8217;Atl\u00e0ntic, per\u00f2 tamb\u00e9 \u00e9s ocasionalment observada en les aig\u00fces del Mediterrani.<\/p>\n<p><strong>RECOMANACIONS DAVANT L&#8217;ALBIRAMENT DE CARAVEL\u00b7LES PORTUGUESES:<\/strong><\/p>\n<ol>\n<li>Si hi ha meduses o caravel\u00b7les portugueses a la platja, no et banyes i allunya&#8217;t de la riba on puga haver-hi fragments de l&#8217;animal.<\/li>\n<li>Si est\u00e0s en l&#8217;aigua i veus meduses o el flotador de la caravel\u00b7la, allunya&#8217;t i dirigeix-te a la riba. En el cas de la caravel\u00b7la, encara que es veja el flotador lluny, els tentacles estesos s\u00f3n molt llargs (hi ha casos de fins a 30 metres) i et poden arribar a tocar.<\/li>\n<li>Si la medusa o la caravel\u00b7la est\u00e0 fora de l&#8217;aigua (en l&#8217;arena, sobre les roques, etc.) no la toques, encara que estiga morta, pot alliberar ver\u00ed.<\/li>\n<li>Seguix sempre les indicacions dels socorristes.<\/li>\n<\/ol>\n\t\t\t\t\t\t\t\t<\/div>\n\t\t\t\t<\/div>\n\t\t\t\t<div class=\"elementor-element elementor-element-ddff27b elementor-widget__width-initial elementor-widget elementor-widget-image\" data-id=\"ddff27b\" data-element_type=\"widget\" data-e-type=\"widget\" data-widget_type=\"image.default\">\n\t\t\t\t<div class=\"elementor-widget-container\">\n\t\t\t\t\t\t\t\t\t\t\t\t\t\t\t<img fetchpriority=\"high\" decoding=\"async\" width=\"2000\" height=\"1333\" src=\"https:\/\/alicanteturismo.com\/wp-content\/uploads\/2025\/02\/medusas.jpg\" class=\"attachment-full size-full wp-image-298391\" alt=\"\" srcset=\"https:\/\/alicanteturismo.com\/wp-content\/uploads\/2025\/02\/medusas.jpg 2000w, https:\/\/alicanteturismo.com\/wp-content\/uploads\/2025\/02\/medusas-300x200.jpg 300w, https:\/\/alicanteturismo.com\/wp-content\/uploads\/2025\/02\/medusas-1024x682.jpg 1024w, https:\/\/alicanteturismo.com\/wp-content\/uploads\/2025\/02\/medusas-768x512.jpg 768w, https:\/\/alicanteturismo.com\/wp-content\/uploads\/2025\/02\/medusas-391x260.jpg 391w, https:\/\/alicanteturismo.com\/wp-content\/uploads\/2025\/02\/medusas-1536x1024.jpg 1536w\" sizes=\"(max-width: 2000px) 100vw, 2000px\" \/>\t\t\t\t\t\t\t\t\t\t\t\t\t\t\t<\/div>\n\t\t\t\t<\/div>\n\t\t\t\t<div class=\"elementor-element elementor-element-9ed0cad elementor-widget__width-initial elementor-widget elementor-widget-text-editor\" data-id=\"9ed0cad\" data-element_type=\"widget\" data-e-type=\"widget\" data-widget_type=\"text-editor.default\">\n\t\t\t\t<div class=\"elementor-widget-container\">\n\t\t\t\t\t\t\t\t\t<p><strong>PROTOCOL D&#8217;ACTUACI\u00d3 DAVANT EL CONTACTE AMB LA CARAVEL\u00b7LA PORTUGUESA<\/strong><\/p>\n<ul>\n<li>Eixir de l&#8217;aigua i acudir al servici de salvament. En el cas de picada d&#8217;una caravel\u00b7la es poden tindre estos s\u00edmptomes: n\u00e0usees, v\u00f2mits, marejos, rampes musculars, mal de cap, dificultat per a respirar o malestar generalitzat. En tal cas \u00e9s necessari acudir al centre sanitari m\u00e9s pr\u00f2xim o telefonar al 112.<\/li>\n<li><strong>Retira les restes de tentacle<\/strong> que puguen haver quedat en contacte amb la pell, evitant en tot cas el rascat de la zona i sense tocar les restes de tentacle directament amb les mans. Retirar els tentacles amb pinces i guants; si no tens, fes-ho amb la vora d&#8217;un objecte r\u00edgid com per exemple una targeta de cr\u00e8dit o el perm\u00eds de conduir per a evitar el contacte amb les mans.<\/li>\n<li><strong>Com neutralitzar el t\u00f2xic:<\/strong><\/li>\n<\/ul>\n<ul>\n<li style=\"list-style-type: none;\">\n<ul>\n<li>Mai frecs la zona afectada, ni utilitzes tovalloles o arena per a netejar la ferida, ja que la pressi\u00f3 pot augmentar l&#8217;alliberament de ver\u00ed.<\/li>\n<li>Lava la zona afectada amb aigua de mar i comprova abans que l&#8217;aigua no tinga fragments de tentacles. Mai la llaves amb aigua dol\u00e7a (el canvi de salinitat provoca m\u00e9s alliberament de ver\u00ed).<\/li>\n<li>Per a alleugerir el dolor aplica fred sobre la zona utilitzant una bossa de pl\u00e0stic amb gel (per a evitar el contacte directe amb la pell). Posa-t&#8217;ho durant 10-15 minuts, descansa 5 i torna-te-la a posar.<\/li>\n<li>No utilitzes amon\u00edac, vinagre o orina.<\/li>\n<\/ul>\n<\/li>\n<li>Encara que el dolor desapareixer\u00e0 en unes dos hores, <strong>sol\u00b7licita atenci\u00f3 sanit\u00e0ria<\/strong>, especialment si el <strong>dolor \u00e9s intens o s&#8217;associa amb alguna altra mol\u00e8stia.<\/strong><\/li>\n<li>La picada de la caravel\u00b7la portuguesa <strong>pot ser greu, encara que rarament ho siga, especialment en xiquets<\/strong> o si hi ha al\u00b7l\u00e8rgies pr\u00e8vies.<\/li>\n<li><strong>No toques una caravel\u00b7la mai,<\/strong> encara que jaga aparentment morta en la riba. El t\u00f2xic pot ser actiu fins a 48 hores despr\u00e9s de la mort d&#8217;esta.<\/li>\n<li><strong>Avisa a les autoritats o als socorristes i advertix als altres usuaris<\/strong> de la zona si veu algun exemplar tant en l&#8217;aigua com en la riba.<\/li>\n<\/ul>\n\t\t\t\t\t\t\t\t<\/div>\n\t\t\t\t<\/div>\n\t\t\t\t<\/div>\n\t\t\t\t<\/div>\n\t\t\t\t<\/div>\n\t\t","protected":false},"excerpt":{"rendered":"<p>La Caravel\u00b7la o fragata portuguesa, Physalia physalis, \u00e9s una esp\u00e8cie de medusa que t\u00e9 una perillositat molt alta i el contacte amb els seus tentacles pot tindre conseq\u00fc\u00e8ncies molt greus per l&#8217;aparici\u00f3 de s\u00edmptomes com ara: alteracions gastrointestinals, neurol\u00f2giques, musculars i cardiorespirat\u00f2ries, amb el conseg\u00fcent perill d&#8217;ofegament. Poden produir co\u00efssor, dolor intens i laceracions en [&hellip;]<\/p>\n","protected":false},"author":1,"featured_media":0,"parent":0,"menu_order":0,"comment_status":"closed","ping_status":"closed","template":"","meta":{"_acf_changed":false,"footnotes":""},"class_list":["post-298411","page","type-page","status-publish","hentry"],"acf":[],"_links":{"self":[{"href":"https:\/\/alicanteturismo.com\/ca\/wp-json\/wp\/v2\/pages\/298411","targetHints":{"allow":["GET"]}}],"collection":[{"href":"https:\/\/alicanteturismo.com\/ca\/wp-json\/wp\/v2\/pages"}],"about":[{"href":"https:\/\/alicanteturismo.com\/ca\/wp-json\/wp\/v2\/types\/page"}],"author":[{"embeddable":true,"href":"https:\/\/alicanteturismo.com\/ca\/wp-json\/wp\/v2\/users\/1"}],"replies":[{"embeddable":true,"href":"https:\/\/alicanteturismo.com\/ca\/wp-json\/wp\/v2\/comments?post=298411"}],"version-history":[{"count":0,"href":"https:\/\/alicanteturismo.com\/ca\/wp-json\/wp\/v2\/pages\/298411\/revisions"}],"wp:attachment":[{"href":"https:\/\/alicanteturismo.com\/ca\/wp-json\/wp\/v2\/media?parent=298411"}],"curies":[{"name":"wp","href":"https:\/\/api.w.org\/{rel}","templated":true}]}}