{"id":288318,"date":"2024-08-19T12:48:34","date_gmt":"2024-08-19T10:48:34","guid":{"rendered":"https:\/\/dev.alicanteturismo.com\/politica-de-cookies\/"},"modified":"2025-01-28T16:15:32","modified_gmt":"2025-01-28T15:15:32","slug":"politica-de-cookies","status":"publish","type":"page","link":"https:\/\/alicanteturismo.com\/ca\/politica-de-cookies\/","title":{"rendered":"Pol\u00edtica de cookies"},"content":{"rendered":"\t\t<div data-elementor-type=\"wp-page\" data-elementor-id=\"288318\" class=\"elementor elementor-288318 elementor-15142\" data-elementor-post-type=\"page\">\n\t\t\t\t<div class=\"elementor-element elementor-element-65e3680 e-con-full e-flex e-con e-parent\" data-id=\"65e3680\" data-element_type=\"container\" data-e-type=\"container\">\n\t\t\t\t<div class=\"elementor-element elementor-element-9dcfdca elementor-widget__width-inherit elementor-widget elementor-widget-heading\" data-id=\"9dcfdca\" data-element_type=\"widget\" data-e-type=\"widget\" data-widget_type=\"heading.default\">\n\t\t\t\t<div class=\"elementor-widget-container\">\n\t\t\t\t\t<h1 class=\"elementor-heading-title elementor-size-default\">Pol\u00edtica de cookies<\/h1>\t\t\t\t<\/div>\n\t\t\t\t<\/div>\n\t\t\t\t<div class=\"elementor-element elementor-element-fe00318 elementor-widget elementor-widget-text-editor\" data-id=\"fe00318\" data-element_type=\"widget\" data-e-type=\"widget\" data-widget_type=\"text-editor.default\">\n\t\t\t\t<div class=\"elementor-widget-container\">\n\t\t\t\t\t\t\t\t\t<p data-wahfont=\"16\"><b>a) Utilitzaci\u00f3 de cookies i Web Bugs per les webs del PATRONAT MUNICIPAL DE TURISME I PLATGES D&#8217;ALACANT<\/b><\/p>\n<p data-wahfont=\"16\"><b>b) Tipologia, finalitat i funcionament de les cookies<\/b><\/p>\n<p data-wahfont=\"16\"><b>c) Com deshabilitar les cookies i els Web Bugs als principals navegadors<\/b><\/p>\n<p data-wahfont=\"16\"><b>d) Qu\u00e8 passa si es deshabiliten les cookies<\/b><\/p>\n<p data-wahfont=\"16\"><b>a) Utilitzaci\u00f3 de cookies i Web Bugs per les Webs del PATRONAT MUNICIPAL DE TURISME I PLATGES D&#8217;ALACANT:<\/b><\/p>\n<p data-wahfont=\"16\">Les webs del PATRONAT MUNICIPAL DE TURISME I PLATGES D&#8217;ALACANT utilitzen cookies, i altres mecanismes similars (d&#8217;ara endavant, cookies). Les cookies s\u00f3n fitxers enviats a un navegador per mitj\u00e0 d&#8217;un servidor web per registrar les activitats de l&#8217;usuari en una web determinada o a totes les webs, apps i\/o serveis de les webs del PATRONAT MUNICIPAL DE TURISME I PLATGES D&#8217;ALACANT (d&#8217;ara endavant , els serveis). La primera finalitat de les cookies \u00e9s la de facilitar a l&#8217;usuari un acc\u00e9s m\u00e9s r\u00e0pid als serveis seleccionats. A m\u00e9s, les cookies personalitzen els serveis que ofereixen les webs del PATRONAT MUNICIPAL DE TURISME I PLATGES D&#8217;ALACANT, facilitant i oferint a cada usuari informaci\u00f3 que \u00e9s del seu inter\u00e9s o que pot ser del seu inter\u00e9s, en atenci\u00f3 a l&#8217;\u00fas que realitza dels serveis.   <\/p>\n<p data-wahfont=\"16\">Les webs del PATRONAT MUNICIPAL DE TURISME I PLATGES D&#8217;ALACANT utilitzen cookies per personalitzar i facilitar al m\u00e0xim la navegaci\u00f3 de l&#8217;usuari. Les cookies s&#8217;associen \u00fanicament a un usuari an\u00f2nim i el seu ordinador i no proporcionen refer\u00e8ncies que permeten deduir dades personals de l&#8217;usuari. L&#8217;usuari podr\u00e0 configurar el seu navegador perqu\u00e8 notifique i rebutge la instal\u00b7laci\u00f3 de les cookies enviades per les webs del PATRONAT MUNICIPAL DE TURISME I PLATGES D&#8217;ALACANT, sense que aix\u00f2 perjudique la possibilitat de l&#8217;usuari d&#8217;accedir als continguts. Tot i aix\u00f2, li fem notar que, en tot cas, la qualitat de funcionament de la p\u00e0gina web pot disminuir.   <\/p>\n<p data-wahfont=\"16\">Els usuaris registrats que es registren o que hagen iniciat sessi\u00f3, podran beneficiar-se d&#8217;uns serveis m\u00e9s personalitzats i orientats al seu perfil, gr\u00e0cies a la combinaci\u00f3 de les dades emmagatzemades a les cookies amb les dades personals utilitzades en el moment del seu registre. Aquests usuaris autoritzen expressament l&#8217;\u00fas d&#8217;aquesta informaci\u00f3 amb la finalitat indicada, sense perjudici del seu dret a rebutjar o deshabilitar l&#8217;\u00fas de cookies. <\/p>\n<p data-wahfont=\"16\">Aix\u00ed mateix, les webs del PATRONAT MUNICIPAL DE TURISME I PLATGES D&#8217;ALACANT podran saber tots els serveis del Patronat Municipal de Turisme i Platges d&#8217;Alacant sol\u00b7licitats pels usuaris, de manera que podran facilitar o oferir informaci\u00f3 adequada als gustos i les prefer\u00e8ncies de cada usuari.<\/p>\n<p data-wahfont=\"16\">Les webs del PATRONAT MUNICIPAL DE TURISME I PLATGES D&#8217;ALACANT tamb\u00e9 utilitza Web Bugs, que s\u00f3n imatges diminutes i transparents inserides als correus electr\u00f2nics. Quan l&#8217;usuari obri el correu electr\u00f2nic, aquesta imatge es descarrega juntament amb la resta del contingut de l&#8217;adre\u00e7a electr\u00f2nica i permet con\u00e9ixer si un correu electr\u00f2nic concret ha sigut obert o no, aix\u00ed com l&#8217;adre\u00e7a IP des de la qual s&#8217;ha baixat. Les webs del PATRONAT MUNICIPAL DE TURISME I PLATGES D&#8217;ALACANT utilitzen aquesta informaci\u00f3 per obtenir estad\u00edstiques i fer estudis anal\u00edtics sobre la recepci\u00f3 dels seus correus electr\u00f2nics per part dels usuaris.  <\/p>\n<p data-wahfont=\"16\"><b>b) Tipologia, finalitat i funcionament de les cookies:<\/b><\/p>\n<p data-wahfont=\"16\">Les cookies, en funci\u00f3 de la seua perman\u00e8ncia, es poden dividir en cookies de sessi\u00f3 o permanents. Les primeres expiren quan l&#8217;usuari tanca el navegador. Les segones expiren en funci\u00f3 quan es complisca l&#8217;objectiu per al que serveixen (per exemple, perqu\u00e8 l&#8217;usuari es mantinga identificat als serveis del Patronat Municipal de Turisme i Platges d&#8217;Alacant) o b\u00e9 quan s&#8217;esborren manualment.  <\/p>\n<p data-wahfont=\"16\">Addicionalment, en funci\u00f3 del seu objectiu, les cookies es poden classificar de la manera seg\u00fcent:<\/p>\n<p data-wahfont=\"16\">COOKIES DE RENDIMENT: aquest tipus de cookie recorda les seues prefer\u00e8ncies per a les eines que es troben als serveis, per la qual cosa no ha de tornar a configurar el servei cada vegada que el visita. A tall d&#8217;exemple, en aquesta tipologia s&#8217;inclouen: <\/p>\n<ul>\n<li>Configuraci\u00f3 de volum de reproductors de v\u00eddeo o so.<\/li>\n<li>Les velocitats de transmissi\u00f3 de v\u00eddeo que siguen compatibles amb el seu navegador.<\/li>\n<li>Els objectes geolocalitzats siguen els que s&#8217;adeq\u00fcen m\u00e9s a la ubicaci\u00f3 de l&#8217;usuari.<span data-wahfont=\"16\"> <\/span><\/li>\n<\/ul>\n<p data-wahfont=\"16\">COOKIES DE GEOLOCALITZACI\u00d3: aquestes cookies s\u00f3n utilitzades per esbrinar a quin pa\u00eds es troba quan se sol\u00b7licita un servei. Aquesta cookie \u00e9s totalment an\u00f2nima, i nom\u00e9s s&#8217;utilitza per ajudar a orientar el contingut a la seua ubicaci\u00f3 mostrant la web en l&#8217;idioma m\u00e9s adequat dels disponibles. <\/p>\n<p data-wahfont=\"16\">COOKIES DE REGISTRE: Les cookies de registre es generen una vegada que l&#8217;usuari s&#8217;ha registrat o posteriorment ha obert la sessi\u00f3, i s&#8217;utilitzen per identificar-lo als serveis amb els objectius seg\u00fcents:<\/p>\n<ul>\n<li>Mantenir l&#8217;usuari identificat de manera que, si tanqa un servei, el navegador o l&#8217;ordinador i en un altre moment o un altre dia torna a entrar en aquest servei, seguira identificat, facilitant aix\u00ed la seua navegaci\u00f3 sense haver de tornar-se a identificar. Aquesta funcionalitat es pot suprimir si l&#8217;usuari prem la funcionalitat \u201ctancar sessi\u00f3\u201d, de manera que aquesta cookie s&#8217;elimina i la propera vegada que entre al servei l&#8217;usuari haur\u00e0 d&#8217;iniciar sessi\u00f3 per estar identificat. <\/li>\n<\/ul>\n<ul>\n<li>Comprovar si l&#8217;usuari est\u00e0 autoritzat per accedir a certs serveis, per exemple, per participar en un concurs o accedir a \u00e0rees d&#8217;administraci\u00f3.<\/li>\n<\/ul>\n<p data-wahfont=\"16\">Addicionalment, alguns serveis poden utilitzar connectors amb xarxes socials com Facebook o Twitter. Quan l&#8217;usuari es registra en un servei amb credencials d&#8217;una xarxa social, autoritza la xarxa social a desar una cookie persistent que en recorda la identitat i li garanteix acc\u00e9s als serveis fins que expira. L&#8217;usuari pot esborrar aquesta cookie i revocar l&#8217;acc\u00e9s als serveis mitjan\u00e7ant xarxes socials actualitzant les seues prefer\u00e8ncies a la xarxa social que espec\u00edfica.  <\/p>\n<p data-wahfont=\"16\">COOKIES D&#8217;ANAL\u00cdTIQUES: cada vegada que un usuari visita un servei, una eina d&#8217;un prove\u00efdor extern (Omniture, Netscope, Comscore i similars que podran afegir-se a aquest llistat en cas que varien en relaci\u00f3 amb els actuals) genera una cookie anal\u00edtica al ordinador de l&#8217;usuari. Aquesta cookie que nom\u00e9s es genera a la visita, servir\u00e0 en properes visites als serveis del Patronat Municipal de Turisme i Platges de Alacant per identificar de manera an\u00f2nima el visitant. Els objectius principals que es persegueixen s\u00f3n:  <\/p>\n<ul>\n<li>Permetre la identificaci\u00f3 an\u00f2nima dels usuaris navegants a trav\u00e9s de la \u201ccookie\u201d (identifica navegadors i dispositius, no persones) i per tant la comptabilitzaci\u00f3 aproximada del nombre de visitants i la seua tend\u00e8ncia en el temps.<\/li>\n<li>Identificar de forma an\u00f2nima els continguts m\u00e9s visitats i per tant m\u00e9s atractius per als usuaris<\/li>\n<li>Saber si l&#8217;usuari que est\u00e0 accedint \u00e9s nou o repeteix visita.<\/li>\n<\/ul>\n<p data-wahfont=\"16\">Important: llevat que l&#8217;usuari decidisca registrar-se en un servei del Patronat Municipal de Turisme i Platges d&#8217;Alacant, la cookie mai anir\u00e0 associada a cap dada de car\u00e0cter personal que puga identificar-lo. Aquestes cookies nom\u00e9s seran utilitzades amb prop\u00f2sits estad\u00edstics que ajuden a l&#8217;optimitzaci\u00f3 de l&#8217;experi\u00e8ncia dels usuaris al lloc. <\/p>\n<p data-wahfont=\"16\"><span data-wahfont=\"16\">COOKIES DE TERCERS: a m\u00e9s de les publicacions gestionades per les webs de PATRONAT MUNICIPAL DE TURISME I PLATGES D&#8217;ALACANT als seus serveis, les webs de PATRONAT MUNICIPAL DE TURISME I PLATGES D&#8217;ALACANT ofereixen serveis a trav\u00e9s de tercers. D&#8217;aquesta manera, aquests tercers poden emmagatzemar cookies enviades des dels serveis del Patronat Municipal de Turisme i Platges d&#8217;Alacant procedents dels navegadors dels usuaris, aix\u00ed com accedir a les dades que s&#8217;hi guarden. <\/span><\/p>\n<p data-wahfont=\"16\">Les empreses que generen aquestes cookies tenen les seues pr\u00f2pies pol\u00edtiques de privadesa. En l&#8217;actualitat, les webs del PATRONAT MUNICIPAL DE TURISME I PLATGES D&#8217;ALACANT utilitzen la plataforma Google maps (Google) per gestionar aquests serveis. Per a m\u00e9s informaci\u00f3, acudisca a <a role=\"link\" href=\"http:\/\/www.google.com\/maps\/about\/behind-the-scenes\/streetview\/privacy\/\" data-wahfont=\"16\" target=\"_blank\" rel=\"noopener\">http:\/\/www.google.com\/maps\/about\/behind-the-scenes\/streetview\/privacy\/<\/a>  <\/p>\n<p data-wahfont=\"16\"><b>c) Com deshabilitar les cookies i els Web Bugs als principals navegadors:<\/b><\/p>\n<p data-wahfont=\"16\">Normalment \u00e9s possible deixar d&#8217;acceptar les cookies del navegador, o deixar d&#8217;acceptar les cookies d&#8217;un servei en particular.<\/p>\n<p data-wahfont=\"16\">Tots els navegadors moderns permeten canviar la configuraci\u00f3 de cookies. Aquests par\u00e0metres normalment es troben a les &#8216;opcions&#8217; o &#8216;prefer\u00e8ncies&#8217; del men\u00fa del seu navegador. Aix\u00ed mateix, pot configurar el seu navegador o el seu gestor de correu electr\u00f2nic, aix\u00ed com instal\u00b7lar complements gratu\u00efts per evitar que es descarreguen els Web Bugs en obrir un correu electr\u00f2nic.  <\/p>\n<p data-wahfont=\"16\">Les webs del PATRONAT MUNICIPAL DE TURISME I PLATGES D&#8217;ALACANT ofereixen orientaci\u00f3 a l&#8217;usuari sobre els passos per accedir al men\u00fa de configuraci\u00f3 de les cookies i, si escau, de la navegaci\u00f3 privada a cadascun dels navegadors principals:<\/p>\n<ul>\n<li><b>Internet Explorer<\/b>: Eines -&gt; Opcions d&#8217;Internet -&gt; Privadesa -&gt; Configuraci\u00f3.<\/li>\n<\/ul>\n<p data-wahfont=\"16\">Per a m\u00e9s informaci\u00f3, pot consultar el <a role=\"link\" href=\"http:\/\/windows.microsoft.com\/es-ES\/windows\/support\" data-wahfont=\"16\" target=\"_blank\" rel=\"noopener\">suport de Microsoft<\/a> o l&#8217;ajuda del navegador.<\/p>\n<ul>\n<li><b>Firefox<\/b>: Eines -&gt; Opcions -&gt; Privadesa -&gt; Historial -&gt; Configuraci\u00f3 personalitzada.<\/li>\n<\/ul>\n<p data-wahfont=\"16\">Per a m\u00e9s informaci\u00f3, pot consultar el <a role=\"link\" href=\"http:\/\/support.mozilla.org\/es\/home\" data-wahfont=\"16\" target=\"_blank\" rel=\"noopener\">suport de Mozilla<\/a> o l&#8217;ajuda del navegador.<\/p>\n<ul>\n<li><b>Chrome<\/b>: Configuraci\u00f3 -&gt; Mostrar opcions avan\u00e7ades -&gt; Privadesa -&gt; Configuraci\u00f3 de contingut.<\/li>\n<\/ul>\n<p data-wahfont=\"16\">Per a m\u00e9s informaci\u00f3, pot consultar el <a role=\"link\" href=\"http:\/\/support.google.com\/chrome\/?hl=es\" data-wahfont=\"16\" target=\"_blank\" rel=\"noopener\">suport de Google<\/a> o l&#8217;ajuda del navegador.<\/p>\n<ul>\n<li><b>Safari<\/b>: Prefer\u00e8ncies -&gt; Seguretat.<\/li>\n<\/ul>\n<p data-wahfont=\"16\">Per a m\u00e9s informaci\u00f3, pot consultar el <a role=\"link\" href=\"http:\/\/www.apple.com\/es\/support\/safari\/\" data-wahfont=\"16\" target=\"_blank\" rel=\"noopener\">suport d&#8217;Apple<\/a> o l&#8217;ajuda del navegador.<\/p>\n<p data-wahfont=\"16\"><b>d) Qu\u00e8 passa si es deshabiliten les cookies:<\/b><\/p>\n<p data-wahfont=\"16\">Algunes funcionalitats dels serveis quedaran deshabilitades com, per exemple, romandre identificat, mantenir les compres al \u201ccarret de la compra\u201d en un servei de comer\u00e7 electr\u00f2nic, rebre informaci\u00f3 adre\u00e7ada a la seua localitzaci\u00f3 o visualitzaci\u00f3 d&#8217;alguns v\u00eddeos.<\/p>\n<p data-wahfont=\"16\"><b>ACTUALITZACIONS I CANVIS A LA POL\u00cdTICA DE PRIVACITAT \/ COOKIES:<\/b><\/p>\n<p data-wahfont=\"16\">Les webs del PATRONAT MUNICIPAL DE TURISME I PLATGES D&#8217;ALACANT poden modificar aquesta pol\u00edtica de Cookies en funci\u00f3 d&#8217;exig\u00e8ncies legislatives, reglament\u00e0ries, o amb la finalitat d&#8217;adaptar aquesta pol\u00edtica a les instruccions dictades per l&#8217;Ag\u00e8ncia Espanyola de Protecci\u00f3 de Dades, per aix\u00f2 s&#8217;aconsella als usuaris que la visiten peri\u00f2dicament.<\/p>\n<p data-wahfont=\"16\">Quan es produ\u00efsquen canvis significatius en aquesta pol\u00edtica de cookies, es comunicaran als usuaris b\u00e9 mitjan\u00e7ant la web o mitjan\u00e7ant correu electr\u00f2nic als usuaris registrats.<\/p>\n\t\t\t\t\t\t\t\t<\/div>\n\t\t\t\t<\/div>\n\t\t\t\t<\/div>\n\t\t\t\t<\/div>\n\t\t","protected":false},"excerpt":{"rendered":"<p>Pol\u00edtica de cookies a) Utilitzaci\u00f3 de cookies i Web Bugs per les webs del PATRONAT MUNICIPAL DE TURISME I PLATGES D&#8217;ALACANT b) Tipologia, finalitat i funcionament de les cookies c) Com deshabilitar les cookies i els Web Bugs als principals navegadors d) Qu\u00e8 passa si es deshabiliten les cookies a) Utilitzaci\u00f3 de cookies i Web [&hellip;]<\/p>\n","protected":false},"author":1,"featured_media":0,"parent":0,"menu_order":0,"comment_status":"closed","ping_status":"closed","template":"","meta":{"_acf_changed":false,"footnotes":""},"class_list":["post-288318","page","type-page","status-publish","hentry"],"acf":[],"_links":{"self":[{"href":"https:\/\/alicanteturismo.com\/ca\/wp-json\/wp\/v2\/pages\/288318","targetHints":{"allow":["GET"]}}],"collection":[{"href":"https:\/\/alicanteturismo.com\/ca\/wp-json\/wp\/v2\/pages"}],"about":[{"href":"https:\/\/alicanteturismo.com\/ca\/wp-json\/wp\/v2\/types\/page"}],"author":[{"embeddable":true,"href":"https:\/\/alicanteturismo.com\/ca\/wp-json\/wp\/v2\/users\/1"}],"replies":[{"embeddable":true,"href":"https:\/\/alicanteturismo.com\/ca\/wp-json\/wp\/v2\/comments?post=288318"}],"version-history":[{"count":0,"href":"https:\/\/alicanteturismo.com\/ca\/wp-json\/wp\/v2\/pages\/288318\/revisions"}],"wp:attachment":[{"href":"https:\/\/alicanteturismo.com\/ca\/wp-json\/wp\/v2\/media?parent=288318"}],"curies":[{"name":"wp","href":"https:\/\/api.w.org\/{rel}","templated":true}]}}