{"id":288042,"date":"2024-08-19T12:24:42","date_gmt":"2024-08-19T10:24:42","guid":{"rendered":"https:\/\/dev.alicanteturismo.com\/politica-de-privadesa\/"},"modified":"2025-10-09T11:44:11","modified_gmt":"2025-10-09T09:44:11","slug":"politica-de-privadesa","status":"publish","type":"page","link":"https:\/\/alicanteturismo.com\/ca\/politica-de-privadesa\/","title":{"rendered":"Pol\u00edtica de privadesa"},"content":{"rendered":"\t\t<div data-elementor-type=\"wp-page\" data-elementor-id=\"288042\" class=\"elementor elementor-288042 elementor-15106\" data-elementor-post-type=\"page\">\n\t\t\t\t<div class=\"elementor-element elementor-element-65e3680 e-con-full e-flex e-con e-parent\" data-id=\"65e3680\" data-element_type=\"container\" data-e-type=\"container\">\n\t\t\t\t<div class=\"elementor-element elementor-element-9dcfdca elementor-widget__width-inherit elementor-widget elementor-widget-heading\" data-id=\"9dcfdca\" data-element_type=\"widget\" data-e-type=\"widget\" data-widget_type=\"heading.default\">\n\t\t\t\t<div class=\"elementor-widget-container\">\n\t\t\t\t\t<h1 class=\"elementor-heading-title elementor-size-default\">Pol\u00edtica de privacitat<\/h1>\t\t\t\t<\/div>\n\t\t\t\t<\/div>\n\t\t\t\t<div class=\"elementor-element elementor-element-fe00318 elementor-hidden-widescreen elementor-hidden-desktop elementor-hidden-laptop elementor-hidden-tablet_extra elementor-hidden-tablet elementor-hidden-mobile_extra elementor-hidden-mobile elementor-widget elementor-widget-text-editor\" data-id=\"fe00318\" data-element_type=\"widget\" data-e-type=\"widget\" data-widget_type=\"text-editor.default\">\n\t\t\t\t<div class=\"elementor-widget-container\">\n\t\t\t\t\t\t\t\t\t<p data-wahfont=\"16\"><strong>RESPONSABLE:<\/strong> Patronat Municipal de Turisme i Platges d&#8217;Alacant. Carrer Cervantes, 3, 1a planta, 03002 Alacant.<\/p>\n<p><\/p>\n<p data-wahfont=\"16\"><strong>NIF: <\/strong>P0300035C<\/p>\n<p><\/p>\n<p data-wahfont=\"16\"><strong>DELEGAT DE PROTECCI\u00d3 DE DADES<\/strong>: Patronat Municipal de Turisme i Platges d&#8217;Alacant.<\/p>\n<p><\/p>\n<p data-wahfont=\"16\"><strong>FINALITAT<\/strong>: Poder donar compliment o resposta adequada a la seua sol\u00b7licitud.<\/p>\n<p><\/p>\n<p data-wahfont=\"16\"><strong>LEGITIMITAT DEL TRACTAMENT DE LES DADES<\/strong><\/p>\n<p><\/p>\n<p data-wahfont=\"16\">Exercici de les potestats atribu\u00efdes a l&#8217;Ajuntament per la Llei 7\/1985, de 2 d&#8217;abril, Reguladora de les Bases del R\u00e8gim Local, i per la Llei 39\/2015, d&#8217;1 d&#8217;octubre, del Procediment Administratiu Com\u00fa de les Administracions P\u00fabliques.<\/p>\n<p><\/p>\n<p data-wahfont=\"16\"><strong>TERMINI DURANT EL QUAL ES CONSERVARAN LES DADES<\/strong><\/p>\n<p><\/p>\n<p data-wahfont=\"16\">Mentres es mantinga la finalitat per a la qual han sigut recaptats. Les dades es conservaran durant per\u00edodes m\u00e9s llargs amb finalitats exclusius d&#8217;arxiu en inter\u00e9s p\u00fablic.<\/p>\n<p><\/p>\n<p data-wahfont=\"16\"><strong>DRETS<\/strong><\/p>\n<p><\/p>\n<p data-wahfont=\"16\">\u25cf Dret d&#8217;acc\u00e9s. Per a con\u00e9ixer quines dades personals seus estan sent tractats, amb quina finalitat, l&#8217;origen dels mateixos i si es comuniquen o han sigut comunicats a tercers.<br \/>\n\u25cf Dret de rectificaci\u00f3. Per a obtindre la rectificaci\u00f3 de les dades personals inexactes que el concernisquen.<br \/>\n\u25cf Dret de supressi\u00f3 (\u201cel dret a l&#8217;oblit\u201d). Per a obtindre la supressi\u00f3 de les dades personals que no siguen necessaris, sobre els quals s&#8217;haja retirat el consentiment, s&#8217;hagen obtingut il\u00b7l\u00edcitament i altres casos que assenyala el RGPD.<br \/>\n\u25cf Dret a la limitaci\u00f3 del tractament, mentres es resolen les impugnacions presentades, se sol\u00b7licite expressament, i quan el Patronat Municipal de Turisme i Platges d&#8217;Alacant no necessite les dades personals per als fins del tractament, per\u00f2 l&#8217;interessat els necessite per a la formulaci\u00f3, l&#8217;exercici o la defensa de reclamacions.<br \/>\n\u25cf Dret a la portabilitat de les dades. L&#8217;interessat tindr\u00e0 dret a rebre les dades personals que li incumbisquen, que haja facilitat al Patronat Municipal de Turisme i Platges d&#8217;Alacant, en un format estructurat, d&#8217;\u00fas com\u00fa i lectura mec\u00e0nica, i a transmetre&#8217;ls a un altre responsable del tractament.<\/p>\n<p><b>DRET D&#8217;OPOSICI\u00d3<\/b><\/p>\n<p>Vost\u00e9 t\u00e9 dret a oposar-se al tractament de les seues dades personals.<br \/>El Dret d&#8217;Oposici\u00f3 li permet oposar-se al fet que tractem les seues dades per motius relacionats amb la seua situaci\u00f3 particular, especialment quan el tractament es base en:<\/p>\n<ul>\n<li>Inter\u00e9s leg\u00edtim de Patronat Municipal de Turisme i Platges d&#8217;Alacant o d&#8217;un tercer.<\/li>\n<li>Una missi\u00f3 realitzada en inter\u00e9s p\u00fablic.<\/li>\n<\/ul>\n<p><strong>Oposici\u00f3 al M\u00e0rqueting Directe<\/strong><br \/>Si el tractament t\u00e9 com a fi el M\u00e0rqueting Directe (M\u00e0rqueting Directe), incloent-hi l&#8217;elaboraci\u00f3 de perfils relacionats amb este m\u00e0rqueting, vost\u00e9 t\u00e9 dret a oposar-se en qualsevol moment i sense necessitat de justificaci\u00f3. Una vegada que exercisca este dret, les seues dades deixaran de tractar-se immediatament per a esta fi.<\/p>\n<p><strong>Conseq\u00fc\u00e8ncies de l&#8217;Oposici\u00f3<\/strong><br \/>Una vegada que rebem la seua sol\u00b7licitud d&#8217;oposici\u00f3, Patronat Municipal de Turisme i Platges d&#8217;Alacant deixar\u00e0 de tractar les seues dades personals per als fins indicats, llevat que puguem demostrar motius leg\u00edtims imperiosos per a continuar amb el tractament que prevalguen sobre els seus interessos, drets i llibertats, o per a la formulaci\u00f3, l&#8217;exercici o la defensa de reclamacions legals.<\/p>\n<p data-wahfont=\"16\">Podr\u00e0 exercir estos drets, sol\u00b7licitant-ho al Patronat Municipal de Turisme i Platges d&#8217;Alacant mitjan\u00e7ant un escrit dirigit al mateix on s&#8217;especifique les dades que considera que han de ser rectificats, suprimits o transportats. Tamb\u00e9 mitjan\u00e7ant un escrit podr\u00e0 sol\u00b7licitar la limitaci\u00f3 o el cessament del tractament de les seues dades, exposant, en cas de ser necessaris, els fonaments jur\u00eddics de la seua sol\u00b7licitud.<br \/>\nL&#8217;Ag\u00e8ncia Espanyola de Protecci\u00f3 de Dades \u201c<a role=\"link\" href=\"http:\/\/www.agpd.es\/\" data-wahfont=\"16\" target=\"_blank\" rel=\"noopener\">www.agpd.es<\/a>\u201d li oferir\u00e0 informaci\u00f3 addicional sobre els seus drets:<\/p>\n<p><\/p>\n<p data-wahfont=\"16\">\u25cf C\/Jorge Juan, 6, 28001 Madrid.<br \/>\n\u25cf Tel\u00e8fon: 901.100.099<br \/>\n\u25cf Fax: 91.445.56.99<br \/>\n\u25cf Email: <a role=\"link\" href=\"mailto:ciudadano@agpd.es\" data-wahfont=\"16\">ciudadano@agpd.es<\/a><\/p>\n<p><\/p>\n<p data-wahfont=\"16\">En el cas que s&#8217;haja atorgat el consentiment per a alguna finalitat espec\u00edfica, t\u00e9 dret a retirar el consentiment en qualsevol moment, sense que aix\u00f2 afecte la licitud del tractament basat en el consentiment previ a la seua retirada.<\/p>\n<p><\/p>\n<p data-wahfont=\"16\">Si el Patronat Municipal de Turisme i Platges d&#8217;Alacant no li donara satisfacci\u00f3 en l&#8217;exercici dels seus drets, poden presentar una reclamaci\u00f3 davant l&#8217;Ag\u00e8ncia Espanyola de Protecci\u00f3 de Dades: <a role=\"link\" href=\"http:\/\/www.agpd.es\/portalwebagpd\/canaldelciudadano\/index-ides-idphp.php\" target=\"_blank\" rel=\"noopener noreferrer\" data-wahfont=\"16\">http:\/\/www.agpd.es\/portalwebagpd\/canaldelciudadano\/index-ides-idphp.php<\/a><\/p>\n\t\t\t\t\t\t\t\t<\/div>\n\t\t\t\t<\/div>\n\t\t\t\t<div class=\"elementor-element elementor-element-e30c367 elementor-widget elementor-widget-html\" data-id=\"e30c367\" data-element_type=\"widget\" data-e-type=\"widget\" data-widget_type=\"html.default\">\n\t\t\t\t<div class=\"elementor-widget-container\">\n\t\t\t\t\t<div class=\"privacy-policy-contenidor\">\r\n\r\n\u00a0<h2>I. Informaci\u00f3 B\u00e0sica sobre Protecci\u00f3 de Dades<\/h2>\r\n\u00a0<p>En compliment del que es disposa en el Reglament General de Protecci\u00f3 de Dades (RGPD) (Reglament UE 2016\/679) i en la Llei org\u00e0nica 3\/2018, de 5 de desembre, de Protecci\u00f3 de Dades Personals i garantia dels drets digitals (LOPDGDD), el <strong>Patronat Municipal de Turisme i Platges d'Alacant<\/strong> l'informa sobre el tractament de les seues dades personals a trav\u00e9s d'este lloc web.<\/p>\r\n\r\n\u00a0<table class=\"data-table identity-table\">\r\n\u00a0<thead>\r\n\u00a0<tr>\r\n\u00a0<th>Aspecte<\/th>\r\n\u00a0<th>Detall<\/th>\r\n\u00a0<\/tr>\r\n\u00a0<\/thead>\r\n\u00a0<tbody>\r\n\u00a0<tr>\r\n\u00a0<td><strong>Responsable del Tractament<\/strong><\/td>\r\n\u00a0<td>Patronat Municipal de Turisme i Platges d'Alacant (Patronat Alacant City&amp;Beach)<\/td>\r\n\u00a0<\/tr>\r\n\u00a0<tr>\r\n\u00a0<td><strong>CIF\/NIF<\/strong><\/td>\r\n\u00a0<td>P0300035C <\/td>\r\n\u00a0<\/tr>\r\n\u00a0<tr>\r\n\u00a0<td><strong>Adre\u00e7a Postal<\/strong><\/td>\r\n\u00a0<td>Carrer Cervantes, 3, 1a planta, 03002 Alacant<\/td>\r\n\u00a0<\/tr>\r\n\u00a0<tr>\r\n\u00a0<td><strong>Correu Electr\u00f2nic de Contacte<\/strong><\/td>\r\n\u00a0<td>info@alicanteturismo.com<\/td>\r\n\u00a0<\/tr>\r\n\u00a0<tr>\r\n\u00a0<td><strong>Delegat de Protecci\u00f3 de Dades (DPD)<\/strong><\/td>\r\n\u00a0<td>El Patronat disposa d'un DPD centralitzat a l'Ajuntament d'Alacant.<\/td>\r\n\u00a0<\/tr>\r\n\u00a0<tr>\r\n\u00a0<td><strong>Contacte del DPD<\/strong><\/td>\r\n\u00a0<td>dpd@alicante.es<\/td>\r\n\u00a0<\/tr>\r\n\u00a0<\/tbody>\r\n\u00a0<\/table>\r\n\r\n\u00a0<h2>II. Finalitats del Tractament i Base de Licitud<\/h2>\r\n\u00a0<p>Les dades personals recopilades a trav\u00e9s dels diferents canals del lloc web (formularis de contacte, b\u00fastia de queixes, sol\u00b7licituds de reserva o <em>cookies<\/em>) es tractaran per a les finalitats que es detallen a continuaci\u00f3. En cada cas, s'indica la base legal que legitima el tractament, en compliment de l'Art. 6 del RGPD.<\/p>\r\n\r\n\u00a0<table class=\"data-table purposes-table\">\r\n\u00a0<thead>\r\n\u00a0<tr>\r\n\u00a0<th>Finalitat del Tractament<\/th>\r\n\u00a0<th>Base Legal de Licitud (Art. 6 RGPD)<\/th>\r\n\u00a0<th>Dades Tractades<\/th>\r\n\u00a0<\/tr>\r\n\u00a0<\/thead>\r\n\u00a0<tbody>\r\n\u00a0<tr>\r\n\u00a0<td><strong>1. Respondre a Sol\u00b7licituds de Contacte i Consultes<\/strong> (Inclou b\u00fastia de queixes i suggeriments)<\/td>\r\n\u00a0<td><strong>Missi\u00f3 en Inter\u00e9s P\u00fablic<\/strong> (Art. 6.1.e)<\/td>\r\n\u00a0<td>Nom, Email, Missatge<\/td>\r\n\u00a0<\/tr>\r\n\u00a0<tr>\r\n\u00a0<td><strong>2. Enviament de Comunicacions Promocionals i <em>Newsletters<\/em><\/strong><\/td>\r\n\u00a0<td><strong>Consentiment de l'Interessat<\/strong> (Art. 6.1.a)<\/td>\r\n\u00a0<td>Nom, Email<\/td>\r\n\u00a0<\/tr>\r\n\u00a0<tr>\r\n\u00a0<td><strong>3. Gesti\u00f3 de Reserves de Servicis<\/strong> (Ex. Visites, esdeveniments o reserves)<\/td>\r\n\u00a0<td><strong>Execuci\u00f3 d'un Contracte o Missi\u00f3 P\u00fablica<\/strong> (Art. 6.1.b\/e)<\/td>\r\n\u00a0<td>Nom, Email, Tel\u00e8fon, Dades de Reserva<\/td>\r\n\u00a0<\/tr>\r\n\u00a0<tr>\r\n\u00a0<td><strong>4. An\u00e0lisi Estad\u00edstica i Millora de la Web<\/strong><\/td>\r\n\u00a0<td><strong>Consentiment de l'Interessat<\/strong> (Art. 6.1.a)<\/td>\r\n\u00a0<td>Dades de navegaci\u00f3 anonimitzats (mitjan\u00e7ant <em>cookies<\/em> d'estad\u00edstiques)<\/td>\r\n\u00a0<\/tr>\r\n\u00a0<tr>\r\n\u00a0<td><strong>5. Compliment d'Obligacions Legals<\/strong><\/td>\r\n\u00a0<td><strong>Obligaci\u00f3 Legal<\/strong> (Art. 6.1.c)<\/td>\r\n\u00a0<td>Dades identificatives i administratius necessaris per a la gesti\u00f3 fiscal, comptable i administrativa.<\/td>\r\n\u00a0<\/tr>\r\n\u00a0<\/tbody>\r\n\u00a0<\/table>\r\n\r\n\u00a0<h2>III. Terminis o Criteris de Conservaci\u00f3 de les Dades<\/h2>\r\n\u00a0<p>En aplicaci\u00f3 del principi de limitaci\u00f3 del termini de conservaci\u00f3 (Art. 5.1.e RGPD), el Patronat conservar\u00e0 les seues dades personals durant el temps necessari per al compliment de les finalitats per a les quals van ser arreplegats:<\/p>\r\n\r\n\u00a0<table class=\"data-table retention-table\">\r\n\u00a0<thead>\r\n\u00a0<tr>\r\n\u00a0<th>Categoria de Dades<\/th>\r\n\u00a0<th>Termini de Conservaci\u00f3<\/th>\r\n\u00a0<\/tr>\r\n\u00a0<\/thead>\r\n\u00a0<tbody>\r\n\u00a0<tr>\r\n\u00a0<td><strong>Dades de Consultes, Queixes i Suggeriments<\/strong><\/td>\r\n\u00a0<td>Es conservaran durant un termini de <strong>12 mesos<\/strong> despr\u00e9s de la resoluci\u00f3 o tancament de la sol\u00b7licitud.<\/td>\r\n\u00a0<\/tr>\r\n\u00a0<tr>\r\n\u00a0<td><strong>Dades de Subscripci\u00f3 a <em>Newsletters<\/em> i Fins Promocionals<\/strong><\/td>\r\n\u00a0<td>Es conservaran <strong>fins que l'interessat retire el consentiment<\/strong> expr\u00e9s dau.<\/td>\r\n\u00a0<\/tr>\r\n\u00a0<tr>\r\n\u00a0<td><strong>Dades de Servicis Administratius i Reserves<\/strong><\/td>\r\n\u00a0<td>Es conservaran durant un termini de <strong>5 anys<\/strong> despr\u00e9s de la finalitzaci\u00f3 del servici, per a atendre les possibles responsabilitats legals, fiscals i administratives (Llei 39\/2015).<\/td>\r\n\u00a0<\/tr>\r\n\u00a0<tr>\r\n\u00a0<td><strong>Dades conservades per Obligaci\u00f3 Legal<\/strong><\/td>\r\n\u00a0<td>Les dades es mantindran <strong>bloquejats<\/strong> durant els terminis legalment establits (prescripci\u00f3 de responsabilitats) per a atendre possibles reclamacions.<\/td>\r\n\u00a0<\/tr>\r\n\u00a0<\/tbody>\r\n\u00a0<\/table>\r\n\r\n\u00a0<h2>IV. Destinataris de les Dades<\/h2>\r\n\u00a0<p>El Patronat Municipal de Turisme i Platges d'Alacant no cedir\u00e0 les seues dades personals a tercers, excepte en aquells casos en qu\u00e8 siga estrictament necessari per a la prestaci\u00f3 del servici o existisca una obligaci\u00f3 legal:<\/p>\r\n\u00a0<ol>\r\n\u00a0<li><strong>Autoritats P\u00fabliques i Cossos de Seguretat:<\/strong> Quan existisca una obligaci\u00f3 legal per a la comunicaci\u00f3 de dades.<\/li>\r\n\u00a0<li><strong>Encarregats del Tractament:<\/strong> Prove\u00efdors externs que presten servicis al Patronat (ex. allotjament web, suport t\u00e8cnic, plataformes d'enviament de <em>email m\u00e0rqueting<\/em>), actuant sota les instruccions del Patronat i pr\u00e8via firma d'un contracte per enc\u00e0rrec de Tractament conforme a l'Art. 28 del RGPD.<\/li>\r\n\u00a0<\/ol>\r\n\r\n\u00a0<h2>V. Exercici de Drets (ARCOPD)<\/h2>\r\n\u00a0<p>Vost\u00e9 t\u00e9 dret a exercir els seg\u00fcents drets davant el Patronat Municipal de Turisme i Platges d'Alacant, sense cap cost:<\/p>\r\n\r\n\u00a0<table class=\"data-table rights-table\">\r\n\u00a0<thead>\r\n\u00a0<tr>\r\n\u00a0<th>Dret<\/th>\r\n\u00a0<th>Descripci\u00f3<\/th>\r\n\u00a0<\/tr>\r\n\u00a0<\/thead>\r\n\u00a0<tbody>\r\n\u00a0<tr>\r\n\u00a0<td><strong>Acc\u00e9s<\/strong><\/td>\r\n\u00a0<td>Con\u00e9ixer quines dades personals seus estan sent tractats.<\/td>\r\n\u00a0<\/tr>\r\n\u00a0<tr>\r\n\u00a0<td><strong>Rectificaci\u00f3<\/strong><\/td>\r\n\u00a0<td>Modificar dades inexactes o incompletes.<\/td>\r\n\u00a0<\/tr>\r\n\u00a0<tr>\r\n\u00a0<td><strong>Supressi\u00f3 (Dret a l'Oblit)<\/strong><\/td>\r\n\u00a0<td>Sol\u00b7licitar l'eliminaci\u00f3 de les dades que ja no siguen necessaris per a la finalitat per a la qual van ser arreplegats.<\/td>\r\n\u00a0<\/tr>\r\n\u00a0<tr>\r\n\u00a0<td><strong>Oposici\u00f3<\/strong><\/td>\r\n\u00a0<td>Oposar-se al tractament de les seues dades per a una finalitat espec\u00edfica, especialment si la base legal \u00e9s l'inter\u00e9s leg\u00edtim o la missi\u00f3 en inter\u00e9s p\u00fablic.<\/td>\r\n\u00a0<\/tr>\r\n\u00a0<tr>\r\n\u00a0<td><strong>Limitaci\u00f3<\/strong><\/td>\r\n\u00a0<td>Sol\u00b7licitar la suspensi\u00f3 del tractament de les seues dades mentres es resolen reclamacions o impugnacions.<\/td>\r\n\u00a0<\/tr>\r\n\u00a0<tr>\r\n\u00a0<td><strong>Portabilitat<\/strong><\/td>\r\n\u00a0<td>Rebre les seues dades personals en un format estructurat, d'\u00fas com\u00fa i lectura mec\u00e0nica, i poder transmetre'ls a un altre responsable.<\/td>\r\n\u00a0<\/tr>\r\n\u00a0<\/tbody>\r\n\u00a0<\/table>\r\n\r\n\u00a0<h3>Com Exercir els Drets<\/h3>\r\n\u00a0<p>Els drets poden exercir-se per escrit, indicant el dret que sol\u00b7licita i aportant c\u00f2pia del seu DNI o document identificatiu equivalent, dirigit a:<\/p>\r\n\u00a0<ul>\r\n\u00a0<li><strong>Adre\u00e7a Postal:<\/strong> Patronat Municipal de Turisme i Platges d'Alacant, Carrer Cervantes, 3, 1a planta, 03002 Alacant.<\/li>\r\n\u00a0<li><strong>Via Telem\u00e0tica:<\/strong> A trav\u00e9s de la Seu Electr\u00f2nica de l'Ajuntament d'Alacant, utilitzant els procediments oficials de Registre General (requerix Certificat Digital o Cl@ve Permanent) o presencialment en el Registre General de l'Ajuntament, de conformitat amb la Llei 39\/2015.<\/li>\r\n\u00a0<\/ul>\r\n\u00a0<p>Si considera que no ha obtingut satisfacci\u00f3 en l'exercici dels seus drets, pot presentar una <strong>reclamaci\u00f3 davant l'Ag\u00e8ncia Espanyola de Protecci\u00f3 de Dades (AEPD)<\/strong>.<\/p>\r\n\r\n\u00a0<h2>VI. Seguretat i Confidencialitat<\/h2>\r\n\u00a0<p>El Patronat garantix l'aplicaci\u00f3 de mesures t\u00e8cniques i organitzatives adequades per a garantir la seguretat i confidencialitat de les seues dades personals, amb la finalitat d'evitar la seua alteraci\u00f3, p\u00e8rdua, tractament o acc\u00e9s no autoritzat, tenint en compte l'estat de la t\u00e8cnica, la naturalesa de les dades i els riscos als quals estan exposats (Art. 32 RGPD).<\/p>\r\n\u00a0<p>El Patronat, com a organisme adscrit a l'Ajuntament d'Alacant, assumix l'obligaci\u00f3 de confidencialitat de la informaci\u00f3 personal (Art. 5.1.f RGPD), sent esta una \u00e0rea de risc detectat pr\u00e8viament per l'AEPD en l'entitat matriu.<\/p>\r\n\r\n\u00a0<h2>VII. \u00das de <em>Cookies<\/em><\/h2>\r\n\u00a0<p>Este lloc web utilitza <em>cookies<\/em> pr\u00f2pies i de tercers. Per a con\u00e9ixer la tipologia, finalitats, i la manera de gestionar el consentiment, per favor, consulte nostra <strong>Pol\u00edtica de Cookies<\/strong>.<\/p>\r\n<\/div>\t\t\t\t<\/div>\n\t\t\t\t<\/div>\n\t\t\t\t<\/div>\n\t\t\t\t<\/div>\n\t\t","protected":false},"excerpt":{"rendered":"<p>Pol\u00edtica de privacitat RESPONSABLE: Patronat Municipal de Turisme i Platges d&#8217;Alacant. Carrer Cervantes, 3, 1a planta, 03002 Alacant. NIF: P0300035C DELEGAT DE PROTECCI\u00d3 DE DADES: Patronat Municipal de Turisme i Platges d&#8217;Alacant. FINALITAT: Poder donar compliment o resposta adequada a la seua sol\u00b7licitud. LEGITIMITAT DEL TRACTAMENT DE LES DADES Exercici de les potestats atribu\u00efdes a [&hellip;]<\/p>\n","protected":false},"author":1,"featured_media":0,"parent":0,"menu_order":0,"comment_status":"closed","ping_status":"closed","template":"","meta":{"_acf_changed":false,"footnotes":""},"class_list":["post-288042","page","type-page","status-publish","hentry"],"acf":[],"_links":{"self":[{"href":"https:\/\/alicanteturismo.com\/ca\/wp-json\/wp\/v2\/pages\/288042","targetHints":{"allow":["GET"]}}],"collection":[{"href":"https:\/\/alicanteturismo.com\/ca\/wp-json\/wp\/v2\/pages"}],"about":[{"href":"https:\/\/alicanteturismo.com\/ca\/wp-json\/wp\/v2\/types\/page"}],"author":[{"embeddable":true,"href":"https:\/\/alicanteturismo.com\/ca\/wp-json\/wp\/v2\/users\/1"}],"replies":[{"embeddable":true,"href":"https:\/\/alicanteturismo.com\/ca\/wp-json\/wp\/v2\/comments?post=288042"}],"version-history":[{"count":0,"href":"https:\/\/alicanteturismo.com\/ca\/wp-json\/wp\/v2\/pages\/288042\/revisions"}],"wp:attachment":[{"href":"https:\/\/alicanteturismo.com\/ca\/wp-json\/wp\/v2\/media?parent=288042"}],"curies":[{"name":"wp","href":"https:\/\/api.w.org\/{rel}","templated":true}]}}