{"id":286244,"date":"2024-08-22T10:45:57","date_gmt":"2024-08-22T08:45:57","guid":{"rendered":"https:\/\/dev.alicanteturismo.com\/?page_id=286244"},"modified":"2026-03-12T11:51:03","modified_gmt":"2026-03-12T10:51:03","slug":"gymkhana-digital","status":"publish","type":"page","link":"https:\/\/alicanteturismo.com\/ca\/gymkhana-digital\/","title":{"rendered":"Gymkhana digital"},"content":{"rendered":"\t\t<div data-elementor-type=\"wp-page\" data-elementor-id=\"286244\" class=\"elementor elementor-286244 elementor-16347\" data-elementor-post-type=\"page\">\n\t\t\t\t<div class=\"elementor-element elementor-element-d639441 e-con-full e-flex e-con e-parent\" data-id=\"d639441\" data-element_type=\"container\" data-e-type=\"container\" data-settings=\"{&quot;background_background&quot;:&quot;classic&quot;}\">\n\t\t\t\t<div class=\"elementor-element elementor-element-483b2a4 elementor-widget elementor-widget-heading\" data-id=\"483b2a4\" data-element_type=\"widget\" data-e-type=\"widget\" data-widget_type=\"heading.default\">\n\t\t\t\t<div class=\"elementor-widget-container\">\n\t\t\t\t\t<h1 class=\"elementor-heading-title elementor-size-default\">Gimcana entre dos castells<\/h1>\t\t\t\t<\/div>\n\t\t\t\t<\/div>\n\t\t\t\t<\/div>\n\t\t<div class=\"elementor-element elementor-element-6040572 e-con-full e-flex e-con e-child\" data-id=\"6040572\" data-element_type=\"container\" data-e-type=\"container\">\n\t\t<div class=\"elementor-element elementor-element-e4ae05f e-con-full e-flex e-con e-child\" data-id=\"e4ae05f\" data-element_type=\"container\" data-e-type=\"container\">\n\t\t<div class=\"elementor-element elementor-element-1444b35 e-con-full e-flex e-con e-child\" data-id=\"1444b35\" data-element_type=\"container\" data-e-type=\"container\">\n\t\t\t\t<div class=\"elementor-element elementor-element-5b6333e elementor-widget elementor-widget-heading\" data-id=\"5b6333e\" data-element_type=\"widget\" data-e-type=\"widget\" data-widget_type=\"heading.default\">\n\t\t\t\t<div class=\"elementor-widget-container\">\n\t\t\t\t\t<h3 class=\"elementor-heading-title elementor-size-default\">Descobreix la ciutat amb la gimcana digital \u00abAlacant entre dos castells\u00bb<\/h3>\t\t\t\t<\/div>\n\t\t\t\t<\/div>\n\t\t\t\t<div class=\"elementor-element elementor-element-ebbfbb7 elementor-widget__width-initial elementor-widget elementor-widget-text-editor\" data-id=\"ebbfbb7\" data-element_type=\"widget\" data-e-type=\"widget\" data-widget_type=\"text-editor.default\">\n\t\t\t\t<div class=\"elementor-widget-container\">\n\t\t\t\t\t\t\t\t\t<p data-wahfont=\"16\">Divertida, educativa, per a tots els p\u00fablics, i amb regal incl\u00f2s.<\/p>\n<p><\/p>\n<p data-wahfont=\"16\">Gaudeix d&#8217;un recorregut a peu per <span style=\"color: #04306e;\"><strong>11 punts d&#8217;inter\u00e9s<\/strong><\/span> de la zona &#8220;Alacant entre dos castells&#8221;, iniciant la ruta al Mercat Central i acabant al Centre Cultural Las Cigarreras. Nom\u00e9s t&#8217;has de <span style=\"color: #04306e;\"><strong>descarregar l&#8217;APP \u00abAlacant entre dos castells\u00bb<\/strong><\/span>, fer el recorregut i resoldre les preguntes que et plantegem.<\/p>\n<p><\/p>\n<p data-wahfont=\"16\">El temps estimat per completar la gimcana \u00e9s de <span style=\"color: #04306e;\"><strong>90 minuts<\/strong>,<\/span> amb un recorregut aproximat de <span style=\"color: #04306e;\"><strong>2 quil\u00f2metres<\/strong>.<\/span><\/p>\n\t\t\t\t\t\t\t\t<\/div>\n\t\t\t\t<\/div>\n\t\t\t\t<\/div>\n\t\t\t\t<div class=\"elementor-element elementor-element-402a201 elementor-widget__width-initial elementor-widget-mobile_extra__width-inherit elementor-widget elementor-widget-image\" data-id=\"402a201\" data-element_type=\"widget\" data-e-type=\"widget\" data-widget_type=\"image.default\">\n\t\t\t\t<div class=\"elementor-widget-container\">\n\t\t\t\t\t\t\t\t\t\t\t\t\t\t\t<img fetchpriority=\"high\" decoding=\"async\" width=\"1200\" height=\"628\" src=\"https:\/\/alicanteturismo.com\/wp-content\/uploads\/2024\/08\/gymkhana-digital-alicante-1200-628.jpg\" class=\"attachment-full size-full wp-image-286262\" alt=\"\" srcset=\"https:\/\/alicanteturismo.com\/wp-content\/uploads\/2024\/08\/gymkhana-digital-alicante-1200-628.jpg 1200w, https:\/\/alicanteturismo.com\/wp-content\/uploads\/2024\/08\/gymkhana-digital-alicante-1200-628-300x157.jpg 300w, https:\/\/alicanteturismo.com\/wp-content\/uploads\/2024\/08\/gymkhana-digital-alicante-1200-628-1024x536.jpg 1024w, https:\/\/alicanteturismo.com\/wp-content\/uploads\/2024\/08\/gymkhana-digital-alicante-1200-628-768x402.jpg 768w\" sizes=\"(max-width: 1200px) 100vw, 1200px\" \/>\t\t\t\t\t\t\t\t\t\t\t\t\t\t\t<\/div>\n\t\t\t\t<\/div>\n\t\t\t\t<\/div>\n\t\t<div class=\"elementor-element elementor-element-e47f59d e-con-full e-flex e-con e-child\" data-id=\"e47f59d\" data-element_type=\"container\" data-e-type=\"container\">\n\t\t<div class=\"elementor-element elementor-element-f2663ee e-con-full e-flex e-con e-child\" data-id=\"f2663ee\" data-element_type=\"container\" data-e-type=\"container\">\n\t\t\t\t<div class=\"elementor-element elementor-element-ef6a917 elementor-position-inline-start elementor-mobile-position-inline-start elementor-view-default elementor-widget elementor-widget-icon-box\" data-id=\"ef6a917\" data-element_type=\"widget\" data-e-type=\"widget\" data-widget_type=\"icon-box.default\">\n\t\t\t\t<div class=\"elementor-widget-container\">\n\t\t\t\t\t\t\t<div class=\"elementor-icon-box-wrapper\">\n\n\t\t\t\t\t\t<div class=\"elementor-icon-box-icon\">\n\t\t\t\t<span  class=\"elementor-icon\">\n\t\t\t\t<svg aria-hidden=\"true\" class=\"e-font-icon-svg e-fas-gift\" viewBox=\"0 0 512 512\" xmlns=\"http:\/\/www.w3.org\/2000\/svg\"><path d=\"M32 448c0 17.7 14.3 32 32 32h160V320H32v128zm256 32h160c17.7 0 32-14.3 32-32V320H288v160zm192-320h-42.1c6.2-12.1 10.1-25.5 10.1-40 0-48.5-39.5-88-88-88-41.6 0-68.5 21.3-103 68.3-34.5-47-61.4-68.3-103-68.3-48.5 0-88 39.5-88 88 0 14.5 3.8 27.9 10.1 40H32c-17.7 0-32 14.3-32 32v80c0 8.8 7.2 16 16 16h480c8.8 0 16-7.2 16-16v-80c0-17.7-14.3-32-32-32zm-326.1 0c-22.1 0-40-17.9-40-40s17.9-40 40-40c19.9 0 34.6 3.3 86.1 80h-86.1zm206.1 0h-86.1c51.4-76.5 65.7-80 86.1-80 22.1 0 40 17.9 40 40s-17.9 40-40 40z\"><\/path><\/svg>\t\t\t\t<\/span>\n\t\t\t<\/div>\n\t\t\t\n\t\t\t\t\t\t<div class=\"elementor-icon-box-content\">\n\n\t\t\t\t\t\t\t\t\t<h2 class=\"elementor-icon-box-title\">\n\t\t\t\t\t\t<span  >\n\t\t\t\t\t\t\tAconsegueix un premi\t\t\t\t\t\t<\/span>\n\t\t\t\t\t<\/h2>\n\t\t\t\t\n\t\t\t\t\n\t\t\t<\/div>\n\t\t\t\n\t\t<\/div>\n\t\t\t\t\t\t<\/div>\n\t\t\t\t<\/div>\n\t\t\t\t<div class=\"elementor-element elementor-element-d8894f5 elementor-widget__width-initial elementor-widget elementor-widget-text-editor\" data-id=\"d8894f5\" data-element_type=\"widget\" data-e-type=\"widget\" data-widget_type=\"text-editor.default\">\n\t\t\t\t<div class=\"elementor-widget-container\">\n\t\t\t\t\t\t\t\t\t<p data-wahfont=\"16\">Resol les preguntes, completa la gimcana amb la teua fam\u00edlia, amb amics, com vulgues, i aconsegueix un obsequi d&#8217;Alacant, que pots recollir a l&#8217;oficina de turisme de l&#8217;Esplanada del Port d&#8217;Alacant.<\/p>\n<p><\/p>\n<p data-wahfont=\"16\">Nom\u00e9s ens has de mostrar el codi num\u00e8ric que t&#8217;apareixer\u00e0 quan resolgues correctament totes les preguntes. La gimcana est\u00e0 dirigida a p\u00fablic de totes les edats. <strong> <span style=\"color: #04306e;\">Hi ha premis per a xiquets i adults!<\/span><\/strong><\/p>\n\t\t\t\t\t\t\t\t<\/div>\n\t\t\t\t<\/div>\n\t\t\t\t<div class=\"elementor-element elementor-element-db6c16f elementor-widget elementor-widget-button\" data-id=\"db6c16f\" data-element_type=\"widget\" data-e-type=\"widget\" data-widget_type=\"button.default\">\n\t\t\t\t<div class=\"elementor-widget-container\">\n\t\t\t\t\t\t\t\t\t<div class=\"elementor-button-wrapper\">\n\t\t\t\t\t<a class=\"elementor-button elementor-button-link elementor-size-sm\" href=\"https:\/\/dev.alicanteturismo.com\/wp-content\/uploads\/2024\/08\/roll-up-gymkhana-entre-2-castillos.pdf\">\n\t\t\t\t\t\t<span class=\"elementor-button-content-wrapper\">\n\t\t\t\t\t\t<span class=\"elementor-button-icon\">\n\t\t\t\t<svg xmlns=\"http:\/\/www.w3.org\/2000\/svg\" xmlns:xlink=\"http:\/\/www.w3.org\/1999\/xlink\" width=\"512\" height=\"512\" x=\"0\" y=\"0\" viewBox=\"0 0 512.02 512.02\" style=\"enable-background:new 0 0 512 512\" xml:space=\"preserve\" class=\"\"><g><path d=\"M436.008 102.02h-300c-8.284 0-15 6.716-15 15v380c0 8.284 6.716 15 15 15h300c8.284 0 15-6.716 15-15v-380c0-8.285-6.716-15-15-15zm-189.999 99.999h3.787l-2.678-2.678c-5.858-5.857-5.858-15.355 0-21.213 5.857-5.857 15.355-5.857 21.213 0l2.678 2.678v-3.786c0-8.284 6.716-15 15-15s15 6.716 15 15v3.786l2.678-2.678c5.857-5.857 15.355-5.857 21.213 0s5.858 15.355 0 21.213l-2.678 2.678h3.787c8.284 0 15 6.716 15 15s-6.716 15-15 15h-3.787l2.678 2.678c5.858 5.857 5.858 15.355 0 21.213-2.929 2.929-6.768 4.394-10.606 4.394s-7.678-1.465-10.606-4.394l-2.678-2.678v3.787c0 8.284-6.716 15-15 15s-15-6.716-15-15v-3.787l-2.678 2.678c-2.929 2.929-6.768 4.394-10.606 4.394s-7.678-1.465-10.606-4.394c-5.858-5.857-5.858-15.355 0-21.213l2.678-2.678h-3.787c-8.284 0-15-6.716-15-15s6.714-15 14.998-15zm129.999 250H196.009c-8.284 0-15-6.716-15-15s6.716-15 15-15h179.999c8.284 0 15 6.716 15 15s-6.716 15-15 15zm0-60.001H196.009c-8.284 0-15-6.716-15-15s6.716-15 15-15h179.999c8.284 0 15 6.716 15 15s-6.716 15-15 15zm0-59.999H196.009c-8.284 0-15-6.716-15-15s6.716-15 15-15h179.999c8.284 0 15 6.716 15 15s-6.716 15-15 15z\" fill=\"#ffffff\" opacity=\"1\" data-original=\"#000000\" class=\"\"><\/path><path d=\"M371.57 0H76.011c-8.284 0-15 6.716-15 15v400.02c0 8.284 6.716 15 15 15h14.997v-313c0-21.298 14.877-39.174 34.781-43.815.396-.171 160.384-47.791 245.781-73.205z\" fill=\"#ffffff\" opacity=\"1\" data-original=\"#000000\" class=\"\"><\/path><path d=\"m400.559 72.02.204-49.022c.097-.155.184-.314.275-.471L234.615 72.02z\" fill=\"#ffffff\" opacity=\"1\" data-original=\"#000000\" class=\"\"><\/path><\/g><\/svg>\t\t\t<\/span>\n\t\t\t\t\t\t\t\t\t<span class=\"elementor-button-text\">Veure fullet<\/span>\n\t\t\t\t\t<\/span>\n\t\t\t\t\t<\/a>\n\t\t\t\t<\/div>\n\t\t\t\t\t\t\t\t<\/div>\n\t\t\t\t<\/div>\n\t\t\t\t<\/div>\n\t\t<div class=\"elementor-element elementor-element-be4142b e-con-full e-flex e-con e-child\" data-id=\"be4142b\" data-element_type=\"container\" data-e-type=\"container\">\n\t\t\t\t<div class=\"elementor-element elementor-element-8cb5cf0 elementor-position-inline-start elementor-mobile-position-inline-start elementor-view-default elementor-widget elementor-widget-icon-box\" data-id=\"8cb5cf0\" data-element_type=\"widget\" data-e-type=\"widget\" data-widget_type=\"icon-box.default\">\n\t\t\t\t<div class=\"elementor-widget-container\">\n\t\t\t\t\t\t\t<div class=\"elementor-icon-box-wrapper\">\n\n\t\t\t\t\t\t<div class=\"elementor-icon-box-icon\">\n\t\t\t\t<span  class=\"elementor-icon\">\n\t\t\t\t<svg xmlns=\"http:\/\/www.w3.org\/2000\/svg\" xmlns:xlink=\"http:\/\/www.w3.org\/1999\/xlink\" width=\"512\" height=\"512\" x=\"0\" y=\"0\" viewBox=\"0 0 36 36\" style=\"enable-background:new 0 0 512 512\" xml:space=\"preserve\" class=\"\"><g><path d=\"M27 22v2c0 .55-.45 1-1 1h-2c-.55 0-1-.45-1-1v-2c0-.55.45-1 1-1h2c.55 0 1 .45 1 1zM13.5 5.5c0 .83.67 1.5 1.5 1.5s1.5-.67 1.5-1.5S15.83 4 15 4s-1.5.67-1.5 1.5zM21 21h-2c-.55 0-1 .45-1 1v2c0 .55.45 1 1 1h2c.55 0 1-.45 1-1v-2c0-.55-.45-1-1-1zm1-4c0-.55-.45-1-1-1h-2c-.55 0-1 .45-1 1v2c0 .55.45 1 1 1h2c.55 0 1-.45 1-1zm3 9c-.55 0-1 .45-1 1v2H6V4c0-.55.45-1 1-1h16c.55 0 1 .45 1 1v5c0 .55.45 1 1 1s1-.45 1-1V4c0-1.65-1.35-3-3-3H7C5.35 1 4 2.35 4 4v28c0 1.65 1.35 3 3 3h16c1.65 0 3-1.35 3-3v-5c0-.55-.45-1-1-1zm-3-14c0-.55-.45-1-1-1h-2c-.55 0-1 .45-1 1v2c0 .55.45 1 1 1h2c.55 0 1-.45 1-1zm9-1h-2c-.55 0-1 .45-1 1v2c0 .55.45 1 1 1h2c.55 0 1-.45 1-1v-2c0-.55-.45-1-1-1zm0 5h-2c-.55 0-1 .45-1 1v2c0 .55.45 1 1 1h2c.55 0 1-.45 1-1v-2c0-.55-.45-1-1-1zm-5-5h-2c-.55 0-1 .45-1 1v2c0 .55.45 1 1 1h2c.55 0 1-.45 1-1v-2c0-.55-.45-1-1-1zm5 10h-2c-.55 0-1 .45-1 1v2c0 .55.45 1 1 1h2c.55 0 1-.45 1-1v-2c0-.55-.45-1-1-1zm-5-5h-2c-.55 0-1 .45-1 1v2c0 .55.45 1 1 1h2c.55 0 1-.45 1-1v-2c0-.55-.45-1-1-1z\" fill=\"#00adbb\" opacity=\"1\" data-original=\"#000000\" class=\"\"><\/path><\/g><\/svg>\t\t\t\t<\/span>\n\t\t\t<\/div>\n\t\t\t\n\t\t\t\t\t\t<div class=\"elementor-icon-box-content\">\n\n\t\t\t\t\t\t\t\t\t<h2 class=\"elementor-icon-box-title\">\n\t\t\t\t\t\t<span  >\n\t\t\t\t\t\t\tDescarrega l'APP\t\t\t\t\t\t<\/span>\n\t\t\t\t\t<\/h2>\n\t\t\t\t\n\t\t\t\t\n\t\t\t<\/div>\n\t\t\t\n\t\t<\/div>\n\t\t\t\t\t\t<\/div>\n\t\t\t\t<\/div>\n\t\t<div class=\"elementor-element elementor-element-ae82713 e-con-full e-flex e-con e-child\" data-id=\"ae82713\" data-element_type=\"container\" data-e-type=\"container\">\n\t\t\t\t<div class=\"elementor-element elementor-element-89ca755 elementor-widget__width-initial elementor-widget elementor-widget-image\" data-id=\"89ca755\" data-element_type=\"widget\" data-e-type=\"widget\" data-widget_type=\"image.default\">\n\t\t\t\t<div class=\"elementor-widget-container\">\n\t\t\t\t\t\t\t\t\t\t\t\t\t\t\t<img decoding=\"async\" width=\"200\" height=\"200\" src=\"https:\/\/alicanteturismo.com\/wp-content\/uploads\/2024\/08\/qr-code-200x200-1.jpg\" class=\"attachment-full size-full wp-image-286245\" alt=\"\" srcset=\"https:\/\/alicanteturismo.com\/wp-content\/uploads\/2024\/08\/qr-code-200x200-1.jpg 200w, https:\/\/alicanteturismo.com\/wp-content\/uploads\/2024\/08\/qr-code-200x200-1-150x150.jpg 150w\" sizes=\"(max-width: 200px) 100vw, 200px\" \/>\t\t\t\t\t\t\t\t\t\t\t\t\t\t\t<\/div>\n\t\t\t\t<\/div>\n\t\t\t\t<div class=\"elementor-element elementor-element-683b5c9 elementor-widget__width-initial elementor-widget-mobile__width-inherit elementor-widget elementor-widget-text-editor\" data-id=\"683b5c9\" data-element_type=\"widget\" data-e-type=\"widget\" data-widget_type=\"text-editor.default\">\n\t\t\t\t<div class=\"elementor-widget-container\">\n\t\t\t\t\t\t\t\t\t<p data-wahfont=\"16\"><span style=\"color: #04306e;\"><strong>Descarrega&#8217;t l&#8217;APP Alacant entre dos castells i diverteix-te durant el recorregut<\/strong>.<\/span> Est\u00e0 disponible en espanyol, angl\u00e9s, franc\u00e9s i alemany.<\/p>\n<p><\/p>\n<p data-wahfont=\"16\">Accedeix a l&#8217;APP mitjan\u00e7ant aquest codi QR<\/p>\n\t\t\t\t\t\t\t\t<\/div>\n\t\t\t\t<\/div>\n\t\t\t\t<\/div>\n\t\t<div class=\"elementor-element elementor-element-5958a97 e-con-full e-flex e-con e-child\" data-id=\"5958a97\" data-element_type=\"container\" data-e-type=\"container\">\n\t\t\t\t<div class=\"elementor-element elementor-element-9671914 elementor-widget elementor-widget-button\" data-id=\"9671914\" data-element_type=\"widget\" data-e-type=\"widget\" data-widget_type=\"button.default\">\n\t\t\t\t<div class=\"elementor-widget-container\">\n\t\t\t\t\t\t\t\t\t<div class=\"elementor-button-wrapper\">\n\t\t\t\t\t<a class=\"elementor-button elementor-button-link elementor-size-sm\" href=\"https:\/\/dev.alicanteturismo.com\/gymkhana\">\n\t\t\t\t\t\t<span class=\"elementor-button-content-wrapper\">\n\t\t\t\t\t\t<span class=\"elementor-button-icon\">\n\t\t\t\t<svg aria-hidden=\"true\" class=\"e-font-icon-svg e-fab-google-play\" viewBox=\"0 0 512 512\" xmlns=\"http:\/\/www.w3.org\/2000\/svg\"><path d=\"M325.3 234.3L104.6 13l280.8 161.2-60.1 60.1zM47 0C34 6.8 25.3 19.2 25.3 35.3v441.3c0 16.1 8.7 28.5 21.7 35.3l256.6-256L47 0zm425.2 225.6l-58.9-34.1-65.7 64.5 65.7 64.5 60.1-34.1c18-14.3 18-46.5-1.2-60.8zM104.6 499l280.8-161.2-60.1-60.1L104.6 499z\"><\/path><\/svg>\t\t\t<\/span>\n\t\t\t\t\t\t\t\t\t<span class=\"elementor-button-text\">Descarregar a Play Store<\/span>\n\t\t\t\t\t<\/span>\n\t\t\t\t\t<\/a>\n\t\t\t\t<\/div>\n\t\t\t\t\t\t\t\t<\/div>\n\t\t\t\t<\/div>\n\t\t\t\t<div class=\"elementor-element elementor-element-fa10c26 elementor-widget elementor-widget-button\" data-id=\"fa10c26\" data-element_type=\"widget\" data-e-type=\"widget\" data-widget_type=\"button.default\">\n\t\t\t\t<div class=\"elementor-widget-container\">\n\t\t\t\t\t\t\t\t\t<div class=\"elementor-button-wrapper\">\n\t\t\t\t\t<a class=\"elementor-button elementor-button-link elementor-size-sm\" href=\"https:\/\/dev.alicanteturismo.com\/gymkhana\">\n\t\t\t\t\t\t<span class=\"elementor-button-content-wrapper\">\n\t\t\t\t\t\t<span class=\"elementor-button-icon\">\n\t\t\t\t<svg aria-hidden=\"true\" class=\"e-font-icon-svg e-fab-app-store\" viewBox=\"0 0 512 512\" xmlns=\"http:\/\/www.w3.org\/2000\/svg\"><path d=\"M255.9 120.9l9.1-15.7c5.6-9.8 18.1-13.1 27.9-7.5 9.8 5.6 13.1 18.1 7.5 27.9l-87.5 151.5h63.3c20.5 0 32 24.1 23.1 40.8H113.8c-11.3 0-20.4-9.1-20.4-20.4 0-11.3 9.1-20.4 20.4-20.4h52l66.6-115.4-20.8-36.1c-5.6-9.8-2.3-22.2 7.5-27.9 9.8-5.6 22.2-2.3 27.9 7.5l8.9 15.7zm-78.7 218l-19.6 34c-5.6 9.8-18.1 13.1-27.9 7.5-9.8-5.6-13.1-18.1-7.5-27.9l14.6-25.2c16.4-5.1 29.8-1.2 40.4 11.6zm168.9-61.7h53.1c11.3 0 20.4 9.1 20.4 20.4 0 11.3-9.1 20.4-20.4 20.4h-29.5l19.9 34.5c5.6 9.8 2.3 22.2-7.5 27.9-9.8 5.6-22.2 2.3-27.9-7.5-33.5-58.1-58.7-101.6-75.4-130.6-17.1-29.5-4.9-59.1 7.2-69.1 13.4 23 33.4 57.7 60.1 104zM256 8C119 8 8 119 8 256s111 248 248 248 248-111 248-248S393 8 256 8zm216 248c0 118.7-96.1 216-216 216-118.7 0-216-96.1-216-216 0-118.7 96.1-216 216-216 118.7 0 216 96.1 216 216z\"><\/path><\/svg>\t\t\t<\/span>\n\t\t\t\t\t\t\t\t\t<span class=\"elementor-button-text\">Descarregar a App Store<\/span>\n\t\t\t\t\t<\/span>\n\t\t\t\t\t<\/a>\n\t\t\t\t<\/div>\n\t\t\t\t\t\t\t\t<\/div>\n\t\t\t\t<\/div>\n\t\t\t\t<\/div>\n\t\t\t\t<\/div>\n\t\t\t\t<\/div>\n\t\t<div class=\"elementor-element elementor-element-22089f7 e-con-full e-flex e-con e-child\" data-id=\"22089f7\" data-element_type=\"container\" data-e-type=\"container\">\n\t\t\t\t<div class=\"elementor-element elementor-element-9ae82b5 elementor-widget__width-initial elementor-widget elementor-widget-image\" data-id=\"9ae82b5\" data-element_type=\"widget\" data-e-type=\"widget\" data-widget_type=\"image.default\">\n\t\t\t\t<div class=\"elementor-widget-container\">\n\t\t\t\t\t\t\t\t\t\t\t\t\t\t\t<img decoding=\"async\" width=\"1362\" height=\"1080\" src=\"https:\/\/alicanteturismo.com\/wp-content\/uploads\/2024\/08\/mapa-gymkhana.png\" class=\"attachment-full size-full wp-image-16673\" alt=\"\" srcset=\"https:\/\/alicanteturismo.com\/wp-content\/uploads\/2024\/08\/mapa-gymkhana.png 1362w, https:\/\/alicanteturismo.com\/wp-content\/uploads\/2024\/08\/mapa-gymkhana-300x238.png 300w, https:\/\/alicanteturismo.com\/wp-content\/uploads\/2024\/08\/mapa-gymkhana-1024x812.png 1024w, https:\/\/alicanteturismo.com\/wp-content\/uploads\/2024\/08\/mapa-gymkhana-768x609.png 768w\" sizes=\"(max-width: 1362px) 100vw, 1362px\" \/>\t\t\t\t\t\t\t\t\t\t\t\t\t\t\t<\/div>\n\t\t\t\t<\/div>\n\t\t\t\t<\/div>\n\t\t\t\t<\/div>\n\t\t\t\t<\/div>\n\t\t","protected":false},"excerpt":{"rendered":"<p>Gimcana entre dos castells Descobreix la ciutat amb la gimcana digital \u00abAlacant entre dos castells\u00bb Divertida, educativa, per a tots els p\u00fablics, i amb regal incl\u00f2s. Gaudeix d&#8217;un recorregut a peu per 11 punts d&#8217;inter\u00e9s de la zona &#8220;Alacant entre dos castells&#8221;, iniciant la ruta al Mercat Central i acabant al Centre Cultural Las Cigarreras. [&hellip;]<\/p>\n","protected":false},"author":1,"featured_media":0,"parent":0,"menu_order":0,"comment_status":"closed","ping_status":"closed","template":"","meta":{"_acf_changed":false,"footnotes":""},"class_list":["post-286244","page","type-page","status-publish","hentry"],"acf":[],"_links":{"self":[{"href":"https:\/\/alicanteturismo.com\/ca\/wp-json\/wp\/v2\/pages\/286244","targetHints":{"allow":["GET"]}}],"collection":[{"href":"https:\/\/alicanteturismo.com\/ca\/wp-json\/wp\/v2\/pages"}],"about":[{"href":"https:\/\/alicanteturismo.com\/ca\/wp-json\/wp\/v2\/types\/page"}],"author":[{"embeddable":true,"href":"https:\/\/alicanteturismo.com\/ca\/wp-json\/wp\/v2\/users\/1"}],"replies":[{"embeddable":true,"href":"https:\/\/alicanteturismo.com\/ca\/wp-json\/wp\/v2\/comments?post=286244"}],"version-history":[{"count":0,"href":"https:\/\/alicanteturismo.com\/ca\/wp-json\/wp\/v2\/pages\/286244\/revisions"}],"wp:attachment":[{"href":"https:\/\/alicanteturismo.com\/ca\/wp-json\/wp\/v2\/media?parent=286244"}],"curies":[{"name":"wp","href":"https:\/\/api.w.org\/{rel}","templated":true}]}}