{"id":286174,"date":"2024-08-19T12:52:26","date_gmt":"2024-08-19T10:52:26","guid":{"rendered":"https:\/\/dev.alicanteturismo.com\/declaracio-daccessibilitat\/"},"modified":"2025-01-28T16:15:43","modified_gmt":"2025-01-28T15:15:43","slug":"declaracio-daccessibilitat","status":"publish","type":"page","link":"https:\/\/alicanteturismo.com\/ca\/declaracio-daccessibilitat\/","title":{"rendered":"Declaraci\u00f3 d&#8217;accessibilitat"},"content":{"rendered":"\t\t<div data-elementor-type=\"wp-page\" data-elementor-id=\"286174\" class=\"elementor elementor-286174 elementor-15156\" data-elementor-post-type=\"page\">\n\t\t\t\t<div class=\"elementor-element elementor-element-65e3680 e-con-full e-flex e-con e-parent\" data-id=\"65e3680\" data-element_type=\"container\" data-e-type=\"container\">\n\t\t\t\t<div class=\"elementor-element elementor-element-9dcfdca elementor-widget__width-inherit elementor-widget elementor-widget-heading\" data-id=\"9dcfdca\" data-element_type=\"widget\" data-e-type=\"widget\" data-widget_type=\"heading.default\">\n\t\t\t\t<div class=\"elementor-widget-container\">\n\t\t\t\t\t<h1 class=\"elementor-heading-title elementor-size-default\">Declaraci\u00f3 d'accessibilitat<\/h1>\t\t\t\t<\/div>\n\t\t\t\t<\/div>\n\t\t\t\t<div class=\"elementor-element elementor-element-fe00318 elementor-widget elementor-widget-text-editor\" data-id=\"fe00318\" data-element_type=\"widget\" data-e-type=\"widget\" data-widget_type=\"text-editor.default\">\n\t\t\t\t<div class=\"elementor-widget-container\">\n\t\t\t\t\t\t\t\t\t<p data-wahfont=\"16\">Amb l&#8217;objectiu de complir amb el <a role=\"link\" href=\"https:\/\/www.boe.es\/buscar\/act.php?id=BOE-A-2018-12699\" target=\"_blank\" rel=\"noopener noreferrer\" data-wahfont=\"16\">Reial Decret 1112\/2018, de 7 de setembre sobre accessibilitat dels llocs web i aplicacions per a dispositius m\u00f2bils del sector p\u00fablic<\/a> (d&#8217;ara endavant, Reial Decret 1112\/2018, de 7 de setembre), el <strong>Patronat Municipal de Turisme i Platges d&#8217;Alacant<\/strong> ha implementat una s\u00e8rie de canvis necessaris per adaptar els portals web.<\/p>\n<p data-wahfont=\"16\">A m\u00e9s d&#8217;aix\u00f2, el Patronat Municipal de Turisme i Platges d&#8217;Alacant fa un treball continu d&#8217;auditoria i revisi\u00f3 de continguts per facilitar-ne la interpretaci\u00f3 i millorar la navegaci\u00f3 pel portal web.<\/p>\n<p data-wahfont=\"16\">Aquesta declaraci\u00f3 d&#8217;accessibilitat fa refer\u00e8ncia al lloc web <a role=\"link\" href=\"https:\/\/alicanteturismo.com\/\" data-wahfont=\"16\">https:\/\/alicanteturismo.com\/<\/a> .<\/p>\n<p data-wahfont=\"16\">\n<h2 data-wahfont=\"26\"><strong>Situaci\u00f3 de compliment<\/strong><\/h2>\n<p data-wahfont=\"16\">Aquest lloc web s&#8217;ha adaptat per complir tots els requisits especificats al Reial Decret 1112\/2018, de 7 de setembre.<\/p>\n<p data-wahfont=\"16\">No obstant aix\u00f2, actualment hi ha certes faltes puntuals de conformitat al referit decret a causa, entre d&#8217;altres, dels aspectes que s&#8217;indiquen a continuaci\u00f3:<\/p>\n<ul>\n<li>Hi ha v\u00eddeos sense subt\u00edtols<\/li>\n<\/ul>\n<p data-wahfont=\"16\">C\u00e0rrega desproporcionada:<\/p>\n<ul>\n<li>No aplica.<\/li>\n<\/ul>\n<p data-wahfont=\"16\">Contingut no entra dins l&#8217;\u00e0mbit de la legislaci\u00f3 aplicable:<\/p>\n<ul>\n<li>Poden existir documents en format PDF publicats abans del 20 de setembre de 2018 que no compleixen totalment tots els requisits d&#8217;accessibilitat; tamb\u00e9 poden estar en aquesta situaci\u00f3 continguts de tercers no finan\u00e7ats, ni desenvolupats, ni sota el control del Patronat Municipal de Turisme i Platges d&#8217;Alacant.<\/li>\n<\/ul>\n<p data-wahfont=\"16\">\n<h2 data-wahfont=\"26\"><strong>Preparaci\u00f3 d&#8217;aquesta declaraci\u00f3 d&#8217;accessibilitat<\/strong><\/h2>\n<p data-wahfont=\"16\">Aquesta declaraci\u00f3 d&#8217;accessibilitat ha sigut redactada amb data 18 de novembre del 2021.<\/p>\n<p data-wahfont=\"16\">Com a pas previ a la publicaci\u00f3 de la present declaraci\u00f3 sobre accessibilitat, s&#8217;ha realitzat una avaluaci\u00f3 duta a terme amb el suport d&#8217;eines com Lighthouse de Google, extensi\u00f3 de Chrome: Accessibility Insights for Web, entre d&#8217;altres.<\/p>\n<p data-wahfont=\"16\">\u00daltima revisi\u00f3 de la declaraci\u00f3: 18 de novembre de 2021.<\/p>\n<p data-wahfont=\"16\">\n<h2 data-wahfont=\"26\"><strong>Observacions i dades de contacte<\/strong><\/h2>\n<p data-wahfont=\"16\">Pot realitzar comunicacions sobre requisits d&#8217;accessibilitat (article 10.2.a del RD 1112\/2018) com ara:<\/p>\n<ul>\n<li>informar sobre qualsevol possible incompliment per part d&#8217;aquest lloc web<\/li>\n<li>transmetre altres dificultats d&#8217;acc\u00e9s al contingut<\/li>\n<li>formular qualsevol altra consulta o suggeriment de millora relativa a l&#8217;accessibilitat del lloc web<\/li>\n<\/ul>\n<p data-wahfont=\"16\">a trav\u00e9s del formulari de contacte <a role=\"link\" href=\"https:\/\/alicanteturismo.com\/buzon-de-sugerencias-y-quejas\/\" data-wahfont=\"16\">https:\/\/alicanteturismo.com\/buzon-de-sugerencias-y-quejas\/<\/a> o contactant a trav\u00e9s de l&#8217;adre\u00e7a electr\u00f2nica <a role=\"link\" href=\"mailto:patronato@alicanteturismo.com\" data-wahfont=\"16\">patronato@alicanteturismo.com.<\/a><\/p>\n<p data-wahfont=\"16\">Les comunicacions seran rebudes i tractades pel Patronat Municipal de Turisme i Platges d&#8217;Alacant com a unitat responsable dels continguts d&#8217;aquest lloc web.<\/p>\n<p data-wahfont=\"16\">\n<h2 data-wahfont=\"26\"><strong>Procediment d&#8217;aplicaci\u00f3<\/strong><\/h2>\n<p data-wahfont=\"16\">Si una vegada realitzada una sol\u00b7licitud d&#8217;informaci\u00f3 accessible o queixa, aquesta ha sigut desestimada, no s&#8217;estiguera d&#8217;acord amb la decisi\u00f3 adoptada, o la resposta no complira els requisits contemplats a l&#8217;article 12.5 del RD 1112\/2018, la persona interessada podr\u00e0 iniciar una reclamaci\u00f3. Tamb\u00e9 es podr\u00e0 iniciar una reclamaci\u00f3 en cas de no haver obtingut resposta. <\/p>\n<p data-wahfont=\"16\">El procediment reclamaci\u00f3 recollit a l&#8217;article 13 del RD 1112\/2018 es pot iniciar a trav\u00e9s d&#8217;<a role=\"link\" href=\"https:\/\/sedeagpd.gob.es\/sede-electronica-web\/vistas\/formProcedimientoEntrada\/procedimientoEntradaAmpliado.jsf\" target=\"_blank\" rel=\"noopener noreferrer\" data-wahfont=\"16\">aquest enlla\u00e7<\/a>.<\/p>\n<p data-wahfont=\"16\">\n<h2 data-wahfont=\"26\"><strong>Contingut opcional<\/strong><\/h2>\n<p data-wahfont=\"16\">A m\u00e9s, i en relaci\u00f3 amb l&#8217;adaptaci\u00f3 a la normativa sobre accessibilitat, aquest lloc web:<\/p>\n<ul>\n<li>s&#8217;ha dissenyat adaptant-se als est\u00e0ndards i normatives vigents en relaci\u00f3 a l&#8217;accessibilitat, complint amb els punts de verificaci\u00f3 de prioritat 2 (AA) definits a l&#8217;especificaci\u00f3 de pautes d&#8217;accessibilitat al contingut al web (WCAG 2.1)<\/li>\n<li>est\u00e0 optimitzat per a les darreres versions vigents de Chrome, Edge, Firefox, Safari i Opera<\/li>\n<li>est\u00e0 dissenyat per a la correcta visualitzaci\u00f3 en qualsevol resoluci\u00f3 i dispositiu d&#8217;escriptori, tauletes o m\u00f2bils (disseny responsive)<\/li>\n<li>s&#8217;ha realitzat utilitzant HTML5 com a llenguatge de marcatge i fulls d&#8217;estil CSS 3 pel disseny<\/li>\n<\/ul>\n\t\t\t\t\t\t\t\t<\/div>\n\t\t\t\t<\/div>\n\t\t\t\t<\/div>\n\t\t\t\t<\/div>\n\t\t","protected":false},"excerpt":{"rendered":"<p>Declaraci\u00f3 d&#8217;accessibilitat Amb l&#8217;objectiu de complir amb el Reial Decret 1112\/2018, de 7 de setembre sobre accessibilitat dels llocs web i aplicacions per a dispositius m\u00f2bils del sector p\u00fablic (d&#8217;ara endavant, Reial Decret 1112\/2018, de 7 de setembre), el Patronat Municipal de Turisme i Platges d&#8217;Alacant ha implementat una s\u00e8rie de canvis necessaris per adaptar [&hellip;]<\/p>\n","protected":false},"author":1,"featured_media":0,"parent":0,"menu_order":0,"comment_status":"closed","ping_status":"closed","template":"","meta":{"_acf_changed":false,"footnotes":""},"class_list":["post-286174","page","type-page","status-publish","hentry"],"acf":[],"_links":{"self":[{"href":"https:\/\/alicanteturismo.com\/ca\/wp-json\/wp\/v2\/pages\/286174","targetHints":{"allow":["GET"]}}],"collection":[{"href":"https:\/\/alicanteturismo.com\/ca\/wp-json\/wp\/v2\/pages"}],"about":[{"href":"https:\/\/alicanteturismo.com\/ca\/wp-json\/wp\/v2\/types\/page"}],"author":[{"embeddable":true,"href":"https:\/\/alicanteturismo.com\/ca\/wp-json\/wp\/v2\/users\/1"}],"replies":[{"embeddable":true,"href":"https:\/\/alicanteturismo.com\/ca\/wp-json\/wp\/v2\/comments?post=286174"}],"version-history":[{"count":0,"href":"https:\/\/alicanteturismo.com\/ca\/wp-json\/wp\/v2\/pages\/286174\/revisions"}],"wp:attachment":[{"href":"https:\/\/alicanteturismo.com\/ca\/wp-json\/wp\/v2\/media?parent=286174"}],"curies":[{"name":"wp","href":"https:\/\/api.w.org\/{rel}","templated":true}]}}