{"id":286118,"date":"2024-08-19T12:45:52","date_gmt":"2024-08-19T10:45:52","guid":{"rendered":"https:\/\/dev.alicanteturismo.com\/avis-legal\/"},"modified":"2025-10-08T17:52:20","modified_gmt":"2025-10-08T15:52:20","slug":"avis-legal","status":"publish","type":"page","link":"https:\/\/alicanteturismo.com\/ca\/avis-legal\/","title":{"rendered":"Av\u00eds legal"},"content":{"rendered":"\t\t<div data-elementor-type=\"wp-page\" data-elementor-id=\"286118\" class=\"elementor elementor-286118 elementor-15130\" data-elementor-post-type=\"page\">\n\t\t\t\t<div class=\"elementor-element elementor-element-65e3680 e-con-full e-flex e-con e-parent\" data-id=\"65e3680\" data-element_type=\"container\" data-e-type=\"container\">\n\t\t\t\t<div class=\"elementor-element elementor-element-9dcfdca elementor-widget__width-inherit elementor-widget elementor-widget-heading\" data-id=\"9dcfdca\" data-element_type=\"widget\" data-e-type=\"widget\" data-widget_type=\"heading.default\">\n\t\t\t\t<div class=\"elementor-widget-container\">\n\t\t\t\t\t<h1 class=\"elementor-heading-title elementor-size-default\">Av\u00eds legal<\/h1>\t\t\t\t<\/div>\n\t\t\t\t<\/div>\n\t\t\t\t<div class=\"elementor-element elementor-element-fe00318 elementor-widget elementor-widget-text-editor\" data-id=\"fe00318\" data-element_type=\"widget\" data-e-type=\"widget\" data-widget_type=\"text-editor.default\">\n\t\t\t\t<div class=\"elementor-widget-container\">\n\t\t\t\t\t\t\t\t\t<p><strong>RESPONSABLE<\/strong>: Patronat Municipal de Turisme i Platges d&#8217;Alacant. Carrer Cervantes, 3, 1a planta, 03002 Alacant.<\/p>\n<p><strong>NIF<\/strong>: P0300035C<\/p>\n<p>Els textos, les imatges, els sons, les animacions, els v\u00eddeos i la resta de continguts inclosos en aquest lloc web s\u00f3n propietat del Patronat Municipal de Turisme i Platges d&#8217;Alacant.<\/p>\n<p data-wahfont=\"16\">Les imatges de la web no podran ser copiades ni utilitzades per tercers, amb finalitats comercials o sense, sense el consentiment expr\u00e9s i per escrit del Patronat Municipal de Turisme i Platges d&#8217;Alacant.<\/p>\n<p><\/p>\n<p data-wahfont=\"16\">Queda prohibida la transmissi\u00f3, la distribuci\u00f3, la reproducci\u00f3 o l&#8217;emmagatzematge, total o parcial, excepte si s&#8217;obt\u00e9 el consentiment previ i expr\u00e9s per escrit del Patronat Municipal de Turisme i Platges d&#8217;Alacant, i excepte quan s&#8217;indique el contrari.<\/p>\n<p><\/p>\n<p data-wahfont=\"16\">Els logotips del Patronat Municipal de Turisme i Platges d&#8217;Alacant i de les empreses del grup, aix\u00ed com els noms dels productes, s\u00f3n marques registrades.<\/p>\n<p><\/p>\n<p data-wahfont=\"16\">Aquest lloc web pot contenir enlla\u00e7os a p\u00e0gines externes sobre el contingut de les quals no es responsabilitza el Patronat Municipal de Turisme i Platges d&#8217;Alacant.<\/p>\n<p><\/p>\n<p data-wahfont=\"16\">El Patronat Municipal de Turisme i Platges d&#8217;Alacant pot modificar sense av\u00eds previ les especificacions i les fotografies dels productes, aix\u00ed com qualsevol altra informaci\u00f3 aqu\u00ed recollida, i no est\u00e0 subjecta a cap garantia de cap tipus.<\/p>\n<p><\/p>\n<p data-wahfont=\"16\">El Patronat Municipal de Turisme i Platges d&#8217;Alacant no \u00e9s responsable de qualsevol dany, directe o indirecte, que puga ocasionar l&#8217;exactitud, la veracitat o l&#8217;exhaustivitat d&#8217;aquesta informaci\u00f3, o l&#8217;\u00fas que se&#8217;n puga fer.<\/p>\n\t\t\t\t\t\t\t\t<\/div>\n\t\t\t\t<\/div>\n\t\t\t\t<\/div>\n\t\t\t\t<\/div>\n\t\t","protected":false},"excerpt":{"rendered":"<p>Av\u00eds legal RESPONSABLE: Patronat Municipal de Turisme i Platges d&#8217;Alacant. Carrer Cervantes, 3, 1a planta, 03002 Alacant. NIF: P0300035C Els textos, les imatges, els sons, les animacions, els v\u00eddeos i la resta de continguts inclosos en aquest lloc web s\u00f3n propietat del Patronat Municipal de Turisme i Platges d&#8217;Alacant. Les imatges de la web no [&hellip;]<\/p>\n","protected":false},"author":1,"featured_media":0,"parent":0,"menu_order":0,"comment_status":"closed","ping_status":"closed","template":"","meta":{"_acf_changed":false,"footnotes":""},"class_list":["post-286118","page","type-page","status-publish","hentry"],"acf":[],"_links":{"self":[{"href":"https:\/\/alicanteturismo.com\/ca\/wp-json\/wp\/v2\/pages\/286118","targetHints":{"allow":["GET"]}}],"collection":[{"href":"https:\/\/alicanteturismo.com\/ca\/wp-json\/wp\/v2\/pages"}],"about":[{"href":"https:\/\/alicanteturismo.com\/ca\/wp-json\/wp\/v2\/types\/page"}],"author":[{"embeddable":true,"href":"https:\/\/alicanteturismo.com\/ca\/wp-json\/wp\/v2\/users\/1"}],"replies":[{"embeddable":true,"href":"https:\/\/alicanteturismo.com\/ca\/wp-json\/wp\/v2\/comments?post=286118"}],"version-history":[{"count":0,"href":"https:\/\/alicanteturismo.com\/ca\/wp-json\/wp\/v2\/pages\/286118\/revisions"}],"wp:attachment":[{"href":"https:\/\/alicanteturismo.com\/ca\/wp-json\/wp\/v2\/media?parent=286118"}],"curies":[{"name":"wp","href":"https:\/\/api.w.org\/{rel}","templated":true}]}}